{"id":89067,"date":"2024-09-26T08:03:04","date_gmt":"2024-09-26T13:03:04","guid":{"rendered":"https:\/\/www.dacgroup.com\/?page_id=89067"},"modified":"2024-09-26T08:03:05","modified_gmt":"2024-09-26T13:03:05","slug":"reglement-des-normes-daccessibilite-integrees-aoda-politique-des-normes-dinformation-et-de-communication","status":"publish","type":"page","link":"https:\/\/www.dacgroup.com\/fr\/reglement-des-normes-daccessibilite-integrees-aoda-politique-des-normes-dinformation-et-de-communication\/","title":{"rendered":"R\u00e8glement des normes d\u2019accessibilit\u00e9 int\u00e9gr\u00e9es AODA \u2013 Politique des normes d\u2019information et de communication"},"content":{"rendered":"\n<section id=\"navigation-breadcrumb\" class=\"container mt-5 mb-3\">\n    \n                            <a href=\"https:\/\/www.dacgroup.com\/\/\">\n                    DAC                <\/a>\n\n                <span class=\"px-2\">\n                    <svg version=\"1.1\" id=\"Layer_1\" xmlns=\"http:\/\/www.w3.org\/2000\/svg\"\n                         xmlns:xlink=\"http:\/\/www.w3.org\/1999\/xlink\" x=\"0px\" y=\"0px\" viewBox=\"0 0 6.8 11.4\"\n                         style=\"enable-background:new 0 0 6.8 11.4;width: 15px;padding: 0px 5px;\" xml:space=\"preserve\"\n                         tabindex=\"-1\">\n                        <g tabindex=\"-1\">\n                            <g tabindex=\"-1\">\n                                <polygon points=\"0.3,1.4 4.6,5.7 0.3,10 1.4,11.1 6.8,5.7 1.4,0.3 \t\t\" tabindex=\"-1\"><\/polygon>\n                            <\/g>\n                            <path d=\"M0.2,10.1l2.4-2.4c0.3-0.3,0.8-0.3,1.1,0l0,0C4,8,4,8.5,3.7,8.8l-2.4,2.4c-0.3,0.3-0.8,0.3-1.1,0l0,0\n                                C0,10.9,0,10.4,0.2,10.1z\" tabindex=\"-1\"><\/path>\n                            <path d=\"M3.7,2.6L1.3,0.2C1-0.1,0.5-0.1,0.2,0.2l0,0c-0.3,0.3-0.3,0.8,0,1.1l2.4,2.4C2.9,4,3.4,4,3.7,3.7l0,0C4,3.4,4,2.9,3.7,2.6z\n                                \" tabindex=\"-1\"><\/path>\n                        <\/g>\n                    <\/svg>\n                <\/span>\n            \n        \n                            <a href=\"https:\/\/www.dacgroup.com\/fr\/accessibilite\/\">\n                    Accessibilit\u00e9                <\/a>\n\n                <span class=\"px-2\">\n                    <svg version=\"1.1\" id=\"Layer_1\" xmlns=\"http:\/\/www.w3.org\/2000\/svg\"\n                         xmlns:xlink=\"http:\/\/www.w3.org\/1999\/xlink\" x=\"0px\" y=\"0px\" viewBox=\"0 0 6.8 11.4\"\n                         style=\"enable-background:new 0 0 6.8 11.4;width: 15px;padding: 0px 5px;\" xml:space=\"preserve\"\n                         tabindex=\"-1\">\n                        <g tabindex=\"-1\">\n                            <g tabindex=\"-1\">\n                                <polygon points=\"0.3,1.4 4.6,5.7 0.3,10 1.4,11.1 6.8,5.7 1.4,0.3 \t\t\" tabindex=\"-1\"><\/polygon>\n                            <\/g>\n                            <path d=\"M0.2,10.1l2.4-2.4c0.3-0.3,0.8-0.3,1.1,0l0,0C4,8,4,8.5,3.7,8.8l-2.4,2.4c-0.3,0.3-0.8,0.3-1.1,0l0,0\n                                C0,10.9,0,10.4,0.2,10.1z\" tabindex=\"-1\"><\/path>\n                            <path d=\"M3.7,2.6L1.3,0.2C1-0.1,0.5-0.1,0.2,0.2l0,0c-0.3,0.3-0.3,0.8,0,1.1l2.4,2.4C2.9,4,3.4,4,3.7,3.7l0,0C4,3.4,4,2.9,3.7,2.6z\n                                \" tabindex=\"-1\"><\/path>\n                        <\/g>\n                    <\/svg>\n                <\/span>\n            \n        \n                            <p>\n                    R\u00e9glementation sur les normes d\u2019accessibilit\u00e9                <\/p>\n            \n        \n<\/section>\n\n\n\n<section id=\"title-accordion\" class=\"container\">\n\n    <h3> R\u00e8glement des normes d&#8217;accessibilit\u00e9 int\u00e9gr\u00e9es AODA \u2013 Politique des normes d&#8217;information et de communication<\/h3>\n\n    <div>\n        <div class=\"accordion services-loop accordion-container\">\n                                <div class=\"accordion-item\">\n                        <h3 class=\"accordion-header\" id=\"heading-1\" data-role=\"accordion-item-header\">\n                            <button class=\"accordion-button ps-0 collapsed\" type=\"button\" data-bs-toggle=\"collapse\" data-bs-target=\"#collapse-1\" aria-expanded=\"false\" aria-controls=\"collapse-1\">\n                                Politique de confidentialite                            <\/button>\n                        <\/h3>\n                        <div id=\"collapse-1\" class=\"accordion-collapse collapse\" aria-labelledby=\"heading-1\" data-bs-parent=\"#services-home-accordion\">\n                            <div class=\"accordion-body\">\n                                <div class=\"panel-body\">\r\n      <h2>Objectif<\/h2>\r\n<p>La pr\u00e9sente politique a pour objectif de respecter les normes <em>d\u2019accessibilit\u00e9 int\u00e9gr\u00e9es, R\u00e8glement de l\u2019Ontario 191\/11<\/em> des normes de l\u2019information et communications \u00e9nonc\u00e9es en vertu de la Loi de 2005 sur <em>l\u2019accessibilit\u00e9 pour les personnes handicap\u00e9es de l\u2019Ontario<\/em>. La pr\u00e9sente politique s\u2019applique \u00e0 la mani\u00e8re dont DAC Group communique avec le public dans la province de l\u2019Ontario.<\/p>\r\n<h2>D\u00e9finitions<\/h2>\r\n<p><strong>Formats accessibles<\/strong> \u2013 les formats accessibles peuvent inclure les gros caract\u00e8res, les formats audio et \u00e9lectroniques enregistr\u00e9s, le braille et les autres formats destin\u00e9s aux personnes handicap\u00e9es.<\/p>\r\n<p><strong>Aides \u00e0 la communication<\/strong> \u2013 ces aides peuvent inclure l\u2019ajout de sous-titres, des supports de communication, un langage clair, un interpr\u00e8te gestuel et autres aides qui facilitent une communication efficace.<\/p>\r\n<p><strong>Formats pr\u00eats \u00e0 \u00eatre convertis<\/strong> \u2013 des formats \u00e9lectroniques ou num\u00e9riques qui facilitent la conversion dans un format acceptable. Informations \u2013 comprend des donn\u00e9es, faits et connaissances qui existent dans divers formats, y compris texte, enregistrements audio, format num\u00e9rique ou des images, et qui ont une signification.<\/p>\r\n<p><strong>Site web<\/strong> \u2013 &nbsp;un ensemble de pages Web, images, vid\u00e9os ou autres biens num\u00e9riques hyperli\u00e9s entre eux et mis en ligne sur un m\u00eame identificateur de ressource uniforme (URI) accessible au public.<\/p>\r\n<p><strong>R\u00e8gles pour l\u2019accessibilit\u00e9 des contenus Web<\/strong> \u2013 r\u00e9f\u00e8re \u00e0 la recommandation du Consortium World Wide Web en date de d\u00e9cembre 2008 et intitul\u00e9e \u00ab R\u00e8gles pour l\u2019accessibilit\u00e9 des contenus Web (WCAG) 2.0 \u00bb.<\/p>\r\n<h2>Principes g\u00e9n\u00e9raux<\/h2>\r\n<p>En conformit\u00e9 avec les normes<em> d\u2019accessibilit\u00e9 int\u00e9gr\u00e9es, R\u00e8glement de l\u2019Ontario 191\/11<\/em>, la pr\u00e9sente politique traite des aspects suivants :<\/p>\r\n<ol type=\"A\">\r\n<li>Formats accessibles et aides \u00e0 la communication<\/li>\r\n<li>Sites web et contenu web accessibles<\/li>\r\n<li>Proc\u00e9dures en cas d\u2019urgence, plans ou information sur la s\u00e9curit\u00e9 publique<\/li>\r\n<li>Exceptions<\/li>\r\n<li>Avis des clients<\/li>\r\n<\/ol>\r\n<h2>A. Formats accessibles et supports de communication<\/h2>\r\n<p>\u00c0 partir du 1er janvier 2016, DAC Group fournira ou veillera \u00e0 la disposition des formats accessibles et supports de communication sur demande, pour les personnes handicap\u00e9es le plus rapidement possible et sans co\u00fbt suppl\u00e9mentaire pour l\u2019individu. DAC Group prendra en compte les besoins d\u2019accessibilit\u00e9 de la personne lors de la personnalisation des demandes individuelles.<\/p>\r\n<h2>B. Accessibilit\u00e9 du contenu et du site web<\/h2>\r\n<p>\u00c0 partir du 1er janvier 2021, le site et le contenu Web de DAC Group seront conformes aux r\u00e8gles sur l\u2019accessibilit\u00e9 du contenu Web (WCAG) 2.0 au niveau AA. Le contenu web comprend toutes les informations qui r\u00e9sident sur un site web.<\/p>\r\n<h2>C. Proc\u00e9dures d\u2019urgence, plans ou informations sur la s\u00e9curit\u00e9 publique<\/h2>\r\n<p>Si DAC Group pr\u00e9pare des proc\u00e9dures ou plans d\u2019urgence ou des informations sur la s\u00e9curit\u00e9 publique et les met \u00e0 la disposition du public, elle les fournira sur demande dans un format accessible ou avec l\u2019aide de supports de communication appropri\u00e9s, et ce, d\u00e8s que mat\u00e9riellement possible.<\/p>\r\n<h2>D. Exceptions<\/h2>\r\n<p>Les normes <em>d\u2019information et de communications<\/em> ne s\u2019appliquent pas aux produits et aux \u00e9tiquettes de produits ; \u00e0 l\u2019information ou aux communications qui ne peuvent \u00eatre converties et \u00e0 l\u2019information que DAC Group contr\u00f4le directement ou indirectement par le biais d\u2019une relation contractuelle. S\u2019il est \u00e9tabli par DAC Group que l\u2019information ou les communications ne peuvent \u00eatre converties, DAC Group devra fournir ce qui suit \u00e0 la personne faisant la demande :<\/p>\r\n<ol>\r\n<li>Une explication d\u00e9taillant les raisons pour lesquelles elles ne peuvent \u00eatre converties ;<\/li>\r\n<li>Un r\u00e9sum\u00e9 de l\u2019information ou des communications qui ne peuvent \u00eatre converties.<\/li>\r\n<li>L\u2019information est consid\u00e9r\u00e9e comme \u00e9tant inconvertible s\u2019il est techniquement pas r\u00e9alisable de convertir l\u2019information ou les communications ; ou si la technologie pour convertir l\u2019information n\u2019est pas facilement accessible.<\/li>\r\n<\/ol>\r\n<h2>E. Processus d\u2019avis clients<\/h2>\r\n<p>\u00c0 partir du 1er janvier 2015, DAC Group veillera \u00e0 ce que les processus d\u2019avis clients soient accessibles aux personnes handicap\u00e9es en fournissant sur demande des formats accessibles et des supports de communication. DAC Group notifiera le public sur la disponibilit\u00e9 de ces formats accessibles.<\/p>\r\n<p><a class=\"btn\" href=\"\/fr\/accessibilite\/\">RETOUR<\/a><\/p>\r\n      <\/div>                            <\/div>\n                        <\/div>\n                    <\/div>\n                        <\/div>\n    <\/div>\n\n<\/section>\n\n","protected":false},"excerpt":{"rendered":"","protected":false},"author":11,"featured_media":0,"parent":0,"menu_order":0,"comment_status":"closed","ping_status":"closed","template":"page-templates\/page-dac-gutenberg.php","meta":{"content-type":"","footnotes":""},"class_list":["post-89067","page","type-page","status-publish","hentry"],"acf":[],"yoast_head":"<!-- This site is optimized with the Yoast SEO plugin v23.7 - https:\/\/yoast.com\/wordpress\/plugins\/seo\/ -->\n<title>R\u00e8glement des normes d&#039;accessibilit\u00e9 int\u00e9gr\u00e9es AODA \u2013 Politique des normes d&#039;information et de communication | DAC<\/title>\n<meta name=\"robots\" content=\"index, follow, max-snippet:-1, max-image-preview:large, max-video-preview:-1\" \/>\n<link rel=\"canonical\" href=\"https:\/\/www.dacgroup.com\/fr\/reglement-des-normes-daccessibilite-integrees-aoda-politique-des-normes-dinformation-et-de-communication\/\" \/>\n<meta property=\"og:locale\" content=\"fr_FR\" \/>\n<meta property=\"og:type\" content=\"article\" \/>\n<meta property=\"og:title\" content=\"R\u00e8glement des normes d&#039;accessibilit\u00e9 int\u00e9gr\u00e9es AODA \u2013 Politique des normes d&#039;information et de communication | DAC\" \/>\n<meta property=\"og:url\" content=\"https:\/\/www.dacgroup.com\/fr\/reglement-des-normes-daccessibilite-integrees-aoda-politique-des-normes-dinformation-et-de-communication\/\" \/>\n<meta property=\"og:site_name\" content=\"DAC\" \/>\n<meta property=\"article:publisher\" content=\"https:\/\/www.facebook.com\/DACGroup\" \/>\n<meta property=\"article:modified_time\" content=\"2024-09-26T13:03:05+00:00\" \/>\n<meta name=\"twitter:card\" content=\"summary_large_image\" \/>\n<meta name=\"twitter:image\" content=\"https:\/\/www.dacgroup.com\/wp-content\/uploads\/2024\/09\/DAC-logo.svg\" \/>\n<meta name=\"twitter:site\" content=\"@DAC_group\" \/>\n<script type=\"application\/ld+json\" class=\"yoast-schema-graph\">{\"@context\":\"https:\/\/schema.org\",\"@graph\":[{\"@type\":\"WebPage\",\"@id\":\"https:\/\/www.dacgroup.com\/fr\/reglement-des-normes-daccessibilite-integrees-aoda-politique-des-normes-dinformation-et-de-communication\/\",\"url\":\"https:\/\/www.dacgroup.com\/fr\/reglement-des-normes-daccessibilite-integrees-aoda-politique-des-normes-dinformation-et-de-communication\/\",\"name\":\"R\u00e8glement des normes d'accessibilit\u00e9 int\u00e9gr\u00e9es AODA \u2013 Politique des normes d'information et de communication | DAC\",\"isPartOf\":{\"@id\":\"https:\/\/www.dacgroup.com\/fr\/#website\"},\"datePublished\":\"2024-09-26T13:03:04+00:00\",\"dateModified\":\"2024-09-26T13:03:05+00:00\",\"breadcrumb\":{\"@id\":\"https:\/\/www.dacgroup.com\/fr\/reglement-des-normes-daccessibilite-integrees-aoda-politique-des-normes-dinformation-et-de-communication\/#breadcrumb\"},\"inLanguage\":\"fr-FR\",\"potentialAction\":[{\"@type\":\"ReadAction\",\"target\":[\"https:\/\/www.dacgroup.com\/fr\/reglement-des-normes-daccessibilite-integrees-aoda-politique-des-normes-dinformation-et-de-communication\/\"]}]},{\"@type\":\"BreadcrumbList\",\"@id\":\"https:\/\/www.dacgroup.com\/fr\/reglement-des-normes-daccessibilite-integrees-aoda-politique-des-normes-dinformation-et-de-communication\/#breadcrumb\",\"itemListElement\":[{\"@type\":\"ListItem\",\"position\":1,\"name\":\"Home\",\"item\":\"https:\/\/www.dacgroup.com\/fr\/\"},{\"@type\":\"ListItem\",\"position\":2,\"name\":\"R\u00e8glement des normes d\u2019accessibilit\u00e9 int\u00e9gr\u00e9es AODA \u2013 Politique des normes d\u2019information et de communication\"}]},{\"@type\":\"WebSite\",\"@id\":\"https:\/\/www.dacgroup.com\/fr\/#website\",\"url\":\"https:\/\/www.dacgroup.com\/fr\/\",\"name\":\"DAC group\",\"description\":\"DAC\",\"publisher\":{\"@id\":\"https:\/\/www.dacgroup.com\/fr\/#organization\"},\"potentialAction\":[{\"@type\":\"SearchAction\",\"target\":{\"@type\":\"EntryPoint\",\"urlTemplate\":\"https:\/\/www.dacgroup.com\/fr\/?s={search_term_string}\"},\"query-input\":{\"@type\":\"PropertyValueSpecification\",\"valueRequired\":true,\"valueName\":\"search_term_string\"}}],\"inLanguage\":\"fr-FR\"},{\"@type\":\"Organization\",\"@id\":\"https:\/\/www.dacgroup.com\/fr\/#organization\",\"name\":\"DAC group\",\"alternateName\":\"DAC\",\"url\":\"https:\/\/www.dacgroup.com\/fr\/\",\"logo\":{\"@type\":\"ImageObject\",\"inLanguage\":\"fr-FR\",\"@id\":\"https:\/\/www.dacgroup.com\/fr\/#\/schema\/logo\/image\/\",\"url\":\"https:\/\/www.dacgroup.com\/wp-content\/uploads\/2024\/09\/DAC-logo.svg\",\"contentUrl\":\"https:\/\/www.dacgroup.com\/wp-content\/uploads\/2024\/09\/DAC-logo.svg\",\"caption\":\"DAC group\"},\"image\":{\"@id\":\"https:\/\/www.dacgroup.com\/fr\/#\/schema\/logo\/image\/\"},\"sameAs\":[\"https:\/\/www.facebook.com\/DACGroup\",\"https:\/\/x.com\/DAC_group\",\"https:\/\/www.linkedin.com\/company\/dac-group\/\",\"https:\/\/www.instagram.com\/dac_group\/\",\"https:\/\/www.youtube.com\/user\/DACgroup1976\"]}]}<\/script>\n<!-- \/ Yoast SEO plugin. -->","yoast_head_json":{"title":"R\u00e8glement des normes d'accessibilit\u00e9 int\u00e9gr\u00e9es AODA \u2013 Politique des normes d'information et de communication | DAC","robots":{"index":"index","follow":"follow","max-snippet":"max-snippet:-1","max-image-preview":"max-image-preview:large","max-video-preview":"max-video-preview:-1"},"canonical":"https:\/\/www.dacgroup.com\/fr\/reglement-des-normes-daccessibilite-integrees-aoda-politique-des-normes-dinformation-et-de-communication\/","og_locale":"fr_FR","og_type":"article","og_title":"R\u00e8glement des normes d'accessibilit\u00e9 int\u00e9gr\u00e9es AODA \u2013 Politique des normes d'information et de communication | DAC","og_url":"https:\/\/www.dacgroup.com\/fr\/reglement-des-normes-daccessibilite-integrees-aoda-politique-des-normes-dinformation-et-de-communication\/","og_site_name":"DAC","article_publisher":"https:\/\/www.facebook.com\/DACGroup","article_modified_time":"2024-09-26T13:03:05+00:00","twitter_card":"summary_large_image","twitter_image":"https:\/\/www.dacgroup.com\/wp-content\/uploads\/2024\/09\/DAC-logo.svg","twitter_site":"@DAC_group","schema":{"@context":"https:\/\/schema.org","@graph":[{"@type":"WebPage","@id":"https:\/\/www.dacgroup.com\/fr\/reglement-des-normes-daccessibilite-integrees-aoda-politique-des-normes-dinformation-et-de-communication\/","url":"https:\/\/www.dacgroup.com\/fr\/reglement-des-normes-daccessibilite-integrees-aoda-politique-des-normes-dinformation-et-de-communication\/","name":"R\u00e8glement des normes d'accessibilit\u00e9 int\u00e9gr\u00e9es AODA \u2013 Politique des normes d'information et de communication | DAC","isPartOf":{"@id":"https:\/\/www.dacgroup.com\/fr\/#website"},"datePublished":"2024-09-26T13:03:04+00:00","dateModified":"2024-09-26T13:03:05+00:00","breadcrumb":{"@id":"https:\/\/www.dacgroup.com\/fr\/reglement-des-normes-daccessibilite-integrees-aoda-politique-des-normes-dinformation-et-de-communication\/#breadcrumb"},"inLanguage":"fr-FR","potentialAction":[{"@type":"ReadAction","target":["https:\/\/www.dacgroup.com\/fr\/reglement-des-normes-daccessibilite-integrees-aoda-politique-des-normes-dinformation-et-de-communication\/"]}]},{"@type":"BreadcrumbList","@id":"https:\/\/www.dacgroup.com\/fr\/reglement-des-normes-daccessibilite-integrees-aoda-politique-des-normes-dinformation-et-de-communication\/#breadcrumb","itemListElement":[{"@type":"ListItem","position":1,"name":"Home","item":"https:\/\/www.dacgroup.com\/fr\/"},{"@type":"ListItem","position":2,"name":"R\u00e8glement des normes d\u2019accessibilit\u00e9 int\u00e9gr\u00e9es AODA \u2013 Politique des normes d\u2019information et de communication"}]},{"@type":"WebSite","@id":"https:\/\/www.dacgroup.com\/fr\/#website","url":"https:\/\/www.dacgroup.com\/fr\/","name":"DAC group","description":"DAC","publisher":{"@id":"https:\/\/www.dacgroup.com\/fr\/#organization"},"potentialAction":[{"@type":"SearchAction","target":{"@type":"EntryPoint","urlTemplate":"https:\/\/www.dacgroup.com\/fr\/?s={search_term_string}"},"query-input":{"@type":"PropertyValueSpecification","valueRequired":true,"valueName":"search_term_string"}}],"inLanguage":"fr-FR"},{"@type":"Organization","@id":"https:\/\/www.dacgroup.com\/fr\/#organization","name":"DAC group","alternateName":"DAC","url":"https:\/\/www.dacgroup.com\/fr\/","logo":{"@type":"ImageObject","inLanguage":"fr-FR","@id":"https:\/\/www.dacgroup.com\/fr\/#\/schema\/logo\/image\/","url":"https:\/\/www.dacgroup.com\/wp-content\/uploads\/2024\/09\/DAC-logo.svg","contentUrl":"https:\/\/www.dacgroup.com\/wp-content\/uploads\/2024\/09\/DAC-logo.svg","caption":"DAC group"},"image":{"@id":"https:\/\/www.dacgroup.com\/fr\/#\/schema\/logo\/image\/"},"sameAs":["https:\/\/www.facebook.com\/DACGroup","https:\/\/x.com\/DAC_group","https:\/\/www.linkedin.com\/company\/dac-group\/","https:\/\/www.instagram.com\/dac_group\/","https:\/\/www.youtube.com\/user\/DACgroup1976"]}]}},"_links":{"self":[{"href":"https:\/\/www.dacgroup.com\/fr\/wp-json\/wp\/v2\/pages\/89067","targetHints":{"allow":["GET"]}}],"collection":[{"href":"https:\/\/www.dacgroup.com\/fr\/wp-json\/wp\/v2\/pages"}],"about":[{"href":"https:\/\/www.dacgroup.com\/fr\/wp-json\/wp\/v2\/types\/page"}],"author":[{"embeddable":true,"href":"https:\/\/www.dacgroup.com\/fr\/wp-json\/wp\/v2\/users\/11"}],"replies":[{"embeddable":true,"href":"https:\/\/www.dacgroup.com\/fr\/wp-json\/wp\/v2\/comments?post=89067"}],"version-history":[{"count":0,"href":"https:\/\/www.dacgroup.com\/fr\/wp-json\/wp\/v2\/pages\/89067\/revisions"}],"wp:attachment":[{"href":"https:\/\/www.dacgroup.com\/fr\/wp-json\/wp\/v2\/media?parent=89067"}],"curies":[{"name":"wp","href":"https:\/\/api.w.org\/{rel}","templated":true}]}}