{"id":7597,"date":"2024-09-02T15:40:10","date_gmt":"2024-09-02T20:40:10","guid":{"rendered":"https:\/\/www.dacgroup.com\/?page_id=7597"},"modified":"2024-09-26T08:44:14","modified_gmt":"2024-09-26T13:44:14","slug":"plan-pluriannuel-daccessibilite","status":"publish","type":"page","link":"https:\/\/www.dacgroup.com\/fr\/plan-pluriannuel-daccessibilite\/","title":{"rendered":"Plan pluriannuel d\u2019accessibilit\u00e9"},"content":{"rendered":"\n<section id=\"navigation-breadcrumb\" class=\"container mt-5 mb-3\">\n    \n                            <a href=\"https:\/\/www.dacgroup.com\/\/\">\n                    DAC                <\/a>\n\n                <span class=\"px-2\">\n                    <svg version=\"1.1\" id=\"Layer_1\" xmlns=\"http:\/\/www.w3.org\/2000\/svg\"\n                         xmlns:xlink=\"http:\/\/www.w3.org\/1999\/xlink\" x=\"0px\" y=\"0px\" viewBox=\"0 0 6.8 11.4\"\n                         style=\"enable-background:new 0 0 6.8 11.4;width: 15px;padding: 0px 5px;\" xml:space=\"preserve\"\n                         tabindex=\"-1\">\n                        <g tabindex=\"-1\">\n                            <g tabindex=\"-1\">\n                                <polygon points=\"0.3,1.4 4.6,5.7 0.3,10 1.4,11.1 6.8,5.7 1.4,0.3 \t\t\" tabindex=\"-1\"><\/polygon>\n                            <\/g>\n                            <path d=\"M0.2,10.1l2.4-2.4c0.3-0.3,0.8-0.3,1.1,0l0,0C4,8,4,8.5,3.7,8.8l-2.4,2.4c-0.3,0.3-0.8,0.3-1.1,0l0,0\n                                C0,10.9,0,10.4,0.2,10.1z\" tabindex=\"-1\"><\/path>\n                            <path d=\"M3.7,2.6L1.3,0.2C1-0.1,0.5-0.1,0.2,0.2l0,0c-0.3,0.3-0.3,0.8,0,1.1l2.4,2.4C2.9,4,3.4,4,3.7,3.7l0,0C4,3.4,4,2.9,3.7,2.6z\n                                \" tabindex=\"-1\"><\/path>\n                        <\/g>\n                    <\/svg>\n                <\/span>\n            \n        \n                            <a href=\"https:\/\/www.dacgroup.com\/fr\/accessibilite\/\">\n                    Accessibilit\u00e9                <\/a>\n\n                <span class=\"px-2\">\n                    <svg version=\"1.1\" id=\"Layer_1\" xmlns=\"http:\/\/www.w3.org\/2000\/svg\"\n                         xmlns:xlink=\"http:\/\/www.w3.org\/1999\/xlink\" x=\"0px\" y=\"0px\" viewBox=\"0 0 6.8 11.4\"\n                         style=\"enable-background:new 0 0 6.8 11.4;width: 15px;padding: 0px 5px;\" xml:space=\"preserve\"\n                         tabindex=\"-1\">\n                        <g tabindex=\"-1\">\n                            <g tabindex=\"-1\">\n                                <polygon points=\"0.3,1.4 4.6,5.7 0.3,10 1.4,11.1 6.8,5.7 1.4,0.3 \t\t\" tabindex=\"-1\"><\/polygon>\n                            <\/g>\n                            <path d=\"M0.2,10.1l2.4-2.4c0.3-0.3,0.8-0.3,1.1,0l0,0C4,8,4,8.5,3.7,8.8l-2.4,2.4c-0.3,0.3-0.8,0.3-1.1,0l0,0\n                                C0,10.9,0,10.4,0.2,10.1z\" tabindex=\"-1\"><\/path>\n                            <path d=\"M3.7,2.6L1.3,0.2C1-0.1,0.5-0.1,0.2,0.2l0,0c-0.3,0.3-0.3,0.8,0,1.1l2.4,2.4C2.9,4,3.4,4,3.7,3.7l0,0C4,3.4,4,2.9,3.7,2.6z\n                                \" tabindex=\"-1\"><\/path>\n                        <\/g>\n                    <\/svg>\n                <\/span>\n            \n        \n                            <p>\n                    Plan pluriannuel d&#039;accessibilit\u00e9                <\/p>\n            \n        \n<\/section>\n\n\n\n\n\n<section id=\"title-accordion\" class=\"container\">\n\n    <h3> Plan d&#8217;accessibilit\u00e9 pluriannuel<\/h3>\n\n    <div>\n        <div class=\"accordion services-loop accordion-container\">\n                                <div class=\"accordion-item\">\n                        <h3 class=\"accordion-header\" id=\"heading-1\" data-role=\"accordion-item-header\">\n                            <button class=\"accordion-button ps-0 collapsed\" type=\"button\" data-bs-toggle=\"collapse\" data-bs-target=\"#collapse-1\" aria-expanded=\"false\" aria-controls=\"collapse-1\">\n                                Politique de confidentialit\u00e9                            <\/button>\n                        <\/h3>\n                        <div id=\"collapse-1\" class=\"accordion-collapse collapse\" aria-labelledby=\"heading-1\" data-bs-parent=\"#services-home-accordion\">\n                            <div class=\"accordion-body\">\n                                <div class=\"panel-body\">\r\n      <h2>Dispositions g\u00e9n\u00e9rales<\/h2>\r\n<p><strong>\u00c9tablir une politique et un plan d&#8217;accessibilit\u00e9 pluriannuel pour les normes d&#8217;accessibilit\u00e9 int\u00e9gr\u00e9es (IASR) <\/strong><br> Cr\u00e9er une politique IASR \u00e9crite avec une d\u00e9claration d&#8217;engagement organisationnel ; cr\u00e9er un plan d&#8217;accessibilit\u00e9 pluriannuel ; examen et approbation de la politique et du plan par la haute direction ; mettre la politique \u00e0 la disposition du public ; achever le processus d&#8217;approbation de l&#8217;AODA ; mettre \u00e0 disposition des formats alternatifs, sur demande ;<br> Date d&#8217;ach\u00e8vement : 2013<\/p>\r\n<p><strong>Examiner et mettre \u00e0 jour la politique de l&#8217;IASR et le plan d&#8217;accessibilit\u00e9 pluriannuel, le cas \u00e9ch\u00e9ant <\/strong><br> Date d&#8217;ach\u00e8vement : 2013, 2018<\/p>\r\n<p><strong>Formation au service \u00e0 la client\u00e8le pour les associ\u00e9s<\/strong><br> D\u00e9velopper et former les associ\u00e9s en contact avec la client\u00e8le \u00e0 la formation au service \u00e0 la client\u00e8le &#8220;How May I Help You&#8221; ; revoir et mettre \u00e0 jour la formation chaque ann\u00e9e ; v\u00e9rifier la conformit\u00e9 de la formation deux fois par an pour s&#8217;assurer qu&#8217;elle est termin\u00e9e et qu&#8217;elle fait l&#8217;objet d&#8217;un suivi appropri\u00e9 ;<br> Date d&#8217;ach\u00e8vement : 2013, 2014, 2015, 2016, 2017, 2018<\/p>\r\n<p><strong>Formation IASR<\/strong><br> D\u00e9velopper, dispenser et suivre la formation de tous les employ\u00e9s, b\u00e9n\u00e9voles et ceux qui \u00e9laborent les politiques de l&#8217;entreprise, sur les exigences des normes d&#8217;accessibilit\u00e9 mentionn\u00e9es dans la r\u00e9glementation et sur le Code des droits de l&#8217;homme en ce qui concerne les personnes handicap\u00e9es.<br> Date d&#8217;ach\u00e8vement : 2014<\/p>\r\n<h2>Norme d&#8217;information et de communication<\/h2>\r\n<p><strong>Informations accessibles en cas d&#8217;urgence<\/strong><br> Fournir aux employ\u00e9s handicap\u00e9s des informations individualis\u00e9es sur les mesures d&#8217;urgence lorsqu&#8217;ils en font la demande ;<br> Date d&#8217;ach\u00e8vement : 2013, 2014, 2015, 2016, 2017, 2018<\/p>\r\n<p><strong>\u00c9tablir un processus de retour d&#8217;information, des formats accessibles et des supports de communication ;<\/strong><br>  D&#8217;ici au 1er janvier 2015, l&#8217;entreprise veillera \u00e0 ce que les processus existants et nouveaux de r\u00e9ception et de r\u00e9ponse aux commentaires soient accessibles aux personnes handicap\u00e9es en fournissant ou en faisant en sorte de fournir des formats accessibles et des supports de communication sur demande ; les membres du public seront inform\u00e9s de la disponibilit\u00e9 de formats accessibles et de supports de communication ; d&#8217;ici au 1er janvier 2016, l&#8217;entreprise veillera \u00e0 ce que les demandes de formats accessibles et de supports de communication soient trait\u00e9es en temps utile et \u00e0 ce que les besoins d&#8217;accessibilit\u00e9 de la personne soient pris en compte ; elle consultera la personne pour d\u00e9terminer la pertinence du format accessible ; le co\u00fbt pour la personne ne sera pas sup\u00e9rieur aux co\u00fbts habituels factur\u00e9s \u00e0 d&#8217;autres personnes ;<br>  Date d&#8217;ach\u00e8vement : 2014, 2015<\/p>\r\n<p>Le <strong>site web de l&#8217;entreprise et son contenu sont conformes aux lignes directrices en mati\u00e8re d&#8217;accessibilit\u00e9<\/strong><br> Examiner les caract\u00e9ristiques d&#8217;accessibilit\u00e9 du site web actuel ; se conformer \u00e0 la version 2.0 du WCAG, niveau A ; la conformit\u00e9 \u00e0 la loi sur l&#8217;accessibilit\u00e9 pour les personnes handicap\u00e9es de l&#8217;Ontario sera l&#8217;un des crit\u00e8res de s\u00e9lection des fournisseurs de technologie pour les initiatives de d\u00e9veloppement de nouveaux sites web ;<br> Date d&#8217;ach\u00e8vement : 2013<\/p>\r\n<h2>Normes d&#8217;emploi<\/h2>\r\n<p><strong>\u00c9laborer et documenter des plans d&#8217;am\u00e9nagement individuels pour les associ\u00e9s handicap\u00e9s ;<\/strong><br> Veiller \u00e0 ce que les associ\u00e9s disposant d&#8217;un plan d&#8217;am\u00e9nagement disposent \u00e9galement d&#8217;informations sur les mesures d&#8217;urgence, le cas \u00e9ch\u00e9ant ;<br> Date d&#8217;ach\u00e8vement : 2015, 2016, 2017, 2018<\/p>\r\n<p><strong>Informer tous les associ\u00e9s actuels et nouveaux des politiques mises en \u0153uvre pour soutenir les personnes handicap\u00e9es.<\/strong><br>  Communication \u00e0 envoyer aux associ\u00e9s pour les informer des politiques de soutien aux associ\u00e9s handicap\u00e9s.<br>  Date d&#8217;ach\u00e8vement : 2015, 2016, 2017, 2018<\/p>\r\n<p><a href=\"\/fr\/laccessibilite\/\" class=\"btn\">RETOUR<\/a><\/p>\r\n      <\/div>                            <\/div>\n                        <\/div>\n                    <\/div>\n                        <\/div>\n    <\/div>\n\n<\/section>\n\n","protected":false},"excerpt":{"rendered":"","protected":false},"author":13,"featured_media":0,"parent":0,"menu_order":0,"comment_status":"closed","ping_status":"closed","template":"page-templates\/page-dac-gutenberg.php","meta":{"content-type":"","footnotes":""},"class_list":["post-7597","page","type-page","status-publish","hentry"],"acf":[],"yoast_head":"<!-- This site is optimized with the Yoast SEO plugin v23.7 - https:\/\/yoast.com\/wordpress\/plugins\/seo\/ -->\n<title>Plan pluriannuel d&#039;accessibilit\u00e9 | DAC<\/title>\n<meta name=\"robots\" content=\"index, follow, max-snippet:-1, max-image-preview:large, max-video-preview:-1\" \/>\n<link rel=\"canonical\" href=\"https:\/\/www.dacgroup.com\/fr\/plan-pluriannuel-daccessibilite\/\" \/>\n<meta property=\"og:locale\" content=\"fr_FR\" \/>\n<meta property=\"og:type\" content=\"article\" \/>\n<meta property=\"og:title\" content=\"Plan pluriannuel d&#039;accessibilit\u00e9 | DAC\" \/>\n<meta property=\"og:url\" content=\"https:\/\/www.dacgroup.com\/fr\/plan-pluriannuel-daccessibilite\/\" \/>\n<meta property=\"og:site_name\" content=\"DAC\" \/>\n<meta property=\"article:publisher\" content=\"https:\/\/www.facebook.com\/DACGroup\" \/>\n<meta property=\"article:modified_time\" content=\"2024-09-26T13:44:14+00:00\" \/>\n<meta name=\"twitter:card\" content=\"summary_large_image\" \/>\n<meta name=\"twitter:image\" content=\"https:\/\/www.dacgroup.com\/wp-content\/uploads\/2024\/09\/DAC-logo.svg\" \/>\n<meta name=\"twitter:site\" content=\"@DAC_group\" \/>\n<script type=\"application\/ld+json\" class=\"yoast-schema-graph\">{\"@context\":\"https:\/\/schema.org\",\"@graph\":[{\"@type\":\"WebPage\",\"@id\":\"https:\/\/www.dacgroup.com\/fr\/plan-pluriannuel-daccessibilite\/\",\"url\":\"https:\/\/www.dacgroup.com\/fr\/plan-pluriannuel-daccessibilite\/\",\"name\":\"Plan pluriannuel d'accessibilit\u00e9 | DAC\",\"isPartOf\":{\"@id\":\"https:\/\/www.dacgroup.com\/fr\/#website\"},\"datePublished\":\"2024-09-02T20:40:10+00:00\",\"dateModified\":\"2024-09-26T13:44:14+00:00\",\"breadcrumb\":{\"@id\":\"https:\/\/www.dacgroup.com\/fr\/plan-pluriannuel-daccessibilite\/#breadcrumb\"},\"inLanguage\":\"fr-FR\",\"potentialAction\":[{\"@type\":\"ReadAction\",\"target\":[\"https:\/\/www.dacgroup.com\/fr\/plan-pluriannuel-daccessibilite\/\"]}]},{\"@type\":\"BreadcrumbList\",\"@id\":\"https:\/\/www.dacgroup.com\/fr\/plan-pluriannuel-daccessibilite\/#breadcrumb\",\"itemListElement\":[{\"@type\":\"ListItem\",\"position\":1,\"name\":\"Home\",\"item\":\"https:\/\/www.dacgroup.com\/fr\/\"},{\"@type\":\"ListItem\",\"position\":2,\"name\":\"Plan pluriannuel d\u2019accessibilit\u00e9\"}]},{\"@type\":\"WebSite\",\"@id\":\"https:\/\/www.dacgroup.com\/fr\/#website\",\"url\":\"https:\/\/www.dacgroup.com\/fr\/\",\"name\":\"DAC group\",\"description\":\"DAC\",\"publisher\":{\"@id\":\"https:\/\/www.dacgroup.com\/fr\/#organization\"},\"potentialAction\":[{\"@type\":\"SearchAction\",\"target\":{\"@type\":\"EntryPoint\",\"urlTemplate\":\"https:\/\/www.dacgroup.com\/fr\/?s={search_term_string}\"},\"query-input\":{\"@type\":\"PropertyValueSpecification\",\"valueRequired\":true,\"valueName\":\"search_term_string\"}}],\"inLanguage\":\"fr-FR\"},{\"@type\":\"Organization\",\"@id\":\"https:\/\/www.dacgroup.com\/fr\/#organization\",\"name\":\"DAC group\",\"alternateName\":\"DAC\",\"url\":\"https:\/\/www.dacgroup.com\/fr\/\",\"logo\":{\"@type\":\"ImageObject\",\"inLanguage\":\"fr-FR\",\"@id\":\"https:\/\/www.dacgroup.com\/fr\/#\/schema\/logo\/image\/\",\"url\":\"https:\/\/www.dacgroup.com\/wp-content\/uploads\/2024\/09\/DAC-logo.svg\",\"contentUrl\":\"https:\/\/www.dacgroup.com\/wp-content\/uploads\/2024\/09\/DAC-logo.svg\",\"caption\":\"DAC group\"},\"image\":{\"@id\":\"https:\/\/www.dacgroup.com\/fr\/#\/schema\/logo\/image\/\"},\"sameAs\":[\"https:\/\/www.facebook.com\/DACGroup\",\"https:\/\/x.com\/DAC_group\",\"https:\/\/www.linkedin.com\/company\/dac-group\/\",\"https:\/\/www.instagram.com\/dac_group\/\",\"https:\/\/www.youtube.com\/user\/DACgroup1976\"]}]}<\/script>\n<!-- \/ Yoast SEO plugin. -->","yoast_head_json":{"title":"Plan pluriannuel d'accessibilit\u00e9 | DAC","robots":{"index":"index","follow":"follow","max-snippet":"max-snippet:-1","max-image-preview":"max-image-preview:large","max-video-preview":"max-video-preview:-1"},"canonical":"https:\/\/www.dacgroup.com\/fr\/plan-pluriannuel-daccessibilite\/","og_locale":"fr_FR","og_type":"article","og_title":"Plan pluriannuel d'accessibilit\u00e9 | DAC","og_url":"https:\/\/www.dacgroup.com\/fr\/plan-pluriannuel-daccessibilite\/","og_site_name":"DAC","article_publisher":"https:\/\/www.facebook.com\/DACGroup","article_modified_time":"2024-09-26T13:44:14+00:00","twitter_card":"summary_large_image","twitter_image":"https:\/\/www.dacgroup.com\/wp-content\/uploads\/2024\/09\/DAC-logo.svg","twitter_site":"@DAC_group","schema":{"@context":"https:\/\/schema.org","@graph":[{"@type":"WebPage","@id":"https:\/\/www.dacgroup.com\/fr\/plan-pluriannuel-daccessibilite\/","url":"https:\/\/www.dacgroup.com\/fr\/plan-pluriannuel-daccessibilite\/","name":"Plan pluriannuel d'accessibilit\u00e9 | DAC","isPartOf":{"@id":"https:\/\/www.dacgroup.com\/fr\/#website"},"datePublished":"2024-09-02T20:40:10+00:00","dateModified":"2024-09-26T13:44:14+00:00","breadcrumb":{"@id":"https:\/\/www.dacgroup.com\/fr\/plan-pluriannuel-daccessibilite\/#breadcrumb"},"inLanguage":"fr-FR","potentialAction":[{"@type":"ReadAction","target":["https:\/\/www.dacgroup.com\/fr\/plan-pluriannuel-daccessibilite\/"]}]},{"@type":"BreadcrumbList","@id":"https:\/\/www.dacgroup.com\/fr\/plan-pluriannuel-daccessibilite\/#breadcrumb","itemListElement":[{"@type":"ListItem","position":1,"name":"Home","item":"https:\/\/www.dacgroup.com\/fr\/"},{"@type":"ListItem","position":2,"name":"Plan pluriannuel d\u2019accessibilit\u00e9"}]},{"@type":"WebSite","@id":"https:\/\/www.dacgroup.com\/fr\/#website","url":"https:\/\/www.dacgroup.com\/fr\/","name":"DAC group","description":"DAC","publisher":{"@id":"https:\/\/www.dacgroup.com\/fr\/#organization"},"potentialAction":[{"@type":"SearchAction","target":{"@type":"EntryPoint","urlTemplate":"https:\/\/www.dacgroup.com\/fr\/?s={search_term_string}"},"query-input":{"@type":"PropertyValueSpecification","valueRequired":true,"valueName":"search_term_string"}}],"inLanguage":"fr-FR"},{"@type":"Organization","@id":"https:\/\/www.dacgroup.com\/fr\/#organization","name":"DAC group","alternateName":"DAC","url":"https:\/\/www.dacgroup.com\/fr\/","logo":{"@type":"ImageObject","inLanguage":"fr-FR","@id":"https:\/\/www.dacgroup.com\/fr\/#\/schema\/logo\/image\/","url":"https:\/\/www.dacgroup.com\/wp-content\/uploads\/2024\/09\/DAC-logo.svg","contentUrl":"https:\/\/www.dacgroup.com\/wp-content\/uploads\/2024\/09\/DAC-logo.svg","caption":"DAC group"},"image":{"@id":"https:\/\/www.dacgroup.com\/fr\/#\/schema\/logo\/image\/"},"sameAs":["https:\/\/www.facebook.com\/DACGroup","https:\/\/x.com\/DAC_group","https:\/\/www.linkedin.com\/company\/dac-group\/","https:\/\/www.instagram.com\/dac_group\/","https:\/\/www.youtube.com\/user\/DACgroup1976"]}]}},"_links":{"self":[{"href":"https:\/\/www.dacgroup.com\/fr\/wp-json\/wp\/v2\/pages\/7597","targetHints":{"allow":["GET"]}}],"collection":[{"href":"https:\/\/www.dacgroup.com\/fr\/wp-json\/wp\/v2\/pages"}],"about":[{"href":"https:\/\/www.dacgroup.com\/fr\/wp-json\/wp\/v2\/types\/page"}],"author":[{"embeddable":true,"href":"https:\/\/www.dacgroup.com\/fr\/wp-json\/wp\/v2\/users\/13"}],"replies":[{"embeddable":true,"href":"https:\/\/www.dacgroup.com\/fr\/wp-json\/wp\/v2\/comments?post=7597"}],"version-history":[{"count":0,"href":"https:\/\/www.dacgroup.com\/fr\/wp-json\/wp\/v2\/pages\/7597\/revisions"}],"wp:attachment":[{"href":"https:\/\/www.dacgroup.com\/fr\/wp-json\/wp\/v2\/media?parent=7597"}],"curies":[{"name":"wp","href":"https:\/\/api.w.org\/{rel}","templated":true}]}}