{"id":6268,"date":"2024-08-30T18:10:11","date_gmt":"2024-08-30T23:10:11","guid":{"rendered":"https:\/\/www.dacgroup.com\/?page_id=6268"},"modified":"2024-09-26T05:20:33","modified_gmt":"2024-09-26T10:20:33","slug":"accessibilite","status":"publish","type":"page","link":"https:\/\/www.dacgroup.com\/fr\/accessibilite\/","title":{"rendered":"Accessibilit\u00e9"},"content":{"rendered":"\n<section id=\"navigation-breadcrumb\" class=\"container mt-5 mb-3\">\n    \n                            <a href=\"https:\/\/www.dacgroup.com\/\/\">\n                    DAC                <\/a>\n\n                <span class=\"px-2\">\n                    <svg version=\"1.1\" id=\"Layer_1\" xmlns=\"http:\/\/www.w3.org\/2000\/svg\"\n                         xmlns:xlink=\"http:\/\/www.w3.org\/1999\/xlink\" x=\"0px\" y=\"0px\" viewBox=\"0 0 6.8 11.4\"\n                         style=\"enable-background:new 0 0 6.8 11.4;width: 15px;padding: 0px 5px;\" xml:space=\"preserve\"\n                         tabindex=\"-1\">\n                        <g tabindex=\"-1\">\n                            <g tabindex=\"-1\">\n                                <polygon points=\"0.3,1.4 4.6,5.7 0.3,10 1.4,11.1 6.8,5.7 1.4,0.3 \t\t\" tabindex=\"-1\"><\/polygon>\n                            <\/g>\n                            <path d=\"M0.2,10.1l2.4-2.4c0.3-0.3,0.8-0.3,1.1,0l0,0C4,8,4,8.5,3.7,8.8l-2.4,2.4c-0.3,0.3-0.8,0.3-1.1,0l0,0\n                                C0,10.9,0,10.4,0.2,10.1z\" tabindex=\"-1\"><\/path>\n                            <path d=\"M3.7,2.6L1.3,0.2C1-0.1,0.5-0.1,0.2,0.2l0,0c-0.3,0.3-0.3,0.8,0,1.1l2.4,2.4C2.9,4,3.4,4,3.7,3.7l0,0C4,3.4,4,2.9,3.7,2.6z\n                                \" tabindex=\"-1\"><\/path>\n                        <\/g>\n                    <\/svg>\n                <\/span>\n            \n        \n                            <p>\n                    Accessibility                <\/p>\n            \n        \n<\/section>\n\n\n\n<section id=\"title-accordion\" class=\"container\">\n\n    <h3> L&#8217;accessibilit\u00e9 chez DAC Group<\/h3>\n\n    <div>\n        <div class=\"accordion services-loop accordion-container\">\n                                <div class=\"accordion-item\">\n                        <h3 class=\"accordion-header\" id=\"heading-1\" data-role=\"accordion-item-header\">\n                            <button class=\"accordion-button ps-0 collapsed\" type=\"button\" data-bs-toggle=\"collapse\" data-bs-target=\"#collapse-1\" aria-expanded=\"false\" aria-controls=\"collapse-1\">\n                                Politique de confidentialite                            <\/button>\n                        <\/h3>\n                        <div id=\"collapse-1\" class=\"accordion-collapse collapse\" aria-labelledby=\"heading-1\" data-bs-parent=\"#services-home-accordion\">\n                            <div class=\"accordion-body\">\n                                <div id=\"stcpDiv\">\r\n<p>DAC Group s\u2019engage \u00e0 respecter les lignes directrices pr\u00e9sentes dans l\u2019AODA. Lorsque possible, DAC Group fournira des biens et services aux personnes handicap\u00e9es de mani\u00e8re conforme aux principes fondamentaux <strong>d\u2019ind\u00e9pendance<\/strong>, <strong>de dignit\u00e9<\/strong>, <strong>d\u2019int\u00e9gration et d\u2019\u00e9galit\u00e9 des chances repr\u00e9sent\u00e9s par la Loi<\/strong>. DAC Group s\u2019efforce de cr\u00e9er un environnement s\u00fbr et inclusif pour ses employ\u00e9es, clients et soci\u00e9t\u00e9.<\/p>\r\n<h2>Documents sur les politiques<\/h2>\r\n<ul style=\"padding-left: 16px\">\r\n<li><a href=\"\/fr\/accessibilite\/politique-daccessibilite-du-service-a-la-clientele\/\">Politique d\u2019accessibilit\u00e9 du service \u00e0 la client\u00e8le<\/a><\/li>\r\n<li><a href=\"\/fr\/accessibilite\/declaration-dengagement-organisationnel\/\">Politique d\u2019accessibilit\u00e9 de DAC : D\u00e9claration d\u2019engagement organisationnel <\/a><\/li>\r\n<li><a href=\"\/fr\/accessibilite\/reglementation-sur-les-normes-daccessibilite\/\">R\u00e8glement des normes d\u2019accessibilit\u00e9 int\u00e9gr\u00e9es AODA \u2013 Politique des normes d\u2019information et de communication<\/a><\/li>\r\n<li><a href=\"\/fr\/accessibilite\/plan-daccessibilite-pluriannuel\/\">DAC Group \u2013 Plan d\u2019accessibilit\u00e9 pluriannuel<\/a><\/li>\r\n<\/ul>\r\n<h2>Conseils pour naviguer sur le site web DAC<\/h2>\r\n<p>Quelques fonctionnalit\u00e9s d\u2019accessibilit\u00e9 sont int\u00e9gr\u00e9es dans le syst\u00e8me d\u2019exploitation informatique et sur les navigateurs Internet. Essayez d\u2019utiliser les m\u00e9thodes suivantes pour simplifier votre exp\u00e9rience de navigation sur Internet.<\/p>\r\n<h2>Agrandissez l\u2019\u00e9cran<\/h2>\r\n<p>Beaucoup de navigateurs Internet vous permettent de faire un zoom sur les pages web en utilisant des touches du clavier. La loupe vous permet de vous focaliser sur des parties sp\u00e9cifiques de l\u2019\u00e9cran, en agrandissant le texte et autres \u00e9l\u00e9ments de la page.<\/p>\r\n<h2>Syst\u00e8mes d\u2019exploitation Windows<\/h2>\r\n<p>Appuyez sur la touche Ctrl et + pour zoomer sur une page web.<br>\r\nAppuyez sur la touche Ctrl et \u2013 pour faire un zoom arri\u00e8re.<\/p>\r\n<h2>Syst\u00e8mes d\u2019exploitation Mac<\/h2>\r\n<p>Appuyez sur la touche Cmd et + pour zoomer sur une page web.<br>\r\nAppuyez sur la touche Cmd et \u2013 pour faire un zoom arri\u00e8re.<\/p>\r\n<\/div>                            <\/div>\n                        <\/div>\n                    <\/div>\n                        <\/div>\n    <\/div>\n\n<\/section>\n\n","protected":false},"excerpt":{"rendered":"","protected":false},"author":13,"featured_media":0,"parent":0,"menu_order":0,"comment_status":"closed","ping_status":"closed","template":"page-templates\/page-dac-gutenberg.php","meta":{"content-type":"","footnotes":""},"class_list":["post-6268","page","type-page","status-publish","hentry"],"acf":[],"yoast_head":"<!-- This site is optimized with the Yoast SEO plugin v23.7 - https:\/\/yoast.com\/wordpress\/plugins\/seo\/ -->\n<title>Accessibilit\u00e9 | DAC<\/title>\n<meta name=\"robots\" content=\"index, follow, max-snippet:-1, max-image-preview:large, max-video-preview:-1\" \/>\n<link rel=\"canonical\" href=\"https:\/\/www.dacgroup.com\/fr\/accessibilite\/\" \/>\n<meta property=\"og:locale\" content=\"fr_FR\" \/>\n<meta property=\"og:type\" content=\"article\" \/>\n<meta property=\"og:title\" content=\"Accessibilit\u00e9 | DAC\" \/>\n<meta property=\"og:url\" content=\"https:\/\/www.dacgroup.com\/fr\/accessibilite\/\" \/>\n<meta property=\"og:site_name\" content=\"DAC\" \/>\n<meta property=\"article:publisher\" content=\"https:\/\/www.facebook.com\/DACGroup\" \/>\n<meta property=\"article:modified_time\" content=\"2024-09-26T10:20:33+00:00\" \/>\n<meta name=\"twitter:card\" content=\"summary_large_image\" \/>\n<meta name=\"twitter:image\" content=\"https:\/\/www.dacgroup.com\/wp-content\/uploads\/2024\/09\/DAC-logo.svg\" \/>\n<meta name=\"twitter:site\" content=\"@DAC_group\" \/>\n<script type=\"application\/ld+json\" class=\"yoast-schema-graph\">{\"@context\":\"https:\/\/schema.org\",\"@graph\":[{\"@type\":\"WebPage\",\"@id\":\"https:\/\/www.dacgroup.com\/fr\/accessibilite\/\",\"url\":\"https:\/\/www.dacgroup.com\/fr\/accessibilite\/\",\"name\":\"Accessibilit\u00e9 | DAC\",\"isPartOf\":{\"@id\":\"https:\/\/www.dacgroup.com\/fr\/#website\"},\"datePublished\":\"2024-08-30T23:10:11+00:00\",\"dateModified\":\"2024-09-26T10:20:33+00:00\",\"breadcrumb\":{\"@id\":\"https:\/\/www.dacgroup.com\/fr\/accessibilite\/#breadcrumb\"},\"inLanguage\":\"fr-FR\",\"potentialAction\":[{\"@type\":\"ReadAction\",\"target\":[\"https:\/\/www.dacgroup.com\/fr\/accessibilite\/\"]}]},{\"@type\":\"BreadcrumbList\",\"@id\":\"https:\/\/www.dacgroup.com\/fr\/accessibilite\/#breadcrumb\",\"itemListElement\":[{\"@type\":\"ListItem\",\"position\":1,\"name\":\"Home\",\"item\":\"https:\/\/www.dacgroup.com\/fr\/\"},{\"@type\":\"ListItem\",\"position\":2,\"name\":\"Accessibilit\u00e9\"}]},{\"@type\":\"WebSite\",\"@id\":\"https:\/\/www.dacgroup.com\/fr\/#website\",\"url\":\"https:\/\/www.dacgroup.com\/fr\/\",\"name\":\"DAC group\",\"description\":\"DAC\",\"publisher\":{\"@id\":\"https:\/\/www.dacgroup.com\/fr\/#organization\"},\"potentialAction\":[{\"@type\":\"SearchAction\",\"target\":{\"@type\":\"EntryPoint\",\"urlTemplate\":\"https:\/\/www.dacgroup.com\/fr\/?s={search_term_string}\"},\"query-input\":{\"@type\":\"PropertyValueSpecification\",\"valueRequired\":true,\"valueName\":\"search_term_string\"}}],\"inLanguage\":\"fr-FR\"},{\"@type\":\"Organization\",\"@id\":\"https:\/\/www.dacgroup.com\/fr\/#organization\",\"name\":\"DAC group\",\"alternateName\":\"DAC\",\"url\":\"https:\/\/www.dacgroup.com\/fr\/\",\"logo\":{\"@type\":\"ImageObject\",\"inLanguage\":\"fr-FR\",\"@id\":\"https:\/\/www.dacgroup.com\/fr\/#\/schema\/logo\/image\/\",\"url\":\"https:\/\/www.dacgroup.com\/wp-content\/uploads\/2024\/09\/DAC-logo.svg\",\"contentUrl\":\"https:\/\/www.dacgroup.com\/wp-content\/uploads\/2024\/09\/DAC-logo.svg\",\"caption\":\"DAC group\"},\"image\":{\"@id\":\"https:\/\/www.dacgroup.com\/fr\/#\/schema\/logo\/image\/\"},\"sameAs\":[\"https:\/\/www.facebook.com\/DACGroup\",\"https:\/\/x.com\/DAC_group\",\"https:\/\/www.linkedin.com\/company\/dac-group\/\",\"https:\/\/www.instagram.com\/dac_group\/\",\"https:\/\/www.youtube.com\/user\/DACgroup1976\"]}]}<\/script>\n<!-- \/ Yoast SEO plugin. -->","yoast_head_json":{"title":"Accessibilit\u00e9 | DAC","robots":{"index":"index","follow":"follow","max-snippet":"max-snippet:-1","max-image-preview":"max-image-preview:large","max-video-preview":"max-video-preview:-1"},"canonical":"https:\/\/www.dacgroup.com\/fr\/accessibilite\/","og_locale":"fr_FR","og_type":"article","og_title":"Accessibilit\u00e9 | DAC","og_url":"https:\/\/www.dacgroup.com\/fr\/accessibilite\/","og_site_name":"DAC","article_publisher":"https:\/\/www.facebook.com\/DACGroup","article_modified_time":"2024-09-26T10:20:33+00:00","twitter_card":"summary_large_image","twitter_image":"https:\/\/www.dacgroup.com\/wp-content\/uploads\/2024\/09\/DAC-logo.svg","twitter_site":"@DAC_group","schema":{"@context":"https:\/\/schema.org","@graph":[{"@type":"WebPage","@id":"https:\/\/www.dacgroup.com\/fr\/accessibilite\/","url":"https:\/\/www.dacgroup.com\/fr\/accessibilite\/","name":"Accessibilit\u00e9 | DAC","isPartOf":{"@id":"https:\/\/www.dacgroup.com\/fr\/#website"},"datePublished":"2024-08-30T23:10:11+00:00","dateModified":"2024-09-26T10:20:33+00:00","breadcrumb":{"@id":"https:\/\/www.dacgroup.com\/fr\/accessibilite\/#breadcrumb"},"inLanguage":"fr-FR","potentialAction":[{"@type":"ReadAction","target":["https:\/\/www.dacgroup.com\/fr\/accessibilite\/"]}]},{"@type":"BreadcrumbList","@id":"https:\/\/www.dacgroup.com\/fr\/accessibilite\/#breadcrumb","itemListElement":[{"@type":"ListItem","position":1,"name":"Home","item":"https:\/\/www.dacgroup.com\/fr\/"},{"@type":"ListItem","position":2,"name":"Accessibilit\u00e9"}]},{"@type":"WebSite","@id":"https:\/\/www.dacgroup.com\/fr\/#website","url":"https:\/\/www.dacgroup.com\/fr\/","name":"DAC group","description":"DAC","publisher":{"@id":"https:\/\/www.dacgroup.com\/fr\/#organization"},"potentialAction":[{"@type":"SearchAction","target":{"@type":"EntryPoint","urlTemplate":"https:\/\/www.dacgroup.com\/fr\/?s={search_term_string}"},"query-input":{"@type":"PropertyValueSpecification","valueRequired":true,"valueName":"search_term_string"}}],"inLanguage":"fr-FR"},{"@type":"Organization","@id":"https:\/\/www.dacgroup.com\/fr\/#organization","name":"DAC group","alternateName":"DAC","url":"https:\/\/www.dacgroup.com\/fr\/","logo":{"@type":"ImageObject","inLanguage":"fr-FR","@id":"https:\/\/www.dacgroup.com\/fr\/#\/schema\/logo\/image\/","url":"https:\/\/www.dacgroup.com\/wp-content\/uploads\/2024\/09\/DAC-logo.svg","contentUrl":"https:\/\/www.dacgroup.com\/wp-content\/uploads\/2024\/09\/DAC-logo.svg","caption":"DAC group"},"image":{"@id":"https:\/\/www.dacgroup.com\/fr\/#\/schema\/logo\/image\/"},"sameAs":["https:\/\/www.facebook.com\/DACGroup","https:\/\/x.com\/DAC_group","https:\/\/www.linkedin.com\/company\/dac-group\/","https:\/\/www.instagram.com\/dac_group\/","https:\/\/www.youtube.com\/user\/DACgroup1976"]}]}},"_links":{"self":[{"href":"https:\/\/www.dacgroup.com\/fr\/wp-json\/wp\/v2\/pages\/6268","targetHints":{"allow":["GET"]}}],"collection":[{"href":"https:\/\/www.dacgroup.com\/fr\/wp-json\/wp\/v2\/pages"}],"about":[{"href":"https:\/\/www.dacgroup.com\/fr\/wp-json\/wp\/v2\/types\/page"}],"author":[{"embeddable":true,"href":"https:\/\/www.dacgroup.com\/fr\/wp-json\/wp\/v2\/users\/13"}],"replies":[{"embeddable":true,"href":"https:\/\/www.dacgroup.com\/fr\/wp-json\/wp\/v2\/comments?post=6268"}],"version-history":[{"count":0,"href":"https:\/\/www.dacgroup.com\/fr\/wp-json\/wp\/v2\/pages\/6268\/revisions"}],"wp:attachment":[{"href":"https:\/\/www.dacgroup.com\/fr\/wp-json\/wp\/v2\/media?parent=6268"}],"curies":[{"name":"wp","href":"https:\/\/api.w.org\/{rel}","templated":true}]}}