{"id":6217,"date":"2024-08-30T17:59:07","date_gmt":"2024-08-30T22:59:07","guid":{"rendered":"https:\/\/www.dacgroup.com\/?page_id=6217"},"modified":"2025-01-30T11:52:53","modified_gmt":"2025-01-30T16:52:53","slug":"merci","status":"publish","type":"page","link":"https:\/\/www.dacgroup.com\/fr\/merci\/","title":{"rendered":"Merci"},"content":{"rendered":"\n<section id=\"thank-you\">\n    <div class=\"content-container px-sm-4 px-lg-0\">\n        <h2>\n            Merci!        <\/h2>\n        <p>\n            Nous appr\u00e9cions l&#8217;int\u00e9r\u00eat que vous portez \u00e0 DAC.Vous serez bient\u00f4t contact\u00e9 par l&#8217;un de nos experts DAC.Pendant que vous \u00eates sur notre site, nous vous invitons \u00e0 en savoir plus sur    <a href=\"https:\/\/www.dacgroup.com\/fr\/etudes-de-cas\/\"><strong>notre travail<\/strong><a><\/a> ou de consulter le blog du <a href=\"https:\/\/www.dacgroup.com\/fr\/insights\/blog\/\"><strong>blog du CED<\/strong><\/a> du blog DAC.        <\/p>\n    <\/div>\n<\/section>\n","protected":false},"excerpt":{"rendered":"","protected":false},"author":13,"featured_media":0,"parent":0,"menu_order":0,"comment_status":"closed","ping_status":"closed","template":"page-templates\/page-dac-gutenberg.php","meta":{"content-type":"","footnotes":""},"class_list":["post-6217","page","type-page","status-publish","hentry"],"acf":[],"yoast_head":"<!-- This site is optimized with the Yoast SEO plugin v23.7 - https:\/\/yoast.com\/wordpress\/plugins\/seo\/ -->\n<title>Merci | DAC<\/title>\n<meta name=\"robots\" content=\"index, follow, max-snippet:-1, max-image-preview:large, max-video-preview:-1\" \/>\n<link rel=\"canonical\" href=\"https:\/\/www.dacgroup.com\/fr\/merci\/\" \/>\n<meta property=\"og:locale\" content=\"fr_FR\" \/>\n<meta property=\"og:type\" content=\"article\" \/>\n<meta property=\"og:title\" content=\"Merci | DAC\" \/>\n<meta property=\"og:url\" content=\"https:\/\/www.dacgroup.com\/fr\/merci\/\" \/>\n<meta property=\"og:site_name\" content=\"DAC\" \/>\n<meta property=\"article:publisher\" content=\"https:\/\/www.facebook.com\/DACGroup\" \/>\n<meta property=\"article:modified_time\" content=\"2025-01-30T16:52:53+00:00\" \/>\n<meta name=\"twitter:card\" content=\"summary_large_image\" \/>\n<meta name=\"twitter:image\" content=\"https:\/\/www.dacgroup.com\/wp-content\/uploads\/2024\/09\/DAC-logo.svg\" \/>\n<meta name=\"twitter:site\" content=\"@DAC_group\" \/>\n<script type=\"application\/ld+json\" class=\"yoast-schema-graph\">{\"@context\":\"https:\/\/schema.org\",\"@graph\":[{\"@type\":\"WebPage\",\"@id\":\"https:\/\/www.dacgroup.com\/fr\/merci\/\",\"url\":\"https:\/\/www.dacgroup.com\/fr\/merci\/\",\"name\":\"Merci | DAC\",\"isPartOf\":{\"@id\":\"https:\/\/www.dacgroup.com\/fr\/#website\"},\"datePublished\":\"2024-08-30T22:59:07+00:00\",\"dateModified\":\"2025-01-30T16:52:53+00:00\",\"breadcrumb\":{\"@id\":\"https:\/\/www.dacgroup.com\/fr\/merci\/#breadcrumb\"},\"inLanguage\":\"fr-FR\",\"potentialAction\":[{\"@type\":\"ReadAction\",\"target\":[\"https:\/\/www.dacgroup.com\/fr\/merci\/\"]}]},{\"@type\":\"BreadcrumbList\",\"@id\":\"https:\/\/www.dacgroup.com\/fr\/merci\/#breadcrumb\",\"itemListElement\":[{\"@type\":\"ListItem\",\"position\":1,\"name\":\"Home\",\"item\":\"https:\/\/www.dacgroup.com\/fr\/\"},{\"@type\":\"ListItem\",\"position\":2,\"name\":\"Merci\"}]},{\"@type\":\"WebSite\",\"@id\":\"https:\/\/www.dacgroup.com\/fr\/#website\",\"url\":\"https:\/\/www.dacgroup.com\/fr\/\",\"name\":\"DAC group\",\"description\":\"DAC\",\"publisher\":{\"@id\":\"https:\/\/www.dacgroup.com\/fr\/#organization\"},\"potentialAction\":[{\"@type\":\"SearchAction\",\"target\":{\"@type\":\"EntryPoint\",\"urlTemplate\":\"https:\/\/www.dacgroup.com\/fr\/?s={search_term_string}\"},\"query-input\":{\"@type\":\"PropertyValueSpecification\",\"valueRequired\":true,\"valueName\":\"search_term_string\"}}],\"inLanguage\":\"fr-FR\"},{\"@type\":\"Organization\",\"@id\":\"https:\/\/www.dacgroup.com\/fr\/#organization\",\"name\":\"DAC group\",\"alternateName\":\"DAC\",\"url\":\"https:\/\/www.dacgroup.com\/fr\/\",\"logo\":{\"@type\":\"ImageObject\",\"inLanguage\":\"fr-FR\",\"@id\":\"https:\/\/www.dacgroup.com\/fr\/#\/schema\/logo\/image\/\",\"url\":\"https:\/\/www.dacgroup.com\/wp-content\/uploads\/2024\/09\/DAC-logo.svg\",\"contentUrl\":\"https:\/\/www.dacgroup.com\/wp-content\/uploads\/2024\/09\/DAC-logo.svg\",\"caption\":\"DAC group\"},\"image\":{\"@id\":\"https:\/\/www.dacgroup.com\/fr\/#\/schema\/logo\/image\/\"},\"sameAs\":[\"https:\/\/www.facebook.com\/DACGroup\",\"https:\/\/x.com\/DAC_group\",\"https:\/\/www.linkedin.com\/company\/dac-group\/\",\"https:\/\/www.instagram.com\/dac_group\/\",\"https:\/\/www.youtube.com\/user\/DACgroup1976\"]}]}<\/script>\n<!-- \/ Yoast SEO plugin. -->","yoast_head_json":{"title":"Merci | DAC","robots":{"index":"index","follow":"follow","max-snippet":"max-snippet:-1","max-image-preview":"max-image-preview:large","max-video-preview":"max-video-preview:-1"},"canonical":"https:\/\/www.dacgroup.com\/fr\/merci\/","og_locale":"fr_FR","og_type":"article","og_title":"Merci | DAC","og_url":"https:\/\/www.dacgroup.com\/fr\/merci\/","og_site_name":"DAC","article_publisher":"https:\/\/www.facebook.com\/DACGroup","article_modified_time":"2025-01-30T16:52:53+00:00","twitter_card":"summary_large_image","twitter_image":"https:\/\/www.dacgroup.com\/wp-content\/uploads\/2024\/09\/DAC-logo.svg","twitter_site":"@DAC_group","schema":{"@context":"https:\/\/schema.org","@graph":[{"@type":"WebPage","@id":"https:\/\/www.dacgroup.com\/fr\/merci\/","url":"https:\/\/www.dacgroup.com\/fr\/merci\/","name":"Merci | DAC","isPartOf":{"@id":"https:\/\/www.dacgroup.com\/fr\/#website"},"datePublished":"2024-08-30T22:59:07+00:00","dateModified":"2025-01-30T16:52:53+00:00","breadcrumb":{"@id":"https:\/\/www.dacgroup.com\/fr\/merci\/#breadcrumb"},"inLanguage":"fr-FR","potentialAction":[{"@type":"ReadAction","target":["https:\/\/www.dacgroup.com\/fr\/merci\/"]}]},{"@type":"BreadcrumbList","@id":"https:\/\/www.dacgroup.com\/fr\/merci\/#breadcrumb","itemListElement":[{"@type":"ListItem","position":1,"name":"Home","item":"https:\/\/www.dacgroup.com\/fr\/"},{"@type":"ListItem","position":2,"name":"Merci"}]},{"@type":"WebSite","@id":"https:\/\/www.dacgroup.com\/fr\/#website","url":"https:\/\/www.dacgroup.com\/fr\/","name":"DAC group","description":"DAC","publisher":{"@id":"https:\/\/www.dacgroup.com\/fr\/#organization"},"potentialAction":[{"@type":"SearchAction","target":{"@type":"EntryPoint","urlTemplate":"https:\/\/www.dacgroup.com\/fr\/?s={search_term_string}"},"query-input":{"@type":"PropertyValueSpecification","valueRequired":true,"valueName":"search_term_string"}}],"inLanguage":"fr-FR"},{"@type":"Organization","@id":"https:\/\/www.dacgroup.com\/fr\/#organization","name":"DAC group","alternateName":"DAC","url":"https:\/\/www.dacgroup.com\/fr\/","logo":{"@type":"ImageObject","inLanguage":"fr-FR","@id":"https:\/\/www.dacgroup.com\/fr\/#\/schema\/logo\/image\/","url":"https:\/\/www.dacgroup.com\/wp-content\/uploads\/2024\/09\/DAC-logo.svg","contentUrl":"https:\/\/www.dacgroup.com\/wp-content\/uploads\/2024\/09\/DAC-logo.svg","caption":"DAC group"},"image":{"@id":"https:\/\/www.dacgroup.com\/fr\/#\/schema\/logo\/image\/"},"sameAs":["https:\/\/www.facebook.com\/DACGroup","https:\/\/x.com\/DAC_group","https:\/\/www.linkedin.com\/company\/dac-group\/","https:\/\/www.instagram.com\/dac_group\/","https:\/\/www.youtube.com\/user\/DACgroup1976"]}]}},"_links":{"self":[{"href":"https:\/\/www.dacgroup.com\/fr\/wp-json\/wp\/v2\/pages\/6217","targetHints":{"allow":["GET"]}}],"collection":[{"href":"https:\/\/www.dacgroup.com\/fr\/wp-json\/wp\/v2\/pages"}],"about":[{"href":"https:\/\/www.dacgroup.com\/fr\/wp-json\/wp\/v2\/types\/page"}],"author":[{"embeddable":true,"href":"https:\/\/www.dacgroup.com\/fr\/wp-json\/wp\/v2\/users\/13"}],"replies":[{"embeddable":true,"href":"https:\/\/www.dacgroup.com\/fr\/wp-json\/wp\/v2\/comments?post=6217"}],"version-history":[{"count":3,"href":"https:\/\/www.dacgroup.com\/fr\/wp-json\/wp\/v2\/pages\/6217\/revisions"}],"predecessor-version":[{"id":120595,"href":"https:\/\/www.dacgroup.com\/fr\/wp-json\/wp\/v2\/pages\/6217\/revisions\/120595"}],"wp:attachment":[{"href":"https:\/\/www.dacgroup.com\/fr\/wp-json\/wp\/v2\/media?parent=6217"}],"curies":[{"name":"wp","href":"https:\/\/api.w.org\/{rel}","templated":true}]}}