{"id":55452,"date":"2024-08-30T13:42:24","date_gmt":"2024-08-30T18:42:24","guid":{"rendered":"https:\/\/www.dacgroup.com\/contactez-nous\/new-york\/"},"modified":"2025-08-25T14:52:39","modified_gmt":"2025-08-25T19:52:39","slug":"new-york","status":"publish","type":"page","link":"https:\/\/www.dacgroup.com\/fr\/contactez-nous\/new-york\/","title":{"rendered":"New York"},"content":{"rendered":"\n\n    <style>\n        #hero-internal {\n            background-image: url('https:\/\/www.dacgroup.com\/wp-content\/uploads\/2024\/09\/hero-d-insights.jpg');\n            height: 580px !important;\n        }\n\n                @media (min-width: 2000px) {\n            #hero-internal {\n                background-image: url('https:\/\/www.dacgroup.com\/wp-content\/uploads\/2024\/11\/hero-d-newyork-2.png');\n                height: 580px !important;\n            }\n        }\n        \n\n                @media screen and (max-width: 991px) {\n            #hero-internal {\n                background-image: url('https:\/\/www.dacgroup.com\/wp-content\/uploads\/2024\/09\/hero-m-insightsX2.jpg');\n                height: 500px !important;\n            }\n        }\n\n            <\/style>\n\n\n<section id=\"hero-internal\" class=\"noWords background-image\"\n         data-desktoph=\"580px\" data-mobileh=\"500px\">\n\n            <nav class=\"breadcrumb container max-1448 padding60 desktop-only \">\n            <a href=\"https:\/\/www.dacgroup.com\/fr\/\">DAC<\/a><img decoding=\"async\" src=\"https:\/\/www.dacgroup.com\/wp-content\/themes\/dac\/img\/chevron-right-white.svg\" alt=\"\" aria-hidden=\"true\"><a class=\"text-capitalize\" href=\"https:\/\/www.dacgroup.com\/fr\/contactez-nous\/\">Contactez Nous<\/a>        <\/nav>\n    \n    \n    <div class=\"container max-1448 padding60 hero-internal-content-block\"\n         style=\"text-align:left;align-items:start\">\n\n                            <h1 style=\"color:#ffffff;\">\n                Agence de m\u00e9dias prim\u00e9e, ici m\u00eame \u00e0 New York            <\/h1>\n        \n                    \n        <div class=\"cta-container-row\">\n           \n                                <\/div>\n \n    <\/div>\n<\/section>\n\n\n    <div class=\"responsive-hero-footer mobile-only\">\n                    <nav class=\"breadcrumb container max-1448 padding60 mobile-only\">\n                <a href=\"https:\/\/www.dacgroup.com\/fr\/\">DAC<\/a><img decoding=\"async\" src=\"https:\/\/www.dacgroup.com\/wp-content\/themes\/dac\/img\/chevron-right-white.svg\" alt=\"\" aria-hidden=\"true\"><a class=\"text-capitalize\" href=\"https:\/\/www.dacgroup.com\/fr\/contactez-nous\/\">Contactez Nous<\/a>            <\/nav>\n        \n        \n                    <h1 style=\"color:#ffffff; \" class=\"mt-0\">\n                Agence de m\u00e9dias prim\u00e9e, ici m\u00eame \u00e0 New York            <\/h1>\n        \n        \n\n        <div class=\"cta-container-row mobile\">\n           \n            \n                        <\/div>\n    <\/div>\n\n\n\n\n<section class=\"location-contact-block\">\n    <div class=\"container max-1448 padding60\">\n        <div class=\"location-info\">\n            <h2 class=\"location-address\">\n                                    4, chemin Manhattanville, bureau 203<br> Achat, New York 10577<br>\n                \n                \n                \n                            <\/h2>\n\n                            <a href=\"https:\/\/maps.app.goo.gl\/wfF7tHAPParceUpv5\" class=\"location-directions-link\" target=\"_blank\">\n                    Obtenez l&#8217;itin\u00e9raire \u2192                <\/a>\n            \n                            <div class=\"phones\">\n                \n                <a href=\"tel:19142536577\" class=\"location-phone\">+1 (914) 253-6577<\/a>\n\n                \n                <a href=\"tel:18003384165\" class=\"location-phone\">+1 (800)338-4165<\/a>\n\n                \n                <\/div>\n            \n                            <div class=\"managers\">\n                \n                <div class=\"contact-person\">\n                                            <img decoding=\"async\" loading=\"lazy\" src=\"https:\/\/www.dacgroup.com\/wp-content\/uploads\/2024\/08\/kprashad.jpg\" alt=\"Kiran Prashad\" class=\"contact-image\">\n                                        <div class=\"contact-person__name_title\">\n                        <p class=\"contact-name\">Kiran Prashad<\/p>\n                        <p class=\"contact-title\">Associ\u00e9, Directeur des op\u00e9rations<\/p>\n                    <\/div>\n                <\/div>\n                \n                <div class=\"contact-person\">\n                                            <img decoding=\"async\" loading=\"lazy\" src=\"https:\/\/www.dacgroup.com\/wp-content\/uploads\/2024\/08\/jhendrickson.jpg\" alt=\"Jared Hendrickson\" class=\"contact-image\">\n                                        <div class=\"contact-person__name_title\">\n                        <p class=\"contact-name\">Jared Hendrickson<\/p>\n                        <p class=\"contact-title\">Vice-pr\u00e9sident\/directeur g\u00e9n\u00e9ral, New York<\/p>\n                    <\/div>\n                <\/div>\n                \n                <\/div>\n                    <\/div>\n\n        <div class=\"location-description\">\n            <p>Le bureau de New York incarne les valeurs fondamentales de DAC. Nous puisons dans l\u2019\u00e9nergie unique de cette grande m\u00e9tropole pour insuffler nos valeurs dans l\u2019agence et dans tous les programmes clients, afin de g\u00e9n\u00e9rer une croissance transformative qui d\u00e9passe leurs attentes.<\/p>\n            <div class=\"mt-4\">\n                \n                    \n<div class=\"  \">\n\n        <a href=\"https:\/\/www.dacgroup.com\/fr\/contactez-nous\/\" class=\"btn_primary-filled_black_arrow\" >\n    \n        <div>Contactez-nous<\/div>\n\n        \n            \n            <svg width=\"24\" height=\"16\" viewBox=\"0 0 24 16\" fill=\"none\" xmlns=\"http:\/\/www.w3.org\/2000\/svg\">\n                <path d=\"M19.7303 8.96285L14.8759 14.2138C14.5429 14.5741 14.5429 15.1299 14.876 15.4901C15.2481 15.8925 15.8842 15.8925 16.2563 15.49L23.1809 8L16.2563 0.509971C15.8842 0.107507 15.2481 0.10747 14.876 0.509891C14.5429 0.870102 14.5429 1.42591 14.8759 1.78616L19.7303 7.03692H0.962963C0.431133 7.03692 0 7.46806 0 7.99988C0 8.53171 0.431133 8.96285 0.962963 8.96285H19.7303Z\" fill=\"#171616\"\/>\n                <path d=\"M19.7303 8.96285L14.8759 14.2138C14.5429 14.5741 14.5429 15.1299 14.876 15.4901C15.2481 15.8925 15.8842 15.8925 16.2563 15.49L23.1809 8L16.2563 0.509971C15.8842 0.107507 15.2481 0.10747 14.876 0.509891C14.5429 0.870102 14.5429 1.42591 14.8759 1.78616L19.7303 7.03692H0.962963C0.431133 7.03692 0 7.46806 0 7.99988C0 8.53171 0.431133 8.96285 0.962963 8.96285H19.7303Z\" fill=\"black\" fill-opacity=\"0.2\"\/>\n                <path d=\"M19.7303 8.96285L14.8759 14.2138C14.5429 14.5741 14.5429 15.1299 14.876 15.4901C15.2481 15.8925 15.8842 15.8925 16.2563 15.49L23.1809 8L16.2563 0.509971C15.8842 0.107507 15.2481 0.10747 14.876 0.509891C14.5429 0.870102 14.5429 1.42591 14.8759 1.78616L19.7303 7.03692H0.962963C0.431133 7.03692 0 7.46806 0 7.99988C0 8.53171 0.431133 8.96285 0.962963 8.96285H19.7303Z\" fill=\"black\" fill-opacity=\"0.2\"\/>\n            <\/svg>\n\n            \n\n        \n        <\/a>\n    \n<\/div>\n\n            <\/div>\n        <\/div>\n    <\/div>\n<\/section>\n\n\n\n<section class=\"text-image-block  white image-full- layout-one\">\n    <div class=\"container max-1448 padding60\">\n                \n        <div class=\"row reverse image-right\">\n            <div class=\"col image-col\">\n                                            <picture>\n                                <source\n                        media=\"(min-width: 1440px)\"\n                        srcset=\"https:\/\/www.dacgroup.com\/wp-content\/uploads\/2024\/08\/Logos-2.png\">\n            \n                                <source\n                        media=\"(min-width: 1024px)\"\n                        srcset=\"https:\/\/www.dacgroup.com\/wp-content\/uploads\/2024\/08\/Logos-2.png\">\n            \n                                <source\n                        media=\"(min-width: 768px)\"\n                        srcset=\"https:\/\/www.dacgroup.com\/wp-content\/uploads\/2024\/08\/Logos-2.png\">\n            \n            <img decoding=\"async\"\n                src=\"https:\/\/www.dacgroup.com\/wp-content\/uploads\/2024\/08\/Logos-2.png\"\n                alt=\"\"\n                 loading=\"lazy\" \/>\n        <\/picture>\n                                    <\/div>\n            <div class=\"col text-col\">\n                <h3 class=\"w-100 text-wrap\">Atteignez de meilleurs r\u00e9sultats<\/h3>                <p><p>Notre super pouvoir consiste en notre capacit\u00e9 \u00e0 int\u00e9grer les strat\u00e9gies pour votre marque avec celles pour chacun de vos emplacements, afin de garantir des r\u00e9sultats mesurables et une performance impressionnante \u00e0 tous les niveaux.<\/p><\/p>\n\n                                    <a href=\"https:\/\/www.dacgroup.com\/fr\/a-propos-de-nous\/\" class=\"btn_primary-filled_black_arrow\" target=\"_self\">\n                        <div>En savoir plus<\/div>\n                        <svg width=\"24\" height=\"16\" viewBox=\"0 0 24 16\" fill=\"none\" xmlns=\"http:\/\/www.w3.org\/2000\/svg\">\n                            <path d=\"M19.7303 8.96285L14.8759 14.2138C14.5429 14.5741 14.5429 15.1299 14.876 15.4901C15.2481 15.8925 15.8842 15.8925 16.2563 15.49L23.1809 8L16.2563 0.509971C15.8842 0.107507 15.2481 0.10747 14.876 0.509891C14.5429 0.870102 14.5429 1.42591 14.8759 1.78616L19.7303 7.03692H0.962963C0.431133 7.03692 0 7.46806 0 7.99988C0 8.53171 0.431133 8.96285 0.962963 8.96285H19.7303Z\" fill=\"#171616\"><\/path>\n                            <path d=\"M19.7303 8.96285L14.8759 14.2138C14.5429 14.5741 14.5429 15.1299 14.876 15.4901C15.2481 15.8925 15.8842 15.8925 16.2563 15.49L23.1809 8L16.2563 0.509971C15.8842 0.107507 15.2481 0.10747 14.876 0.509891C14.5429 0.870102 14.5429 1.42591 14.8759 1.78616L19.7303 7.03692H0.962963C0.431133 7.03692 0 7.46806 0 7.99988C0 8.53171 0.431133 8.96285 0.962963 8.96285H19.7303Z\" fill=\"black\" fill-opacity=\"0.2\"><\/path>\n                            <path d=\"M19.7303 8.96285L14.8759 14.2138C14.5429 14.5741 14.5429 15.1299 14.876 15.4901C15.2481 15.8925 15.8842 15.8925 16.2563 15.49L23.1809 8L16.2563 0.509971C15.8842 0.107507 15.2481 0.10747 14.876 0.509891C14.5429 0.870102 14.5429 1.42591 14.8759 1.78616L19.7303 7.03692H0.962963C0.431133 7.03692 0 7.46806 0 7.99988C0 8.53171 0.431133 8.96285 0.962963 8.96285H19.7303Z\" fill=\"black\" fill-opacity=\"0.2\"><\/path>\n                        <\/svg>\n                    <\/a>\n                \n                            <\/div>\n        <\/div>\n    <\/div>\n<\/section>\n\n\n<section class=\"text-image-block  white image-full- layout-one\">\n    <div class=\"container max-1448 padding60\">\n                \n        <div class=\"row image-left\">\n            <div class=\"col image-col\">\n                                            <picture>\n                                <source\n                        media=\"(min-width: 1440px)\"\n                        srcset=\"https:\/\/www.dacgroup.com\/wp-content\/uploads\/2025\/01\/NYC-1600x2133.png\">\n            \n                                <source\n                        media=\"(min-width: 1024px)\"\n                        srcset=\"https:\/\/www.dacgroup.com\/wp-content\/uploads\/2025\/01\/NYC-1024x1365.png\">\n            \n                                <source\n                        media=\"(min-width: 768px)\"\n                        srcset=\"https:\/\/www.dacgroup.com\/wp-content\/uploads\/2025\/01\/NYC-768x1024.png\">\n            \n            <img decoding=\"async\"\n                src=\"https:\/\/www.dacgroup.com\/wp-content\/uploads\/2025\/01\/NYC-480x640.png\"\n                alt=\"\"\n                 loading=\"lazy\" \/>\n        <\/picture>\n                                    <\/div>\n            <div class=\"col text-col\">\n                <h3 class=\"w-100 text-wrap\">Les grands esprits se rencontrent \u00e0 New York<\/h3>                <p><p>Notre \u00e9quipe d\u2019experts est notre plus grand atout. Nous accordons la priorit\u00e9 \u00e0 leur croissance, \u00e0 leur soutien et \u00e0 leur \u00e9panouissement, en veillant \u00e0 ce qu\u2019ils disposent des outils et de l\u2019inspiration n\u00e9cessaires pour offrir le meilleur d\u2019eux-m\u00eames \u00e0 nos clients et partenaires. En investissant dans nos employ\u00e9s, nous cultivons une culture d\u2019excellence qui permet \u00e0 notre \u00e9quipe de repousser les limites et d\u2019obtenir des r\u00e9sultats remarquables.<\/p><\/p>\n\n                                    <a href=\"https:\/\/www.dacgroup.com\/fr\/a-propos-de-nous\/notre-equipe\/\" class=\"btn_primary-filled_black_arrow\" target=\"_self\">\n                        <div> Rencontrez votre \u00e9quipe DAC<\/div>\n                        <svg width=\"24\" height=\"16\" viewBox=\"0 0 24 16\" fill=\"none\" xmlns=\"http:\/\/www.w3.org\/2000\/svg\">\n                            <path d=\"M19.7303 8.96285L14.8759 14.2138C14.5429 14.5741 14.5429 15.1299 14.876 15.4901C15.2481 15.8925 15.8842 15.8925 16.2563 15.49L23.1809 8L16.2563 0.509971C15.8842 0.107507 15.2481 0.10747 14.876 0.509891C14.5429 0.870102 14.5429 1.42591 14.8759 1.78616L19.7303 7.03692H0.962963C0.431133 7.03692 0 7.46806 0 7.99988C0 8.53171 0.431133 8.96285 0.962963 8.96285H19.7303Z\" fill=\"#171616\"><\/path>\n                            <path d=\"M19.7303 8.96285L14.8759 14.2138C14.5429 14.5741 14.5429 15.1299 14.876 15.4901C15.2481 15.8925 15.8842 15.8925 16.2563 15.49L23.1809 8L16.2563 0.509971C15.8842 0.107507 15.2481 0.10747 14.876 0.509891C14.5429 0.870102 14.5429 1.42591 14.8759 1.78616L19.7303 7.03692H0.962963C0.431133 7.03692 0 7.46806 0 7.99988C0 8.53171 0.431133 8.96285 0.962963 8.96285H19.7303Z\" fill=\"black\" fill-opacity=\"0.2\"><\/path>\n                            <path d=\"M19.7303 8.96285L14.8759 14.2138C14.5429 14.5741 14.5429 15.1299 14.876 15.4901C15.2481 15.8925 15.8842 15.8925 16.2563 15.49L23.1809 8L16.2563 0.509971C15.8842 0.107507 15.2481 0.10747 14.876 0.509891C14.5429 0.870102 14.5429 1.42591 14.8759 1.78616L19.7303 7.03692H0.962963C0.431133 7.03692 0 7.46806 0 7.99988C0 8.53171 0.431133 8.96285 0.962963 8.96285H19.7303Z\" fill=\"black\" fill-opacity=\"0.2\"><\/path>\n                        <\/svg>\n                    <\/a>\n                \n                \n                    <a href=\"https:\/\/www.dacgroup.com\/fr\/carriere\/\" class=\"cta-simple-link\" target=\"_self\">\n                        Joignez-vous \u00e0 notre \u00e9quipe gagnante                        <svg width=\"17\" height=\"12\" viewBox=\"0 0 17 12\" fill=\"none\" xmlns=\"http:\/\/www.w3.org\/2000\/svg\">\n                            <path fill-rule=\"evenodd\" clip-rule=\"evenodd\" d=\"M0.975471 4.77453H12.9154L10.0672 1.69374C9.75659 1.35776 9.75662 0.83939 10.0673 0.503445C10.4143 0.128135 11.0076 0.128169 11.3546 0.50352L16.1279 5.66659L11.3546 10.8296C11.0076 11.205 10.4143 11.205 10.0673 10.8297C9.75662 10.4938 9.75659 9.97542 10.0672 9.63944L12.9155 6.55848H0.975471C0.482847 6.55848 0.0834961 6.15913 0.0834961 5.66651C0.0834961 5.17388 0.482847 4.77453 0.975471 4.77453Z\" fill=\"#171616\"\/>\n                        <\/svg>\n\n                    <\/a>\n                            <\/div>\n        <\/div>\n    <\/div>\n<\/section>\n\n\n<section class=\"phrase-carousel\" data-carousel=\"disabled\" data-ptd=\"140\" data-pbd=\"140\" data-ptm=\"35\" data-pbm=\"35\" data-background='#fdeaeb'>\n    \n    \n    <div class=\"container max-1448 padding60\">\n\n        <h2 style=\"color:#363534\">\n\n            \n                Faisons avancer votre entreprise.    \n\n                                    \n        <\/h2>\n                    \n        \n                    \n<div class=\"  \">\n\n        <a href=\"https:\/\/www.dacgroup.com\/fr\/contactez-nous\/\" class=\"btn_primary-filled_black_arrow\" >\n    \n        <div>Discutons-en<\/div>\n\n        \n            \n            <svg width=\"24\" height=\"16\" viewBox=\"0 0 24 16\" fill=\"none\" xmlns=\"http:\/\/www.w3.org\/2000\/svg\">\n                <path d=\"M19.7303 8.96285L14.8759 14.2138C14.5429 14.5741 14.5429 15.1299 14.876 15.4901C15.2481 15.8925 15.8842 15.8925 16.2563 15.49L23.1809 8L16.2563 0.509971C15.8842 0.107507 15.2481 0.10747 14.876 0.509891C14.5429 0.870102 14.5429 1.42591 14.8759 1.78616L19.7303 7.03692H0.962963C0.431133 7.03692 0 7.46806 0 7.99988C0 8.53171 0.431133 8.96285 0.962963 8.96285H19.7303Z\" fill=\"#171616\"\/>\n                <path d=\"M19.7303 8.96285L14.8759 14.2138C14.5429 14.5741 14.5429 15.1299 14.876 15.4901C15.2481 15.8925 15.8842 15.8925 16.2563 15.49L23.1809 8L16.2563 0.509971C15.8842 0.107507 15.2481 0.10747 14.876 0.509891C14.5429 0.870102 14.5429 1.42591 14.8759 1.78616L19.7303 7.03692H0.962963C0.431133 7.03692 0 7.46806 0 7.99988C0 8.53171 0.431133 8.96285 0.962963 8.96285H19.7303Z\" fill=\"black\" fill-opacity=\"0.2\"\/>\n                <path d=\"M19.7303 8.96285L14.8759 14.2138C14.5429 14.5741 14.5429 15.1299 14.876 15.4901C15.2481 15.8925 15.8842 15.8925 16.2563 15.49L23.1809 8L16.2563 0.509971C15.8842 0.107507 15.2481 0.10747 14.876 0.509891C14.5429 0.870102 14.5429 1.42591 14.8759 1.78616L19.7303 7.03692H0.962963C0.431133 7.03692 0 7.46806 0 7.99988C0 8.53171 0.431133 8.96285 0.962963 8.96285H19.7303Z\" fill=\"black\" fill-opacity=\"0.2\"\/>\n            <\/svg>\n\n            \n\n        \n        <\/a>\n    \n<\/div>\n\n\n    <\/div>\n<\/section>","protected":false},"excerpt":{"rendered":"","protected":false},"author":3,"featured_media":0,"parent":3989,"menu_order":0,"comment_status":"closed","ping_status":"closed","template":"page-templates\/page-dac-gutenberg.php","meta":{"content-type":"","footnotes":""},"class_list":["post-55452","page","type-page","status-publish","hentry"],"acf":[],"yoast_head":"<!-- This site is optimized with the Yoast SEO plugin v23.7 - https:\/\/yoast.com\/wordpress\/plugins\/seo\/ -->\n<title>Contactez notre bureau de New York | DAC<\/title>\n<meta name=\"description\" content=\"Apprenez-en davantage sur notre bureau de New York, o\u00f9 les esprits les plus brillants offrent le meilleur service de sa cat\u00e9gorie pour g\u00e9n\u00e9rer des r\u00e9sultats impressionnants. Contactez-nous d\u00e8s aujourd\u2019hui.\" \/>\n<meta name=\"robots\" content=\"index, follow, max-snippet:-1, max-image-preview:large, max-video-preview:-1\" \/>\n<link rel=\"canonical\" href=\"https:\/\/www.dacgroup.com\/fr\/contactez-nous\/new-york\/\" \/>\n<meta property=\"og:locale\" content=\"fr_FR\" \/>\n<meta property=\"og:type\" content=\"article\" \/>\n<meta property=\"og:title\" content=\"Contactez notre bureau de New York | DAC\" \/>\n<meta property=\"og:description\" content=\"Apprenez-en davantage sur notre bureau de New York, o\u00f9 les esprits les plus brillants offrent le meilleur service de sa cat\u00e9gorie pour g\u00e9n\u00e9rer des r\u00e9sultats impressionnants. Contactez-nous d\u00e8s aujourd\u2019hui.\" \/>\n<meta property=\"og:url\" content=\"https:\/\/www.dacgroup.com\/fr\/contactez-nous\/new-york\/\" \/>\n<meta property=\"og:site_name\" content=\"DAC\" \/>\n<meta property=\"article:publisher\" content=\"https:\/\/www.facebook.com\/DACGroup\" \/>\n<meta property=\"article:modified_time\" content=\"2025-08-25T19:52:39+00:00\" \/>\n<meta name=\"twitter:card\" content=\"summary_large_image\" \/>\n<meta name=\"twitter:image\" content=\"https:\/\/www.dacgroup.com\/wp-content\/uploads\/2024\/09\/DAC-logo.svg\" \/>\n<meta name=\"twitter:site\" content=\"@DAC_group\" \/>\n<script type=\"application\/ld+json\" class=\"yoast-schema-graph\">{\"@context\":\"https:\/\/schema.org\",\"@graph\":[{\"@type\":\"WebPage\",\"@id\":\"https:\/\/www.dacgroup.com\/fr\/contactez-nous\/new-york\/\",\"url\":\"https:\/\/www.dacgroup.com\/fr\/contactez-nous\/new-york\/\",\"name\":\"Contactez notre bureau de New York | DAC\",\"isPartOf\":{\"@id\":\"https:\/\/www.dacgroup.com\/fr\/#website\"},\"datePublished\":\"2024-08-30T18:42:24+00:00\",\"dateModified\":\"2025-08-25T19:52:39+00:00\",\"description\":\"Apprenez-en davantage sur notre bureau de New York, o\u00f9 les esprits les plus brillants offrent le meilleur service de sa cat\u00e9gorie pour g\u00e9n\u00e9rer des r\u00e9sultats impressionnants. Contactez-nous d\u00e8s aujourd\u2019hui.\",\"breadcrumb\":{\"@id\":\"https:\/\/www.dacgroup.com\/fr\/contactez-nous\/new-york\/#breadcrumb\"},\"inLanguage\":\"fr-FR\",\"potentialAction\":[{\"@type\":\"ReadAction\",\"target\":[\"https:\/\/www.dacgroup.com\/fr\/contactez-nous\/new-york\/\"]}]},{\"@type\":\"BreadcrumbList\",\"@id\":\"https:\/\/www.dacgroup.com\/fr\/contactez-nous\/new-york\/#breadcrumb\",\"itemListElement\":[{\"@type\":\"ListItem\",\"position\":1,\"name\":\"Home\",\"item\":\"https:\/\/www.dacgroup.com\/fr\/\"},{\"@type\":\"ListItem\",\"position\":2,\"name\":\"Contactez-nous\",\"item\":\"https:\/\/www.dacgroup.com\/fr\/contactez-nous\/\"},{\"@type\":\"ListItem\",\"position\":3,\"name\":\"New York\"}]},{\"@type\":\"WebSite\",\"@id\":\"https:\/\/www.dacgroup.com\/fr\/#website\",\"url\":\"https:\/\/www.dacgroup.com\/fr\/\",\"name\":\"DAC group\",\"description\":\"DAC\",\"publisher\":{\"@id\":\"https:\/\/www.dacgroup.com\/fr\/#organization\"},\"potentialAction\":[{\"@type\":\"SearchAction\",\"target\":{\"@type\":\"EntryPoint\",\"urlTemplate\":\"https:\/\/www.dacgroup.com\/fr\/?s={search_term_string}\"},\"query-input\":{\"@type\":\"PropertyValueSpecification\",\"valueRequired\":true,\"valueName\":\"search_term_string\"}}],\"inLanguage\":\"fr-FR\"},{\"@type\":\"Organization\",\"@id\":\"https:\/\/www.dacgroup.com\/fr\/#organization\",\"name\":\"DAC group\",\"alternateName\":\"DAC\",\"url\":\"https:\/\/www.dacgroup.com\/fr\/\",\"logo\":{\"@type\":\"ImageObject\",\"inLanguage\":\"fr-FR\",\"@id\":\"https:\/\/www.dacgroup.com\/fr\/#\/schema\/logo\/image\/\",\"url\":\"https:\/\/www.dacgroup.com\/wp-content\/uploads\/2024\/09\/DAC-logo.svg\",\"contentUrl\":\"https:\/\/www.dacgroup.com\/wp-content\/uploads\/2024\/09\/DAC-logo.svg\",\"caption\":\"DAC group\"},\"image\":{\"@id\":\"https:\/\/www.dacgroup.com\/fr\/#\/schema\/logo\/image\/\"},\"sameAs\":[\"https:\/\/www.facebook.com\/DACGroup\",\"https:\/\/x.com\/DAC_group\",\"https:\/\/www.linkedin.com\/company\/dac-group\/\",\"https:\/\/www.instagram.com\/dac_group\/\",\"https:\/\/www.youtube.com\/user\/DACgroup1976\"]}]}<\/script>\n<!-- \/ Yoast SEO plugin. -->","yoast_head_json":{"title":"Contactez notre bureau de New York | DAC","description":"Apprenez-en davantage sur notre bureau de New York, o\u00f9 les esprits les plus brillants offrent le meilleur service de sa cat\u00e9gorie pour g\u00e9n\u00e9rer des r\u00e9sultats impressionnants. Contactez-nous d\u00e8s aujourd\u2019hui.","robots":{"index":"index","follow":"follow","max-snippet":"max-snippet:-1","max-image-preview":"max-image-preview:large","max-video-preview":"max-video-preview:-1"},"canonical":"https:\/\/www.dacgroup.com\/fr\/contactez-nous\/new-york\/","og_locale":"fr_FR","og_type":"article","og_title":"Contactez notre bureau de New York | DAC","og_description":"Apprenez-en davantage sur notre bureau de New York, o\u00f9 les esprits les plus brillants offrent le meilleur service de sa cat\u00e9gorie pour g\u00e9n\u00e9rer des r\u00e9sultats impressionnants. Contactez-nous d\u00e8s aujourd\u2019hui.","og_url":"https:\/\/www.dacgroup.com\/fr\/contactez-nous\/new-york\/","og_site_name":"DAC","article_publisher":"https:\/\/www.facebook.com\/DACGroup","article_modified_time":"2025-08-25T19:52:39+00:00","twitter_card":"summary_large_image","twitter_image":"https:\/\/www.dacgroup.com\/wp-content\/uploads\/2024\/09\/DAC-logo.svg","twitter_site":"@DAC_group","schema":{"@context":"https:\/\/schema.org","@graph":[{"@type":"WebPage","@id":"https:\/\/www.dacgroup.com\/fr\/contactez-nous\/new-york\/","url":"https:\/\/www.dacgroup.com\/fr\/contactez-nous\/new-york\/","name":"Contactez notre bureau de New York | DAC","isPartOf":{"@id":"https:\/\/www.dacgroup.com\/fr\/#website"},"datePublished":"2024-08-30T18:42:24+00:00","dateModified":"2025-08-25T19:52:39+00:00","description":"Apprenez-en davantage sur notre bureau de New York, o\u00f9 les esprits les plus brillants offrent le meilleur service de sa cat\u00e9gorie pour g\u00e9n\u00e9rer des r\u00e9sultats impressionnants. Contactez-nous d\u00e8s aujourd\u2019hui.","breadcrumb":{"@id":"https:\/\/www.dacgroup.com\/fr\/contactez-nous\/new-york\/#breadcrumb"},"inLanguage":"fr-FR","potentialAction":[{"@type":"ReadAction","target":["https:\/\/www.dacgroup.com\/fr\/contactez-nous\/new-york\/"]}]},{"@type":"BreadcrumbList","@id":"https:\/\/www.dacgroup.com\/fr\/contactez-nous\/new-york\/#breadcrumb","itemListElement":[{"@type":"ListItem","position":1,"name":"Home","item":"https:\/\/www.dacgroup.com\/fr\/"},{"@type":"ListItem","position":2,"name":"Contactez-nous","item":"https:\/\/www.dacgroup.com\/fr\/contactez-nous\/"},{"@type":"ListItem","position":3,"name":"New York"}]},{"@type":"WebSite","@id":"https:\/\/www.dacgroup.com\/fr\/#website","url":"https:\/\/www.dacgroup.com\/fr\/","name":"DAC group","description":"DAC","publisher":{"@id":"https:\/\/www.dacgroup.com\/fr\/#organization"},"potentialAction":[{"@type":"SearchAction","target":{"@type":"EntryPoint","urlTemplate":"https:\/\/www.dacgroup.com\/fr\/?s={search_term_string}"},"query-input":{"@type":"PropertyValueSpecification","valueRequired":true,"valueName":"search_term_string"}}],"inLanguage":"fr-FR"},{"@type":"Organization","@id":"https:\/\/www.dacgroup.com\/fr\/#organization","name":"DAC group","alternateName":"DAC","url":"https:\/\/www.dacgroup.com\/fr\/","logo":{"@type":"ImageObject","inLanguage":"fr-FR","@id":"https:\/\/www.dacgroup.com\/fr\/#\/schema\/logo\/image\/","url":"https:\/\/www.dacgroup.com\/wp-content\/uploads\/2024\/09\/DAC-logo.svg","contentUrl":"https:\/\/www.dacgroup.com\/wp-content\/uploads\/2024\/09\/DAC-logo.svg","caption":"DAC group"},"image":{"@id":"https:\/\/www.dacgroup.com\/fr\/#\/schema\/logo\/image\/"},"sameAs":["https:\/\/www.facebook.com\/DACGroup","https:\/\/x.com\/DAC_group","https:\/\/www.linkedin.com\/company\/dac-group\/","https:\/\/www.instagram.com\/dac_group\/","https:\/\/www.youtube.com\/user\/DACgroup1976"]}]}},"_links":{"self":[{"href":"https:\/\/www.dacgroup.com\/fr\/wp-json\/wp\/v2\/pages\/55452","targetHints":{"allow":["GET"]}}],"collection":[{"href":"https:\/\/www.dacgroup.com\/fr\/wp-json\/wp\/v2\/pages"}],"about":[{"href":"https:\/\/www.dacgroup.com\/fr\/wp-json\/wp\/v2\/types\/page"}],"author":[{"embeddable":true,"href":"https:\/\/www.dacgroup.com\/fr\/wp-json\/wp\/v2\/users\/3"}],"replies":[{"embeddable":true,"href":"https:\/\/www.dacgroup.com\/fr\/wp-json\/wp\/v2\/comments?post=55452"}],"version-history":[{"count":2,"href":"https:\/\/www.dacgroup.com\/fr\/wp-json\/wp\/v2\/pages\/55452\/revisions"}],"predecessor-version":[{"id":148425,"href":"https:\/\/www.dacgroup.com\/fr\/wp-json\/wp\/v2\/pages\/55452\/revisions\/148425"}],"up":[{"embeddable":true,"href":"https:\/\/www.dacgroup.com\/fr\/wp-json\/wp\/v2\/pages\/3989"}],"wp:attachment":[{"href":"https:\/\/www.dacgroup.com\/fr\/wp-json\/wp\/v2\/media?parent=55452"}],"curies":[{"name":"wp","href":"https:\/\/api.w.org\/{rel}","templated":true}]}}