{"id":7556,"date":"2024-09-02T15:28:40","date_gmt":"2024-09-02T20:28:40","guid":{"rendered":"https:\/\/www.dacgroup.com\/?page_id=7556"},"modified":"2024-09-26T07:23:41","modified_gmt":"2024-09-26T12:23:41","slug":"declaration-dengagement-organisationnel","status":"publish","type":"page","link":"https:\/\/www.dacgroup.com\/fr-ca\/declaration-dengagement-organisationnel\/","title":{"rendered":"D\u00e9claration d\u2019engagement organisationnel"},"content":{"rendered":"\n<section id=\"navigation-breadcrumb\" class=\"container mt-5 mb-3\">\n    \n                            <a href=\"https:\/\/www.dacgroup.com\/\/\">\n                    DAC                <\/a>\n\n                <span class=\"px-2\">\n                    <svg version=\"1.1\" id=\"Layer_1\" xmlns=\"http:\/\/www.w3.org\/2000\/svg\"\n                         xmlns:xlink=\"http:\/\/www.w3.org\/1999\/xlink\" x=\"0px\" y=\"0px\" viewBox=\"0 0 6.8 11.4\"\n                         style=\"enable-background:new 0 0 6.8 11.4;width: 15px;padding: 0px 5px;\" xml:space=\"preserve\"\n                         tabindex=\"-1\">\n                        <g tabindex=\"-1\">\n                            <g tabindex=\"-1\">\n                                <polygon points=\"0.3,1.4 4.6,5.7 0.3,10 1.4,11.1 6.8,5.7 1.4,0.3 \t\t\" tabindex=\"-1\"><\/polygon>\n                            <\/g>\n                            <path d=\"M0.2,10.1l2.4-2.4c0.3-0.3,0.8-0.3,1.1,0l0,0C4,8,4,8.5,3.7,8.8l-2.4,2.4c-0.3,0.3-0.8,0.3-1.1,0l0,0\n                                C0,10.9,0,10.4,0.2,10.1z\" tabindex=\"-1\"><\/path>\n                            <path d=\"M3.7,2.6L1.3,0.2C1-0.1,0.5-0.1,0.2,0.2l0,0c-0.3,0.3-0.3,0.8,0,1.1l2.4,2.4C2.9,4,3.4,4,3.7,3.7l0,0C4,3.4,4,2.9,3.7,2.6z\n                                \" tabindex=\"-1\"><\/path>\n                        <\/g>\n                    <\/svg>\n                <\/span>\n            \n        \n                            <a href=\"https:\/\/www.dacgroup.com\/fr-ca\/accessibilite\/\">\n                    Accessibilit\u00e9                <\/a>\n\n                <span class=\"px-2\">\n                    <svg version=\"1.1\" id=\"Layer_1\" xmlns=\"http:\/\/www.w3.org\/2000\/svg\"\n                         xmlns:xlink=\"http:\/\/www.w3.org\/1999\/xlink\" x=\"0px\" y=\"0px\" viewBox=\"0 0 6.8 11.4\"\n                         style=\"enable-background:new 0 0 6.8 11.4;width: 15px;padding: 0px 5px;\" xml:space=\"preserve\"\n                         tabindex=\"-1\">\n                        <g tabindex=\"-1\">\n                            <g tabindex=\"-1\">\n                                <polygon points=\"0.3,1.4 4.6,5.7 0.3,10 1.4,11.1 6.8,5.7 1.4,0.3 \t\t\" tabindex=\"-1\"><\/polygon>\n                            <\/g>\n                            <path d=\"M0.2,10.1l2.4-2.4c0.3-0.3,0.8-0.3,1.1,0l0,0C4,8,4,8.5,3.7,8.8l-2.4,2.4c-0.3,0.3-0.8,0.3-1.1,0l0,0\n                                C0,10.9,0,10.4,0.2,10.1z\" tabindex=\"-1\"><\/path>\n                            <path d=\"M3.7,2.6L1.3,0.2C1-0.1,0.5-0.1,0.2,0.2l0,0c-0.3,0.3-0.3,0.8,0,1.1l2.4,2.4C2.9,4,3.4,4,3.7,3.7l0,0C4,3.4,4,2.9,3.7,2.6z\n                                \" tabindex=\"-1\"><\/path>\n                        <\/g>\n                    <\/svg>\n                <\/span>\n            \n        \n                            <p>\n                    D\u00e9claration d&#039;engagement organisationnel                <\/p>\n            \n        \n<\/section>\n\n\n\n<section id=\"title-accordion\" class=\"container\">\n\n    <h3> AODA Integrated Accessibility Standards Regulation \u2013 Information &#038; Communication Standard Policy<\/h3>\n\n    <div>\n        <div class=\"accordion services-loop accordion-container\">\n                                <div class=\"accordion-item\">\n                        <h3 class=\"accordion-header\" id=\"heading-1\" data-role=\"accordion-item-header\">\n                            <button class=\"accordion-button ps-0 collapsed\" type=\"button\" data-bs-toggle=\"collapse\" data-bs-target=\"#collapse-1\" aria-expanded=\"false\" aria-controls=\"collapse-1\">\n                                Politique de confidentialit\u00e9                            <\/button>\n                        <\/h3>\n                        <div id=\"collapse-1\" class=\"accordion-collapse collapse\" aria-labelledby=\"heading-1\" data-bs-parent=\"#services-home-accordion\">\n                            <div class=\"accordion-body\">\n                                <div class=\"panel-body\">\n      <h2>D\u00e9claration d&#8217;engagement organisationnel<\/h2>\n<h2>R\u00e9sum\u00e9<\/h2>\n<p>Le GROUPE CED reconna\u00eet que le gouvernement de l&#8217;Ontario soutient la pleine int\u00e9gration des personnes handicap\u00e9es, comme le pr\u00e9voient le Code des droits de la personne de l&#8217;Ontario (le &#8220;Code&#8221;) et la Loi de 2005 sur l&#8217;accessibilit\u00e9 pour les personnes handicap\u00e9es de l&#8217;Ontario (la &#8220;LAPHO&#8221;).\nL&#8217;objectif du gouvernement de l&#8217;Ontario est de rendre l&#8217;Ontario accessible d&#8217;ici 2025. <\/p>\n<p>En vertu de la LAPHO et de ses r\u00e8glements, les normes d&#8217;accessibilit\u00e9 suivantes fixent des exigences applicables au groupe DAC :<\/p>\n<ul>\n<li>Service \u00e0 la client\u00e8le ;<\/li>\n<li>Information et communications ;<\/li>\n<li>L&#8217;emploi ; et<\/li>\n<li>Proposition de normes d&#8217;accessibilit\u00e9 pour l&#8217;environnement b\u00e2ti<\/li>\n<\/ul>\n<h2>Engagement<\/h2>\n<p>Le GROUPE DAC s&#8217;engage \u00e0 fournir ses services dans le respect de la dignit\u00e9 et de l&#8217;ind\u00e9pendance des personnes handicap\u00e9es.\nCet engagement sera int\u00e9gr\u00e9 dans la mesure du possible et garantira que les personnes handicap\u00e9es b\u00e9n\u00e9ficient du m\u00eame acc\u00e8s aux services, au m\u00eame endroit et de la m\u00eame mani\u00e8re que les autres clients. <\/p>\n<p>Le GROUPE DAC s&#8217;engage \u00e0 veiller \u00e0 ce que chaque employ\u00e9, client et client potentiel b\u00e9n\u00e9ficie d&#8217;un acc\u00e8s \u00e9quitable \u00e0 l&#8217;emploi ou aux services, selon le cas, sans discrimination, et b\u00e9n\u00e9ficie d&#8217;am\u00e9nagements raisonnables si n\u00e9cessaire, conform\u00e9ment aux dispositions du Code et de la LAPHO et de ses r\u00e8glements.\nLe DAC GROUP s&#8217;efforce de r\u00e9pondre aux besoins d&#8217;accessibilit\u00e9 des personnes handicap\u00e9es en temps utile. <\/p>\n<p>Le cas \u00e9ch\u00e9ant, le groupe DAC consultera une personne rencontrant des difficult\u00e9s d&#8217;accessibilit\u00e9 afin de comprendre ses besoins sp\u00e9cifiques en mati\u00e8re d&#8217;accessibilit\u00e9, puis fera tous les efforts raisonnables pour r\u00e9pondre \u00e0 ces besoins individuels en temps opportun.<\/p>\n<h2>Moyens d&#8217;atteindre les objectifs d&#8217;accessibilit\u00e9 du groupe CAD<\/h2>\n<p>La pr\u00e9sente d\u00e9claration, les politiques connexes et le plan pluriannuel d&#8217;accessibilit\u00e9 du groupe DAC d\u00e9crivent les strat\u00e9gies et les actions du groupe DAC visant \u00e0 pr\u00e9venir et \u00e0 supprimer les obstacles \u00e0 l&#8217;accessibilit\u00e9 et \u00e0 satisfaire aux exigences de la LAPHO et de son r\u00e8glement d&#8217;application.<\/p>\n<h2>Formats accessibles<\/h2>\n<p>Tous les documents susmentionn\u00e9s seront disponibles dans des formats accessibles sur demande.<\/p>\n<p><a href=\"https:\/\/www.dacgroup.com\/fr\/laccessibilite\/\" class=\"btn\"><a href=\"https:\/\/www.dacgroup.com\/fr\/laccessibilite\/\">RETOUR<\/a><\/a><\/p>\n      <\/div>                            <\/div>\n                        <\/div>\n                    <\/div>\n                        <\/div>\n    <\/div>\n\n<\/section>\n\n","protected":false},"excerpt":{"rendered":"","protected":false},"author":13,"featured_media":0,"parent":0,"menu_order":0,"comment_status":"closed","ping_status":"closed","template":"page-templates\/page-dac-gutenberg.php","meta":{"content-type":"","footnotes":""},"class_list":["post-7556","page","type-page","status-publish","hentry"],"acf":[],"yoast_head":"<!-- This site is optimized with the Yoast SEO plugin v23.7 - https:\/\/yoast.com\/wordpress\/plugins\/seo\/ -->\n<title>D\u00e9claration d&#039;engagement organisationnel | DAC<\/title>\n<meta name=\"robots\" content=\"index, follow, max-snippet:-1, max-image-preview:large, max-video-preview:-1\" \/>\n<link rel=\"canonical\" href=\"https:\/\/www.dacgroup.com\/fr-ca\/declaration-dengagement-organisationnel\/\" \/>\n<meta property=\"og:locale\" content=\"fr_CA\" \/>\n<meta property=\"og:type\" content=\"article\" \/>\n<meta property=\"og:title\" content=\"D\u00e9claration d&#039;engagement organisationnel | DAC\" \/>\n<meta property=\"og:url\" content=\"https:\/\/www.dacgroup.com\/fr-ca\/declaration-dengagement-organisationnel\/\" \/>\n<meta property=\"og:site_name\" content=\"DAC\" \/>\n<meta property=\"article:publisher\" content=\"https:\/\/www.facebook.com\/DACGroup\" \/>\n<meta property=\"article:modified_time\" content=\"2024-09-26T12:23:41+00:00\" \/>\n<meta name=\"twitter:card\" content=\"summary_large_image\" \/>\n<meta name=\"twitter:image\" content=\"https:\/\/www.dacgroup.com\/wp-content\/uploads\/2024\/09\/DAC-logo.svg\" \/>\n<meta name=\"twitter:site\" content=\"@DAC_group\" \/>\n<script type=\"application\/ld+json\" class=\"yoast-schema-graph\">{\"@context\":\"https:\/\/schema.org\",\"@graph\":[{\"@type\":\"WebPage\",\"@id\":\"https:\/\/www.dacgroup.com\/fr-ca\/declaration-dengagement-organisationnel\/\",\"url\":\"https:\/\/www.dacgroup.com\/fr-ca\/declaration-dengagement-organisationnel\/\",\"name\":\"D\u00e9claration d'engagement organisationnel | DAC\",\"isPartOf\":{\"@id\":\"https:\/\/www.dacgroup.com\/fr-ca\/#website\"},\"datePublished\":\"2024-09-02T20:28:40+00:00\",\"dateModified\":\"2024-09-26T12:23:41+00:00\",\"breadcrumb\":{\"@id\":\"https:\/\/www.dacgroup.com\/fr-ca\/declaration-dengagement-organisationnel\/#breadcrumb\"},\"inLanguage\":\"fr-CA\",\"potentialAction\":[{\"@type\":\"ReadAction\",\"target\":[\"https:\/\/www.dacgroup.com\/fr-ca\/declaration-dengagement-organisationnel\/\"]}]},{\"@type\":\"BreadcrumbList\",\"@id\":\"https:\/\/www.dacgroup.com\/fr-ca\/declaration-dengagement-organisationnel\/#breadcrumb\",\"itemListElement\":[{\"@type\":\"ListItem\",\"position\":1,\"name\":\"Home\",\"item\":\"https:\/\/www.dacgroup.com\/fr-ca\/\"},{\"@type\":\"ListItem\",\"position\":2,\"name\":\"D\u00e9claration d\u2019engagement organisationnel\"}]},{\"@type\":\"WebSite\",\"@id\":\"https:\/\/www.dacgroup.com\/fr-ca\/#website\",\"url\":\"https:\/\/www.dacgroup.com\/fr-ca\/\",\"name\":\"DAC group\",\"description\":\"DAC\",\"publisher\":{\"@id\":\"https:\/\/www.dacgroup.com\/fr-ca\/#organization\"},\"potentialAction\":[{\"@type\":\"SearchAction\",\"target\":{\"@type\":\"EntryPoint\",\"urlTemplate\":\"https:\/\/www.dacgroup.com\/fr-ca\/?s={search_term_string}\"},\"query-input\":{\"@type\":\"PropertyValueSpecification\",\"valueRequired\":true,\"valueName\":\"search_term_string\"}}],\"inLanguage\":\"fr-CA\"},{\"@type\":\"Organization\",\"@id\":\"https:\/\/www.dacgroup.com\/fr-ca\/#organization\",\"name\":\"DAC group\",\"alternateName\":\"DAC\",\"url\":\"https:\/\/www.dacgroup.com\/fr-ca\/\",\"logo\":{\"@type\":\"ImageObject\",\"inLanguage\":\"fr-CA\",\"@id\":\"https:\/\/www.dacgroup.com\/fr-ca\/#\/schema\/logo\/image\/\",\"url\":\"https:\/\/www.dacgroup.com\/wp-content\/uploads\/2024\/09\/DAC-logo.svg\",\"contentUrl\":\"https:\/\/www.dacgroup.com\/wp-content\/uploads\/2024\/09\/DAC-logo.svg\",\"caption\":\"DAC group\"},\"image\":{\"@id\":\"https:\/\/www.dacgroup.com\/fr-ca\/#\/schema\/logo\/image\/\"},\"sameAs\":[\"https:\/\/www.facebook.com\/DACGroup\",\"https:\/\/x.com\/DAC_group\",\"https:\/\/www.linkedin.com\/company\/dac-group\/\",\"https:\/\/www.instagram.com\/dac_group\/\",\"https:\/\/www.youtube.com\/user\/DACgroup1976\"]}]}<\/script>\n<!-- \/ Yoast SEO plugin. -->","yoast_head_json":{"title":"D\u00e9claration d'engagement organisationnel | DAC","robots":{"index":"index","follow":"follow","max-snippet":"max-snippet:-1","max-image-preview":"max-image-preview:large","max-video-preview":"max-video-preview:-1"},"canonical":"https:\/\/www.dacgroup.com\/fr-ca\/declaration-dengagement-organisationnel\/","og_locale":"fr_CA","og_type":"article","og_title":"D\u00e9claration d'engagement organisationnel | DAC","og_url":"https:\/\/www.dacgroup.com\/fr-ca\/declaration-dengagement-organisationnel\/","og_site_name":"DAC","article_publisher":"https:\/\/www.facebook.com\/DACGroup","article_modified_time":"2024-09-26T12:23:41+00:00","twitter_card":"summary_large_image","twitter_image":"https:\/\/www.dacgroup.com\/wp-content\/uploads\/2024\/09\/DAC-logo.svg","twitter_site":"@DAC_group","schema":{"@context":"https:\/\/schema.org","@graph":[{"@type":"WebPage","@id":"https:\/\/www.dacgroup.com\/fr-ca\/declaration-dengagement-organisationnel\/","url":"https:\/\/www.dacgroup.com\/fr-ca\/declaration-dengagement-organisationnel\/","name":"D\u00e9claration d'engagement organisationnel | DAC","isPartOf":{"@id":"https:\/\/www.dacgroup.com\/fr-ca\/#website"},"datePublished":"2024-09-02T20:28:40+00:00","dateModified":"2024-09-26T12:23:41+00:00","breadcrumb":{"@id":"https:\/\/www.dacgroup.com\/fr-ca\/declaration-dengagement-organisationnel\/#breadcrumb"},"inLanguage":"fr-CA","potentialAction":[{"@type":"ReadAction","target":["https:\/\/www.dacgroup.com\/fr-ca\/declaration-dengagement-organisationnel\/"]}]},{"@type":"BreadcrumbList","@id":"https:\/\/www.dacgroup.com\/fr-ca\/declaration-dengagement-organisationnel\/#breadcrumb","itemListElement":[{"@type":"ListItem","position":1,"name":"Home","item":"https:\/\/www.dacgroup.com\/fr-ca\/"},{"@type":"ListItem","position":2,"name":"D\u00e9claration d\u2019engagement organisationnel"}]},{"@type":"WebSite","@id":"https:\/\/www.dacgroup.com\/fr-ca\/#website","url":"https:\/\/www.dacgroup.com\/fr-ca\/","name":"DAC group","description":"DAC","publisher":{"@id":"https:\/\/www.dacgroup.com\/fr-ca\/#organization"},"potentialAction":[{"@type":"SearchAction","target":{"@type":"EntryPoint","urlTemplate":"https:\/\/www.dacgroup.com\/fr-ca\/?s={search_term_string}"},"query-input":{"@type":"PropertyValueSpecification","valueRequired":true,"valueName":"search_term_string"}}],"inLanguage":"fr-CA"},{"@type":"Organization","@id":"https:\/\/www.dacgroup.com\/fr-ca\/#organization","name":"DAC group","alternateName":"DAC","url":"https:\/\/www.dacgroup.com\/fr-ca\/","logo":{"@type":"ImageObject","inLanguage":"fr-CA","@id":"https:\/\/www.dacgroup.com\/fr-ca\/#\/schema\/logo\/image\/","url":"https:\/\/www.dacgroup.com\/wp-content\/uploads\/2024\/09\/DAC-logo.svg","contentUrl":"https:\/\/www.dacgroup.com\/wp-content\/uploads\/2024\/09\/DAC-logo.svg","caption":"DAC group"},"image":{"@id":"https:\/\/www.dacgroup.com\/fr-ca\/#\/schema\/logo\/image\/"},"sameAs":["https:\/\/www.facebook.com\/DACGroup","https:\/\/x.com\/DAC_group","https:\/\/www.linkedin.com\/company\/dac-group\/","https:\/\/www.instagram.com\/dac_group\/","https:\/\/www.youtube.com\/user\/DACgroup1976"]}]}},"_links":{"self":[{"href":"https:\/\/www.dacgroup.com\/fr-ca\/wp-json\/wp\/v2\/pages\/7556","targetHints":{"allow":["GET"]}}],"collection":[{"href":"https:\/\/www.dacgroup.com\/fr-ca\/wp-json\/wp\/v2\/pages"}],"about":[{"href":"https:\/\/www.dacgroup.com\/fr-ca\/wp-json\/wp\/v2\/types\/page"}],"author":[{"embeddable":true,"href":"https:\/\/www.dacgroup.com\/fr-ca\/wp-json\/wp\/v2\/users\/13"}],"replies":[{"embeddable":true,"href":"https:\/\/www.dacgroup.com\/fr-ca\/wp-json\/wp\/v2\/comments?post=7556"}],"version-history":[{"count":0,"href":"https:\/\/www.dacgroup.com\/fr-ca\/wp-json\/wp\/v2\/pages\/7556\/revisions"}],"wp:attachment":[{"href":"https:\/\/www.dacgroup.com\/fr-ca\/wp-json\/wp\/v2\/media?parent=7556"}],"curies":[{"name":"wp","href":"https:\/\/api.w.org\/{rel}","templated":true}]}}