{"id":88976,"date":"2024-09-26T05:36:23","date_gmt":"2024-09-26T10:36:23","guid":{"rendered":"https:\/\/www.dacgroup.com\/?page_id=88976"},"modified":"2024-09-26T08:19:28","modified_gmt":"2024-09-26T13:19:28","slug":"normativa-de-accesibilidad","status":"publish","type":"page","link":"https:\/\/www.dacgroup.com\/es\/normativa-de-accesibilidad\/","title":{"rendered":"Regulaci\u00f3n de los Est\u00e1ndares Integrales de Accesibilidad de la AODA \u2013 Pol\u00edtica de Est\u00e1ndares de Informaci\u00f3n y Comunicaci\u00f3n"},"content":{"rendered":"\n<section id=\"navigation-breadcrumb\" class=\"container mt-5 mb-3\">\n    \n                            <a href=\"https:\/\/www.dacgroup.com\/\/\">\n                    DAC                <\/a>\n\n                <span class=\"px-2\">\n                    <svg version=\"1.1\" id=\"Layer_1\" xmlns=\"http:\/\/www.w3.org\/2000\/svg\"\n                         xmlns:xlink=\"http:\/\/www.w3.org\/1999\/xlink\" x=\"0px\" y=\"0px\" viewBox=\"0 0 6.8 11.4\"\n                         style=\"enable-background:new 0 0 6.8 11.4;width: 15px;padding: 0px 5px;\" xml:space=\"preserve\"\n                         tabindex=\"-1\">\n                        <g tabindex=\"-1\">\n                            <g tabindex=\"-1\">\n                                <polygon points=\"0.3,1.4 4.6,5.7 0.3,10 1.4,11.1 6.8,5.7 1.4,0.3 \t\t\" tabindex=\"-1\"><\/polygon>\n                            <\/g>\n                            <path d=\"M0.2,10.1l2.4-2.4c0.3-0.3,0.8-0.3,1.1,0l0,0C4,8,4,8.5,3.7,8.8l-2.4,2.4c-0.3,0.3-0.8,0.3-1.1,0l0,0\n                                C0,10.9,0,10.4,0.2,10.1z\" tabindex=\"-1\"><\/path>\n                            <path d=\"M3.7,2.6L1.3,0.2C1-0.1,0.5-0.1,0.2,0.2l0,0c-0.3,0.3-0.3,0.8,0,1.1l2.4,2.4C2.9,4,3.4,4,3.7,3.7l0,0C4,3.4,4,2.9,3.7,2.6z\n                                \" tabindex=\"-1\"><\/path>\n                        <\/g>\n                    <\/svg>\n                <\/span>\n            \n        \n                            <a href=\"https:\/\/www.dacgroup.com\/es\/accesibilidad\/\">\n                    Accesibilidad                <\/a>\n\n                <span class=\"px-2\">\n                    <svg version=\"1.1\" id=\"Layer_1\" xmlns=\"http:\/\/www.w3.org\/2000\/svg\"\n                         xmlns:xlink=\"http:\/\/www.w3.org\/1999\/xlink\" x=\"0px\" y=\"0px\" viewBox=\"0 0 6.8 11.4\"\n                         style=\"enable-background:new 0 0 6.8 11.4;width: 15px;padding: 0px 5px;\" xml:space=\"preserve\"\n                         tabindex=\"-1\">\n                        <g tabindex=\"-1\">\n                            <g tabindex=\"-1\">\n                                <polygon points=\"0.3,1.4 4.6,5.7 0.3,10 1.4,11.1 6.8,5.7 1.4,0.3 \t\t\" tabindex=\"-1\"><\/polygon>\n                            <\/g>\n                            <path d=\"M0.2,10.1l2.4-2.4c0.3-0.3,0.8-0.3,1.1,0l0,0C4,8,4,8.5,3.7,8.8l-2.4,2.4c-0.3,0.3-0.8,0.3-1.1,0l0,0\n                                C0,10.9,0,10.4,0.2,10.1z\" tabindex=\"-1\"><\/path>\n                            <path d=\"M3.7,2.6L1.3,0.2C1-0.1,0.5-0.1,0.2,0.2l0,0c-0.3,0.3-0.3,0.8,0,1.1l2.4,2.4C2.9,4,3.4,4,3.7,3.7l0,0C4,3.4,4,2.9,3.7,2.6z\n                                \" tabindex=\"-1\"><\/path>\n                        <\/g>\n                    <\/svg>\n                <\/span>\n            \n        \n                            <p>\n                    Normativa de Accesibilidad                <\/p>\n            \n        \n<\/section>\n\n\n\n<section id=\"title-accordion\" class=\"container\">\n\n    <h3> Regulaci\u00f3n de los Est\u00e1ndares Integrales de Accesibilidad de la AODA &#8211; Pol\u00edtica de Est\u00e1ndares de Informaci\u00f3n y Comunicaci\u00f3n<\/h3>\n\n    <div>\n        <div class=\"accordion services-loop accordion-container\">\n                                <div class=\"accordion-item\">\n                        <h3 class=\"accordion-header\" id=\"heading-1\" data-role=\"accordion-item-header\">\n                            <button class=\"accordion-button ps-0 collapsed\" type=\"button\" data-bs-toggle=\"collapse\" data-bs-target=\"#collapse-1\" aria-expanded=\"false\" aria-controls=\"collapse-1\">\n                                Pol\u00edtica de privacidad                            <\/button>\n                        <\/h3>\n                        <div id=\"collapse-1\" class=\"accordion-collapse collapse\" aria-labelledby=\"heading-1\" data-bs-parent=\"#services-home-accordion\">\n                            <div class=\"accordion-body\">\n                                <div class=\"panel-body\">\r\n      <h2>Intenci\u00f3n<\/h2>\r\n<p>Esta pol\u00edtica tiene como objetivo cumplir con los requisitos de las <em>Normas de Accesibilidad Integrada, Regulaci\u00f3n 191\/11 de Ontario<\/em> para la Norma de Informaci\u00f3n y Comunicaciones establecida bajo la <em>Ley de Accesibilidad para Ontarianos con Discapacidades, 2005<\/em>. Esta pol\u00edtica se aplica a la manera en que DAC Group se comunica con el p\u00fablico en la provincia de Ontario.<\/p>\r\n<h2>Definiciones<\/h2>\r\n<p>Formatos Accesibles \u2013 pueden incluir pero no limitarse a letra grande, audio grabado y formatos electr\u00f3nicos, braille y otros formatos que puedan ser utilizados por personas con discapacidades.<\/p>\r\n<p>Ayuda de comunicaci\u00f3n \u2013 puede incluir pero no limitado a subt\u00edtulos, ayuda de comunicaci\u00f3n alternativa y aumentativa, lenguaje sencillo, lenguaje de se\u00f1as y otras ayudas que facilitan una comunicaci\u00f3n efectiva.<\/p>\r\n<p>Conversion Ready \u2013 un formato electr\u00f3nico o digital que facilita la conversi\u00f3n a un formato aceptable.<\/p>\r\n<p>Informaci\u00f3n \u2013 incluye datos, hechos y conocimientos que existen en cualquier formato, incluyendo texto, audio, digital o im\u00e1genes, y transmite significado.<\/p>\r\n<p>Sitio web de Internet: una colecci\u00f3n de p\u00e1ginas web, im\u00e1genes, v\u00eddeos u otros activos digitales relacionados con un Identificador Uniforme de Recursos (URI) com\u00fan y accesible al p\u00fablico.<\/p>\r\n<p>Pautas de Accesibilidad al Contenido Web \u2013 se refiere a la Recomendaci\u00f3n del Consorcio World Wide Web, de diciembre de 2008, titulada Pautas de Accesibilidad al Contenido Web (WCAG) 2.0.\u00bb.<\/p>\r\n<h2>Principios generales<\/h2>\r\n<p>De acuerdo con los <em>Est\u00e1ndares de Accesibilidad Integrada, Regulaci\u00f3n 191\/11 de Ontario<\/em>, esta pol\u00edtica contempla lo siguiente:<\/p>\r\n<ol type=\"A\">\r\n<li>Formatos accesibles y soportes de comunicaci\u00f3n<\/li>\r\n<li>Sitios Web Accesibles y Contenido Web<\/li>\r\n<li>Procedimientos, planes o informaci\u00f3n de seguridad p\u00fablica en caso de emergencia<\/li>\r\n<li>Excepciones<\/li>\r\n<li>Retroalimentaci\u00f3n<\/li>\r\n<\/ol>\r\n<h2>A. Formatos accesibles y soportes de comunicaci\u00f3n<\/h2>\r\n<p>A partir del 1 de enero de 2016, con previa solicitud, el DAC Group proporcionar\u00e1 o se encargar\u00e1 de proporcionar formatos accesibles y soportes de comunicaci\u00f3n para las personas con discapacidad de forma oportuna y sin coste adicional para la persona. DAC Group tendr\u00e1 en cuenta las necesidades de accesibilidad de la persona a la hora de personalizar las solicitudes individuales.<\/p>\r\n<h2>B. Sitios Web Accesibles y Contenido Web<\/h2>\r\n<p>A partir del 1 de enero de 2021, todos los departamentos gestionados por DAC Group adaptar\u00e1n su contenido web a las Pautas de Accesibilidad al Contenido Web (WCAG) 2.0 del Nivel AA. El contenido del sitio web incluye cualquier informaci\u00f3n que resida en un sitio web de Internet.<\/p>\r\n<h2>C. Procedimientos, planes o informaci\u00f3n de seguridad p\u00fablica en caso de emergencia<\/h2>\r\n<p>Si el DAC Group prepara procedimientos de emergencia p\u00fablica, planes o informaci\u00f3n de seguridad p\u00fablica, le proporcionaremos la informaci\u00f3n en un formato accesible o con el apoyo de comunicaci\u00f3n apropiado tan pronto como sea posible, a petici\u00f3n.<\/p>\r\n<h2>D. Excepciones<\/h2>\r\n<p>El <em>Est\u00e1ndar de Informaci\u00f3n y Comunicaciones<\/em> no se aplica a productos y etiquetas de productos; informaci\u00f3n o comunicaciones no modificables; o informaci\u00f3n que el Grupo DAC no controla directa o indirectamente a trav\u00e9s de una relaci\u00f3n contractual. Si DAC Group determina que la informaci\u00f3n o comunicaciones son no modificables, DAC Group proveer\u00e1 a la persona que solicita la informaci\u00f3n o comunicaci\u00f3n con lo siguiente:<\/p>\r\n<ol>\r\n<li>Una explicaci\u00f3n de por qu\u00e9 la informaci\u00f3n o las comunicaciones no son modificables;<\/li>\r\n<li>Un resumen de la informaci\u00f3n o comunicaciones no modificables;<\/li>\r\n<li>La informaci\u00f3n se considera no modificable si no es t\u00e9cnicamente factible convertir la informaci\u00f3n o las comunicaciones; o si la tecnolog\u00eda para convertir la informaci\u00f3n no est\u00e1 f\u00e1cilmente disponible.<\/li>\r\n<\/ol>\r\n<h2>E. Proceso de retroalimentaci\u00f3n<\/h2>\r\n<p>A partir del 1 de enero de 2015, los procesos de DAC Group para recibir y responder a la retroalimentaci\u00f3n ser\u00e1n accesibles a las personas con discapacidad a trav\u00e9s de la entrega de formatos accesibles y soportes de comunicaci\u00f3n, con solicitud previa. DAC Group notificar\u00e1 al p\u00fablico sobre la disponibilidad de dichos formatos accesibles.<\/p>\r\n<p><a href=\"\/es\/accesibilidad\" class=\"btn\">ATR\u00c1S<\/a><\/p>\r\n      <\/div>                            <\/div>\n                        <\/div>\n                    <\/div>\n                        <\/div>\n    <\/div>\n\n<\/section>\n\n","protected":false},"excerpt":{"rendered":"","protected":false},"author":11,"featured_media":0,"parent":0,"menu_order":0,"comment_status":"closed","ping_status":"closed","template":"page-templates\/page-dac-gutenberg.php","meta":{"content-type":"","footnotes":""},"class_list":["post-88976","page","type-page","status-publish","hentry"],"acf":[],"yoast_head":"<!-- This site is optimized with the Yoast SEO plugin v23.7 - https:\/\/yoast.com\/wordpress\/plugins\/seo\/ -->\n<title>Regulaci\u00f3n de los Est\u00e1ndares Integrales de Accesibilidad de la AODA - Pol\u00edtica de Est\u00e1ndares de Informaci\u00f3n y Comunicaci\u00f3n | DAC<\/title>\n<meta name=\"robots\" content=\"index, follow, max-snippet:-1, max-image-preview:large, max-video-preview:-1\" \/>\n<link rel=\"canonical\" href=\"https:\/\/www.dacgroup.com\/es\/normativa-de-accesibilidad\/\" \/>\n<meta property=\"og:locale\" content=\"es_ES\" \/>\n<meta property=\"og:type\" content=\"article\" \/>\n<meta property=\"og:title\" content=\"Regulaci\u00f3n de los Est\u00e1ndares Integrales de Accesibilidad de la AODA - Pol\u00edtica de Est\u00e1ndares de Informaci\u00f3n y Comunicaci\u00f3n | DAC\" \/>\n<meta property=\"og:url\" content=\"https:\/\/www.dacgroup.com\/es\/normativa-de-accesibilidad\/\" \/>\n<meta property=\"og:site_name\" content=\"DAC\" \/>\n<meta property=\"article:publisher\" content=\"https:\/\/www.facebook.com\/DACGroup\" \/>\n<meta property=\"article:modified_time\" content=\"2024-09-26T13:19:28+00:00\" \/>\n<meta name=\"twitter:card\" content=\"summary_large_image\" \/>\n<meta name=\"twitter:image\" content=\"https:\/\/www.dacgroup.com\/wp-content\/uploads\/2024\/09\/DAC-logo.svg\" \/>\n<meta name=\"twitter:site\" content=\"@DAC_group\" \/>\n<script type=\"application\/ld+json\" class=\"yoast-schema-graph\">{\"@context\":\"https:\/\/schema.org\",\"@graph\":[{\"@type\":\"WebPage\",\"@id\":\"https:\/\/www.dacgroup.com\/es\/normativa-de-accesibilidad\/\",\"url\":\"https:\/\/www.dacgroup.com\/es\/normativa-de-accesibilidad\/\",\"name\":\"Regulaci\u00f3n de los Est\u00e1ndares Integrales de Accesibilidad de la AODA - Pol\u00edtica de Est\u00e1ndares de Informaci\u00f3n y Comunicaci\u00f3n | DAC\",\"isPartOf\":{\"@id\":\"https:\/\/www.dacgroup.com\/es\/#website\"},\"datePublished\":\"2024-09-26T10:36:23+00:00\",\"dateModified\":\"2024-09-26T13:19:28+00:00\",\"breadcrumb\":{\"@id\":\"https:\/\/www.dacgroup.com\/es\/normativa-de-accesibilidad\/#breadcrumb\"},\"inLanguage\":\"es-ES\",\"potentialAction\":[{\"@type\":\"ReadAction\",\"target\":[\"https:\/\/www.dacgroup.com\/es\/normativa-de-accesibilidad\/\"]}]},{\"@type\":\"BreadcrumbList\",\"@id\":\"https:\/\/www.dacgroup.com\/es\/normativa-de-accesibilidad\/#breadcrumb\",\"itemListElement\":[{\"@type\":\"ListItem\",\"position\":1,\"name\":\"Home\",\"item\":\"https:\/\/www.dacgroup.com\/es\/\"},{\"@type\":\"ListItem\",\"position\":2,\"name\":\"Regulaci\u00f3n de los Est\u00e1ndares Integrales de Accesibilidad de la AODA \u2013 Pol\u00edtica de Est\u00e1ndares de Informaci\u00f3n y Comunicaci\u00f3n\"}]},{\"@type\":\"WebSite\",\"@id\":\"https:\/\/www.dacgroup.com\/es\/#website\",\"url\":\"https:\/\/www.dacgroup.com\/es\/\",\"name\":\"DAC group\",\"description\":\"DAC\",\"publisher\":{\"@id\":\"https:\/\/www.dacgroup.com\/es\/#organization\"},\"potentialAction\":[{\"@type\":\"SearchAction\",\"target\":{\"@type\":\"EntryPoint\",\"urlTemplate\":\"https:\/\/www.dacgroup.com\/es\/?s={search_term_string}\"},\"query-input\":{\"@type\":\"PropertyValueSpecification\",\"valueRequired\":true,\"valueName\":\"search_term_string\"}}],\"inLanguage\":\"es-ES\"},{\"@type\":\"Organization\",\"@id\":\"https:\/\/www.dacgroup.com\/es\/#organization\",\"name\":\"DAC group\",\"alternateName\":\"DAC\",\"url\":\"https:\/\/www.dacgroup.com\/es\/\",\"logo\":{\"@type\":\"ImageObject\",\"inLanguage\":\"es-ES\",\"@id\":\"https:\/\/www.dacgroup.com\/es\/#\/schema\/logo\/image\/\",\"url\":\"https:\/\/www.dacgroup.com\/wp-content\/uploads\/2024\/09\/DAC-logo.svg\",\"contentUrl\":\"https:\/\/www.dacgroup.com\/wp-content\/uploads\/2024\/09\/DAC-logo.svg\",\"caption\":\"DAC group\"},\"image\":{\"@id\":\"https:\/\/www.dacgroup.com\/es\/#\/schema\/logo\/image\/\"},\"sameAs\":[\"https:\/\/www.facebook.com\/DACGroup\",\"https:\/\/x.com\/DAC_group\",\"https:\/\/www.linkedin.com\/company\/dac-group\/\",\"https:\/\/www.instagram.com\/dac_group\/\",\"https:\/\/www.youtube.com\/user\/DACgroup1976\"]}]}<\/script>\n<!-- \/ Yoast SEO plugin. -->","yoast_head_json":{"title":"Regulaci\u00f3n de los Est\u00e1ndares Integrales de Accesibilidad de la AODA - Pol\u00edtica de Est\u00e1ndares de Informaci\u00f3n y Comunicaci\u00f3n | DAC","robots":{"index":"index","follow":"follow","max-snippet":"max-snippet:-1","max-image-preview":"max-image-preview:large","max-video-preview":"max-video-preview:-1"},"canonical":"https:\/\/www.dacgroup.com\/es\/normativa-de-accesibilidad\/","og_locale":"es_ES","og_type":"article","og_title":"Regulaci\u00f3n de los Est\u00e1ndares Integrales de Accesibilidad de la AODA - Pol\u00edtica de Est\u00e1ndares de Informaci\u00f3n y Comunicaci\u00f3n | DAC","og_url":"https:\/\/www.dacgroup.com\/es\/normativa-de-accesibilidad\/","og_site_name":"DAC","article_publisher":"https:\/\/www.facebook.com\/DACGroup","article_modified_time":"2024-09-26T13:19:28+00:00","twitter_card":"summary_large_image","twitter_image":"https:\/\/www.dacgroup.com\/wp-content\/uploads\/2024\/09\/DAC-logo.svg","twitter_site":"@DAC_group","schema":{"@context":"https:\/\/schema.org","@graph":[{"@type":"WebPage","@id":"https:\/\/www.dacgroup.com\/es\/normativa-de-accesibilidad\/","url":"https:\/\/www.dacgroup.com\/es\/normativa-de-accesibilidad\/","name":"Regulaci\u00f3n de los Est\u00e1ndares Integrales de Accesibilidad de la AODA - Pol\u00edtica de Est\u00e1ndares de Informaci\u00f3n y Comunicaci\u00f3n | DAC","isPartOf":{"@id":"https:\/\/www.dacgroup.com\/es\/#website"},"datePublished":"2024-09-26T10:36:23+00:00","dateModified":"2024-09-26T13:19:28+00:00","breadcrumb":{"@id":"https:\/\/www.dacgroup.com\/es\/normativa-de-accesibilidad\/#breadcrumb"},"inLanguage":"es-ES","potentialAction":[{"@type":"ReadAction","target":["https:\/\/www.dacgroup.com\/es\/normativa-de-accesibilidad\/"]}]},{"@type":"BreadcrumbList","@id":"https:\/\/www.dacgroup.com\/es\/normativa-de-accesibilidad\/#breadcrumb","itemListElement":[{"@type":"ListItem","position":1,"name":"Home","item":"https:\/\/www.dacgroup.com\/es\/"},{"@type":"ListItem","position":2,"name":"Regulaci\u00f3n de los Est\u00e1ndares Integrales de Accesibilidad de la AODA \u2013 Pol\u00edtica de Est\u00e1ndares de Informaci\u00f3n y Comunicaci\u00f3n"}]},{"@type":"WebSite","@id":"https:\/\/www.dacgroup.com\/es\/#website","url":"https:\/\/www.dacgroup.com\/es\/","name":"DAC group","description":"DAC","publisher":{"@id":"https:\/\/www.dacgroup.com\/es\/#organization"},"potentialAction":[{"@type":"SearchAction","target":{"@type":"EntryPoint","urlTemplate":"https:\/\/www.dacgroup.com\/es\/?s={search_term_string}"},"query-input":{"@type":"PropertyValueSpecification","valueRequired":true,"valueName":"search_term_string"}}],"inLanguage":"es-ES"},{"@type":"Organization","@id":"https:\/\/www.dacgroup.com\/es\/#organization","name":"DAC group","alternateName":"DAC","url":"https:\/\/www.dacgroup.com\/es\/","logo":{"@type":"ImageObject","inLanguage":"es-ES","@id":"https:\/\/www.dacgroup.com\/es\/#\/schema\/logo\/image\/","url":"https:\/\/www.dacgroup.com\/wp-content\/uploads\/2024\/09\/DAC-logo.svg","contentUrl":"https:\/\/www.dacgroup.com\/wp-content\/uploads\/2024\/09\/DAC-logo.svg","caption":"DAC group"},"image":{"@id":"https:\/\/www.dacgroup.com\/es\/#\/schema\/logo\/image\/"},"sameAs":["https:\/\/www.facebook.com\/DACGroup","https:\/\/x.com\/DAC_group","https:\/\/www.linkedin.com\/company\/dac-group\/","https:\/\/www.instagram.com\/dac_group\/","https:\/\/www.youtube.com\/user\/DACgroup1976"]}]}},"_links":{"self":[{"href":"https:\/\/www.dacgroup.com\/es\/wp-json\/wp\/v2\/pages\/88976","targetHints":{"allow":["GET"]}}],"collection":[{"href":"https:\/\/www.dacgroup.com\/es\/wp-json\/wp\/v2\/pages"}],"about":[{"href":"https:\/\/www.dacgroup.com\/es\/wp-json\/wp\/v2\/types\/page"}],"author":[{"embeddable":true,"href":"https:\/\/www.dacgroup.com\/es\/wp-json\/wp\/v2\/users\/11"}],"replies":[{"embeddable":true,"href":"https:\/\/www.dacgroup.com\/es\/wp-json\/wp\/v2\/comments?post=88976"}],"version-history":[{"count":0,"href":"https:\/\/www.dacgroup.com\/es\/wp-json\/wp\/v2\/pages\/88976\/revisions"}],"wp:attachment":[{"href":"https:\/\/www.dacgroup.com\/es\/wp-json\/wp\/v2\/media?parent=88976"}],"curies":[{"name":"wp","href":"https:\/\/api.w.org\/{rel}","templated":true}]}}