{"id":7554,"date":"2024-09-02T15:28:40","date_gmt":"2024-09-02T20:28:40","guid":{"rendered":"https:\/\/www.dacgroup.com\/?page_id=7554"},"modified":"2024-09-26T07:43:39","modified_gmt":"2024-09-26T12:43:39","slug":"declaracion-de-compromiso-organizacional","status":"publish","type":"page","link":"https:\/\/www.dacgroup.com\/es\/declaracion-de-compromiso-organizacional\/","title":{"rendered":"Statement of Organizational Commitment"},"content":{"rendered":"\n<section id=\"navigation-breadcrumb\" class=\"container mt-5 mb-3\">\n    \n                            <a href=\"https:\/\/www.dacgroup.com\/\/\">\n                    DAC                <\/a>\n\n                <span class=\"px-2\">\n                    <svg version=\"1.1\" id=\"Layer_1\" xmlns=\"http:\/\/www.w3.org\/2000\/svg\"\n                         xmlns:xlink=\"http:\/\/www.w3.org\/1999\/xlink\" x=\"0px\" y=\"0px\" viewBox=\"0 0 6.8 11.4\"\n                         style=\"enable-background:new 0 0 6.8 11.4;width: 15px;padding: 0px 5px;\" xml:space=\"preserve\"\n                         tabindex=\"-1\">\n                        <g tabindex=\"-1\">\n                            <g tabindex=\"-1\">\n                                <polygon points=\"0.3,1.4 4.6,5.7 0.3,10 1.4,11.1 6.8,5.7 1.4,0.3 \t\t\" tabindex=\"-1\"><\/polygon>\n                            <\/g>\n                            <path d=\"M0.2,10.1l2.4-2.4c0.3-0.3,0.8-0.3,1.1,0l0,0C4,8,4,8.5,3.7,8.8l-2.4,2.4c-0.3,0.3-0.8,0.3-1.1,0l0,0\n                                C0,10.9,0,10.4,0.2,10.1z\" tabindex=\"-1\"><\/path>\n                            <path d=\"M3.7,2.6L1.3,0.2C1-0.1,0.5-0.1,0.2,0.2l0,0c-0.3,0.3-0.3,0.8,0,1.1l2.4,2.4C2.9,4,3.4,4,3.7,3.7l0,0C4,3.4,4,2.9,3.7,2.6z\n                                \" tabindex=\"-1\"><\/path>\n                        <\/g>\n                    <\/svg>\n                <\/span>\n            \n        \n                            <a href=\"https:\/\/www.dacgroup.com\/es\/accesibilidad\/\">\n                    Accesibilidad                <\/a>\n\n                <span class=\"px-2\">\n                    <svg version=\"1.1\" id=\"Layer_1\" xmlns=\"http:\/\/www.w3.org\/2000\/svg\"\n                         xmlns:xlink=\"http:\/\/www.w3.org\/1999\/xlink\" x=\"0px\" y=\"0px\" viewBox=\"0 0 6.8 11.4\"\n                         style=\"enable-background:new 0 0 6.8 11.4;width: 15px;padding: 0px 5px;\" xml:space=\"preserve\"\n                         tabindex=\"-1\">\n                        <g tabindex=\"-1\">\n                            <g tabindex=\"-1\">\n                                <polygon points=\"0.3,1.4 4.6,5.7 0.3,10 1.4,11.1 6.8,5.7 1.4,0.3 \t\t\" tabindex=\"-1\"><\/polygon>\n                            <\/g>\n                            <path d=\"M0.2,10.1l2.4-2.4c0.3-0.3,0.8-0.3,1.1,0l0,0C4,8,4,8.5,3.7,8.8l-2.4,2.4c-0.3,0.3-0.8,0.3-1.1,0l0,0\n                                C0,10.9,0,10.4,0.2,10.1z\" tabindex=\"-1\"><\/path>\n                            <path d=\"M3.7,2.6L1.3,0.2C1-0.1,0.5-0.1,0.2,0.2l0,0c-0.3,0.3-0.3,0.8,0,1.1l2.4,2.4C2.9,4,3.4,4,3.7,3.7l0,0C4,3.4,4,2.9,3.7,2.6z\n                                \" tabindex=\"-1\"><\/path>\n                        <\/g>\n                    <\/svg>\n                <\/span>\n            \n        \n                            <p>\n                    Declaraci\u00f3n de Compromiso Organizacional                <\/p>\n            \n        \n<\/section>\n\n\n\n<section id=\"title-accordion\" class=\"container\">\n\n    <h3> Regulaci\u00f3n de los Est\u00e1ndares Integrados de Accesibilidad de la AODA &#8211; Pol\u00edtica de Est\u00e1ndares de Informaci\u00f3n y Comunicaci\u00f3n<\/h3>\n\n    <div>\n        <div class=\"accordion services-loop accordion-container\">\n                                <div class=\"accordion-item\">\n                        <h3 class=\"accordion-header\" id=\"heading-1\" data-role=\"accordion-item-header\">\n                            <button class=\"accordion-button ps-0 collapsed\" type=\"button\" data-bs-toggle=\"collapse\" data-bs-target=\"#collapse-1\" aria-expanded=\"false\" aria-controls=\"collapse-1\">\n                                Pol\u00edtica de privacidad                            <\/button>\n                        <\/h3>\n                        <div id=\"collapse-1\" class=\"accordion-collapse collapse\" aria-labelledby=\"heading-1\" data-bs-parent=\"#services-home-accordion\">\n                            <div class=\"accordion-body\">\n                                <div class=\"panel-body\">\r\n      <h2>Declaraci\u00f3n de Compromiso Organizacional<\/h2>\r\n<h2>Resumen<\/h2>\r\n<p>El DAC GROUP reconoce que el Gobierno de Ontario apoya la plena inclusi\u00f3n de las personas con discapacidad, tal y como se establece en el C\u00f3digo de Derechos Humanos de Ontario (el \u00abC\u00f3digo\u00bb) y en la Ley de Accesibilidad para los Ontarianos con Discapacidad de 2005 (la \u00abAODA\u00bb). El objetivo del gobierno de Ontario es hacer que Ontario sea accesible para el a\u00f1o 2025.<\/p>\r\n<p>De acuerdo con la AODA y su Reglamento, los siguientes est\u00e1ndares de accesibilidad establecen los requisitos que son aplicables a DAC GROUP:<\/p>\r\n<ul>\r\n<li>Servicio de atenci\u00f3n al cliente;<\/li>\r\n<li>Informaci\u00f3n y comunicaciones;<\/li>\r\n<li>Empleo; y<\/li>\r\n<li>Propuestas de Est\u00e1ndares de Accesibilidad para el Entorno Construido.<\/li>\r\n<\/ul>\r\n<h2>Compromiso<\/h2>\r\n<p>DAC GROUP est\u00e1 comprometido a proporcionar sus servicios de una manera que respete la dignidad e independencia de las personas con discapacidad. Este compromiso se integrar\u00e1 siempre que sea posible y garantizar\u00e1 que las personas con discapacidad se beneficien del mismo acceso a los servicios, en el mismo lugar y de forma similar a otros clientes.<\/p>\r\n<p>DAC GROUP se compromete a asegurar que cada empleado, cliente y posible cliente reciba acceso equitativo al empleo o a los servicios, seg\u00fan sea aplicable sin discriminaci\u00f3n, y reciba adaptaciones especiales cuando sea necesario, de acuerdo con las disposiciones del C\u00f3digo y la AODA y sus Reglamentos. DAC GROUP busca satisfacer las necesidades de accesibilidad de las personas con discapacidad de manera oportuna.<\/p>\r\n<p>Cuando sea necesario, el DAC GROUP consultar\u00e1 con alguna persona que experimente dificultades con la accesibilidad para comprender sus necesidades espec\u00edficas de accesibilidad, y luego har\u00e1 todos los esfuerzos posibles para satisfacer esas necesidades individuales de manera oportuna.<\/p>\r\n<h2>Medios para alcanzar los objetivos de accesibilidad de DAC GROUP<\/h2>\r\n<p>Esta Declaraci\u00f3n, las pol\u00edticas relacionadas y el Plan de Accesibilidad Multianual de DAC Group, definen las estrategias y acciones de DAC GROUP para prevenir y eliminar las barreras a la accesibilidad y para cumplir con los requisitos de la AODA y su Reglamento.<\/p>\r\n<h2>Formatos Accesibles<\/h2>\r\n<p>Todos los documentos mencionados estar\u00e1n disponibles en formatos accesibles con previa solicitud.<\/p>\r\n<p><a href=\"\/es\/accesibilidad\" class=\"btn\">ATR\u00c1S<\/a><\/p>\r\n      <\/div>                            <\/div>\n                        <\/div>\n                    <\/div>\n                        <\/div>\n    <\/div>\n\n<\/section>\n\n","protected":false},"excerpt":{"rendered":"","protected":false},"author":13,"featured_media":0,"parent":0,"menu_order":0,"comment_status":"closed","ping_status":"closed","template":"page-templates\/page-dac-gutenberg.php","meta":{"content-type":"","footnotes":""},"class_list":["post-7554","page","type-page","status-publish","hentry"],"acf":[],"yoast_head":"<!-- This site is optimized with the Yoast SEO plugin v23.7 - https:\/\/yoast.com\/wordpress\/plugins\/seo\/ -->\n<title>Statement of Organizational Commitment | DAC<\/title>\n<meta name=\"robots\" content=\"index, follow, max-snippet:-1, max-image-preview:large, max-video-preview:-1\" \/>\n<link rel=\"canonical\" href=\"https:\/\/www.dacgroup.com\/es\/declaracion-de-compromiso-organizacional\/\" \/>\n<meta property=\"og:locale\" content=\"es_ES\" \/>\n<meta property=\"og:type\" content=\"article\" \/>\n<meta property=\"og:title\" content=\"Statement of Organizational Commitment | DAC\" \/>\n<meta property=\"og:url\" content=\"https:\/\/www.dacgroup.com\/es\/declaracion-de-compromiso-organizacional\/\" \/>\n<meta property=\"og:site_name\" content=\"DAC\" \/>\n<meta property=\"article:publisher\" content=\"https:\/\/www.facebook.com\/DACGroup\" \/>\n<meta property=\"article:modified_time\" content=\"2024-09-26T12:43:39+00:00\" \/>\n<meta name=\"twitter:card\" content=\"summary_large_image\" \/>\n<meta name=\"twitter:image\" content=\"https:\/\/www.dacgroup.com\/wp-content\/uploads\/2024\/09\/DAC-logo.svg\" \/>\n<meta name=\"twitter:site\" content=\"@DAC_group\" \/>\n<script type=\"application\/ld+json\" class=\"yoast-schema-graph\">{\"@context\":\"https:\/\/schema.org\",\"@graph\":[{\"@type\":\"WebPage\",\"@id\":\"https:\/\/www.dacgroup.com\/es\/declaracion-de-compromiso-organizacional\/\",\"url\":\"https:\/\/www.dacgroup.com\/es\/declaracion-de-compromiso-organizacional\/\",\"name\":\"Statement of Organizational Commitment | DAC\",\"isPartOf\":{\"@id\":\"https:\/\/www.dacgroup.com\/es\/#website\"},\"datePublished\":\"2024-09-02T20:28:40+00:00\",\"dateModified\":\"2024-09-26T12:43:39+00:00\",\"breadcrumb\":{\"@id\":\"https:\/\/www.dacgroup.com\/es\/declaracion-de-compromiso-organizacional\/#breadcrumb\"},\"inLanguage\":\"es-ES\",\"potentialAction\":[{\"@type\":\"ReadAction\",\"target\":[\"https:\/\/www.dacgroup.com\/es\/declaracion-de-compromiso-organizacional\/\"]}]},{\"@type\":\"BreadcrumbList\",\"@id\":\"https:\/\/www.dacgroup.com\/es\/declaracion-de-compromiso-organizacional\/#breadcrumb\",\"itemListElement\":[{\"@type\":\"ListItem\",\"position\":1,\"name\":\"Home\",\"item\":\"https:\/\/www.dacgroup.com\/es\/\"},{\"@type\":\"ListItem\",\"position\":2,\"name\":\"Statement of Organizational Commitment\"}]},{\"@type\":\"WebSite\",\"@id\":\"https:\/\/www.dacgroup.com\/es\/#website\",\"url\":\"https:\/\/www.dacgroup.com\/es\/\",\"name\":\"DAC group\",\"description\":\"DAC\",\"publisher\":{\"@id\":\"https:\/\/www.dacgroup.com\/es\/#organization\"},\"potentialAction\":[{\"@type\":\"SearchAction\",\"target\":{\"@type\":\"EntryPoint\",\"urlTemplate\":\"https:\/\/www.dacgroup.com\/es\/?s={search_term_string}\"},\"query-input\":{\"@type\":\"PropertyValueSpecification\",\"valueRequired\":true,\"valueName\":\"search_term_string\"}}],\"inLanguage\":\"es-ES\"},{\"@type\":\"Organization\",\"@id\":\"https:\/\/www.dacgroup.com\/es\/#organization\",\"name\":\"DAC group\",\"alternateName\":\"DAC\",\"url\":\"https:\/\/www.dacgroup.com\/es\/\",\"logo\":{\"@type\":\"ImageObject\",\"inLanguage\":\"es-ES\",\"@id\":\"https:\/\/www.dacgroup.com\/es\/#\/schema\/logo\/image\/\",\"url\":\"https:\/\/www.dacgroup.com\/wp-content\/uploads\/2024\/09\/DAC-logo.svg\",\"contentUrl\":\"https:\/\/www.dacgroup.com\/wp-content\/uploads\/2024\/09\/DAC-logo.svg\",\"caption\":\"DAC group\"},\"image\":{\"@id\":\"https:\/\/www.dacgroup.com\/es\/#\/schema\/logo\/image\/\"},\"sameAs\":[\"https:\/\/www.facebook.com\/DACGroup\",\"https:\/\/x.com\/DAC_group\",\"https:\/\/www.linkedin.com\/company\/dac-group\/\",\"https:\/\/www.instagram.com\/dac_group\/\",\"https:\/\/www.youtube.com\/user\/DACgroup1976\"]}]}<\/script>\n<!-- \/ Yoast SEO plugin. -->","yoast_head_json":{"title":"Statement of Organizational Commitment | DAC","robots":{"index":"index","follow":"follow","max-snippet":"max-snippet:-1","max-image-preview":"max-image-preview:large","max-video-preview":"max-video-preview:-1"},"canonical":"https:\/\/www.dacgroup.com\/es\/declaracion-de-compromiso-organizacional\/","og_locale":"es_ES","og_type":"article","og_title":"Statement of Organizational Commitment | DAC","og_url":"https:\/\/www.dacgroup.com\/es\/declaracion-de-compromiso-organizacional\/","og_site_name":"DAC","article_publisher":"https:\/\/www.facebook.com\/DACGroup","article_modified_time":"2024-09-26T12:43:39+00:00","twitter_card":"summary_large_image","twitter_image":"https:\/\/www.dacgroup.com\/wp-content\/uploads\/2024\/09\/DAC-logo.svg","twitter_site":"@DAC_group","schema":{"@context":"https:\/\/schema.org","@graph":[{"@type":"WebPage","@id":"https:\/\/www.dacgroup.com\/es\/declaracion-de-compromiso-organizacional\/","url":"https:\/\/www.dacgroup.com\/es\/declaracion-de-compromiso-organizacional\/","name":"Statement of Organizational Commitment | DAC","isPartOf":{"@id":"https:\/\/www.dacgroup.com\/es\/#website"},"datePublished":"2024-09-02T20:28:40+00:00","dateModified":"2024-09-26T12:43:39+00:00","breadcrumb":{"@id":"https:\/\/www.dacgroup.com\/es\/declaracion-de-compromiso-organizacional\/#breadcrumb"},"inLanguage":"es-ES","potentialAction":[{"@type":"ReadAction","target":["https:\/\/www.dacgroup.com\/es\/declaracion-de-compromiso-organizacional\/"]}]},{"@type":"BreadcrumbList","@id":"https:\/\/www.dacgroup.com\/es\/declaracion-de-compromiso-organizacional\/#breadcrumb","itemListElement":[{"@type":"ListItem","position":1,"name":"Home","item":"https:\/\/www.dacgroup.com\/es\/"},{"@type":"ListItem","position":2,"name":"Statement of Organizational Commitment"}]},{"@type":"WebSite","@id":"https:\/\/www.dacgroup.com\/es\/#website","url":"https:\/\/www.dacgroup.com\/es\/","name":"DAC group","description":"DAC","publisher":{"@id":"https:\/\/www.dacgroup.com\/es\/#organization"},"potentialAction":[{"@type":"SearchAction","target":{"@type":"EntryPoint","urlTemplate":"https:\/\/www.dacgroup.com\/es\/?s={search_term_string}"},"query-input":{"@type":"PropertyValueSpecification","valueRequired":true,"valueName":"search_term_string"}}],"inLanguage":"es-ES"},{"@type":"Organization","@id":"https:\/\/www.dacgroup.com\/es\/#organization","name":"DAC group","alternateName":"DAC","url":"https:\/\/www.dacgroup.com\/es\/","logo":{"@type":"ImageObject","inLanguage":"es-ES","@id":"https:\/\/www.dacgroup.com\/es\/#\/schema\/logo\/image\/","url":"https:\/\/www.dacgroup.com\/wp-content\/uploads\/2024\/09\/DAC-logo.svg","contentUrl":"https:\/\/www.dacgroup.com\/wp-content\/uploads\/2024\/09\/DAC-logo.svg","caption":"DAC group"},"image":{"@id":"https:\/\/www.dacgroup.com\/es\/#\/schema\/logo\/image\/"},"sameAs":["https:\/\/www.facebook.com\/DACGroup","https:\/\/x.com\/DAC_group","https:\/\/www.linkedin.com\/company\/dac-group\/","https:\/\/www.instagram.com\/dac_group\/","https:\/\/www.youtube.com\/user\/DACgroup1976"]}]}},"_links":{"self":[{"href":"https:\/\/www.dacgroup.com\/es\/wp-json\/wp\/v2\/pages\/7554","targetHints":{"allow":["GET"]}}],"collection":[{"href":"https:\/\/www.dacgroup.com\/es\/wp-json\/wp\/v2\/pages"}],"about":[{"href":"https:\/\/www.dacgroup.com\/es\/wp-json\/wp\/v2\/types\/page"}],"author":[{"embeddable":true,"href":"https:\/\/www.dacgroup.com\/es\/wp-json\/wp\/v2\/users\/13"}],"replies":[{"embeddable":true,"href":"https:\/\/www.dacgroup.com\/es\/wp-json\/wp\/v2\/comments?post=7554"}],"version-history":[{"count":0,"href":"https:\/\/www.dacgroup.com\/es\/wp-json\/wp\/v2\/pages\/7554\/revisions"}],"wp:attachment":[{"href":"https:\/\/www.dacgroup.com\/es\/wp-json\/wp\/v2\/media?parent=7554"}],"curies":[{"name":"wp","href":"https:\/\/api.w.org\/{rel}","templated":true}]}}