{"id":6267,"date":"2024-08-30T18:10:11","date_gmt":"2024-08-30T23:10:11","guid":{"rendered":"https:\/\/www.dacgroup.com\/?page_id=6267"},"modified":"2024-12-10T14:30:22","modified_gmt":"2024-12-10T19:30:22","slug":"accesibilidad","status":"publish","type":"page","link":"https:\/\/www.dacgroup.com\/es\/accesibilidad\/","title":{"rendered":"Accesibilidad"},"content":{"rendered":"\n<section id=\"navigation-breadcrumb\" class=\"container mt-5 mb-3\">\n    \n                            <a href=\"https:\/\/www.dacgroup.com\/\/\">\n                    DAC                <\/a>\n\n                <span class=\"px-2\">\n                    <svg version=\"1.1\" id=\"Layer_1\" xmlns=\"http:\/\/www.w3.org\/2000\/svg\"\n                         xmlns:xlink=\"http:\/\/www.w3.org\/1999\/xlink\" x=\"0px\" y=\"0px\" viewBox=\"0 0 6.8 11.4\"\n                         style=\"enable-background:new 0 0 6.8 11.4;width: 15px;padding: 0px 5px;\" xml:space=\"preserve\"\n                         tabindex=\"-1\">\n                        <g tabindex=\"-1\">\n                            <g tabindex=\"-1\">\n                                <polygon points=\"0.3,1.4 4.6,5.7 0.3,10 1.4,11.1 6.8,5.7 1.4,0.3 \t\t\" tabindex=\"-1\"><\/polygon>\n                            <\/g>\n                            <path d=\"M0.2,10.1l2.4-2.4c0.3-0.3,0.8-0.3,1.1,0l0,0C4,8,4,8.5,3.7,8.8l-2.4,2.4c-0.3,0.3-0.8,0.3-1.1,0l0,0\n                                C0,10.9,0,10.4,0.2,10.1z\" tabindex=\"-1\"><\/path>\n                            <path d=\"M3.7,2.6L1.3,0.2C1-0.1,0.5-0.1,0.2,0.2l0,0c-0.3,0.3-0.3,0.8,0,1.1l2.4,2.4C2.9,4,3.4,4,3.7,3.7l0,0C4,3.4,4,2.9,3.7,2.6z\n                                \" tabindex=\"-1\"><\/path>\n                        <\/g>\n                    <\/svg>\n                <\/span>\n            \n        \n                            <p>\n                    Accesibilidad                <\/p>\n            \n        \n<\/section>\n\n\n\n<section id=\"title-accordion\" class=\"container\">\n\n    <h3> Accesibilidad en DAC Group<\/h3>\n\n    <div>\n        <div class=\"accordion services-loop accordion-container\">\n                                <div class=\"accordion-item\">\n                        <h3 class=\"accordion-header\" id=\"heading-1\" data-role=\"accordion-item-header\">\n                            <button class=\"accordion-button ps-0 collapsed\" type=\"button\" data-bs-toggle=\"collapse\" data-bs-target=\"#collapse-1\" aria-expanded=\"false\" aria-controls=\"collapse-1\">\n                                Pol\u00edtica de privacidad                            <\/button>\n                        <\/h3>\n                        <div id=\"collapse-1\" class=\"accordion-collapse collapse\" aria-labelledby=\"heading-1\" data-bs-parent=\"#services-home-accordion\">\n                            <div class=\"accordion-body\">\n                                <div class=\"panel-body\">\r\n      <div id=\"stcpDiv\">\r\n<p>El Grupo DAC se compromete a adherirse a las directrices presentadas en la AODA. Siempre que sea posible, el Grupo DAC proporcionar\u00e1 bienes y servicios a las personas con discapacidad de forma coherente con los principios de<strong> dignidad<\/strong>, <strong>independencia<\/strong>, <strong>integraci\u00f3n e igualdad de oportunidades representados por la Ley<\/strong>. DAC Group se esfuerza por cultivar un ambiente seguro e inclusivo para sus empleados, clientes y la sociedad.<\/p>\r\n<h2>Material de pol\u00edticas<\/h2>\r\n<ul style=\"padding-left: 16px\">\r\n<li><a href=\"\/es\/accesibilidad\/politica-de-accesibilidad-de-atencion-al-cliente\/\">Pol\u00edtica de Accesibilidad del Servicio de Atenci\u00f3n al Cliente<\/a><\/li>\r\n<li><a href=\"\/es\/accesibilidad\/declaracion-de-compromiso-organizacional\/\">Pol\u00edtica de Accesibilidad del DAC: Declaraci\u00f3n de Compromiso Organizacional<\/a><\/li>\r\n<li><a href=\"\/es\/accesibilidad\/normativa-de-accesibilidad\/\">Regulaci\u00f3n de los Est\u00e1ndares Integrales de Accesibilidad de la AODA \u2013 Pol\u00edtica de Est\u00e1ndares de Informaci\u00f3n y Comunicaci\u00f3n<\/a><\/li>\r\n<li><a href=\"\/es\/accesibilidad\/plan-plurianual-de-accesibilidad\/\">DAC Group \u2013 Plan plurianual de accesibilidad<\/a><\/li>\r\n<\/ul>\r\n<h2>Consejos para navegar por el sitio web de DAC<\/h2>\r\n<p>Algunas caracter\u00edsticas de accesibilidad est\u00e1n incorporadas en los sistemas operativos de los ordenadores y en los navegadores web. Pruebe los siguientes m\u00e9todos para simplificar su experiencia de navegaci\u00f3n web:<\/p>\r\n<h2>Ampliar la pantalla<\/h2>\r\n<p>Muchos navegadores web le permiten hacer zoom en p\u00e1ginas web utilizando sencillos controles de teclado. La lupa le permite enfocar partes espec\u00edficas de la pantalla, ampliando el texto y otros elementos de la p\u00e1gina.<\/p>\r\n<h2>Sistemas operativos Windows<\/h2>\r\n<p>Pulse Ctrl y + para ampliar una p\u00e1gina web.<br>\r\nPresione Ctrl y \u2013 para alejar la imagen.<\/p>\r\n<h2>Sistemas operativos Mac<\/h2>\r\n<p>Pulse Cmd y + para ampliar una p\u00e1gina web.<br>\r\nPresione Cmd y \u2013 para alejar la imagen.<\/p>\r\n<\/div>\r\n      <\/div>                            <\/div>\n                        <\/div>\n                    <\/div>\n                        <\/div>\n    <\/div>\n\n<\/section>\n\n","protected":false},"excerpt":{"rendered":"","protected":false},"author":13,"featured_media":0,"parent":0,"menu_order":0,"comment_status":"closed","ping_status":"closed","template":"page-templates\/page-dac-gutenberg.php","meta":{"content-type":"","footnotes":""},"class_list":["post-6267","page","type-page","status-publish","hentry"],"acf":[],"yoast_head":"<!-- This site is optimized with the Yoast SEO plugin v23.7 - https:\/\/yoast.com\/wordpress\/plugins\/seo\/ -->\n<title>Accesibilidad y compromiso (DEI)<\/title>\n<meta name=\"robots\" content=\"index, follow, max-snippet:-1, max-image-preview:large, max-video-preview:-1\" \/>\n<link rel=\"canonical\" href=\"https:\/\/www.dacgroup.com\/es\/accesibilidad\/\" \/>\n<meta property=\"og:locale\" content=\"es_ES\" \/>\n<meta property=\"og:type\" content=\"article\" \/>\n<meta property=\"og:title\" content=\"Accesibilidad y compromiso (DEI)\" \/>\n<meta property=\"og:url\" content=\"https:\/\/www.dacgroup.com\/es\/accesibilidad\/\" \/>\n<meta property=\"og:site_name\" content=\"DAC\" \/>\n<meta property=\"article:publisher\" content=\"https:\/\/www.facebook.com\/DACGroup\" \/>\n<meta property=\"article:modified_time\" content=\"2024-12-10T19:30:22+00:00\" \/>\n<meta name=\"twitter:card\" content=\"summary_large_image\" \/>\n<meta name=\"twitter:image\" content=\"https:\/\/www.dacgroup.com\/wp-content\/uploads\/2024\/09\/DAC-logo.svg\" \/>\n<meta name=\"twitter:site\" content=\"@DAC_group\" \/>\n<script type=\"application\/ld+json\" class=\"yoast-schema-graph\">{\"@context\":\"https:\/\/schema.org\",\"@graph\":[{\"@type\":\"WebPage\",\"@id\":\"https:\/\/www.dacgroup.com\/es\/accesibilidad\/\",\"url\":\"https:\/\/www.dacgroup.com\/es\/accesibilidad\/\",\"name\":\"Accesibilidad y compromiso (DEI)\",\"isPartOf\":{\"@id\":\"https:\/\/www.dacgroup.com\/es\/#website\"},\"datePublished\":\"2024-08-30T23:10:11+00:00\",\"dateModified\":\"2024-12-10T19:30:22+00:00\",\"breadcrumb\":{\"@id\":\"https:\/\/www.dacgroup.com\/es\/accesibilidad\/#breadcrumb\"},\"inLanguage\":\"es-ES\",\"potentialAction\":[{\"@type\":\"ReadAction\",\"target\":[\"https:\/\/www.dacgroup.com\/es\/accesibilidad\/\"]}]},{\"@type\":\"BreadcrumbList\",\"@id\":\"https:\/\/www.dacgroup.com\/es\/accesibilidad\/#breadcrumb\",\"itemListElement\":[{\"@type\":\"ListItem\",\"position\":1,\"name\":\"Home\",\"item\":\"https:\/\/www.dacgroup.com\/es\/\"},{\"@type\":\"ListItem\",\"position\":2,\"name\":\"Accesibilidad\"}]},{\"@type\":\"WebSite\",\"@id\":\"https:\/\/www.dacgroup.com\/es\/#website\",\"url\":\"https:\/\/www.dacgroup.com\/es\/\",\"name\":\"DAC group\",\"description\":\"DAC\",\"publisher\":{\"@id\":\"https:\/\/www.dacgroup.com\/es\/#organization\"},\"potentialAction\":[{\"@type\":\"SearchAction\",\"target\":{\"@type\":\"EntryPoint\",\"urlTemplate\":\"https:\/\/www.dacgroup.com\/es\/?s={search_term_string}\"},\"query-input\":{\"@type\":\"PropertyValueSpecification\",\"valueRequired\":true,\"valueName\":\"search_term_string\"}}],\"inLanguage\":\"es-ES\"},{\"@type\":\"Organization\",\"@id\":\"https:\/\/www.dacgroup.com\/es\/#organization\",\"name\":\"DAC group\",\"alternateName\":\"DAC\",\"url\":\"https:\/\/www.dacgroup.com\/es\/\",\"logo\":{\"@type\":\"ImageObject\",\"inLanguage\":\"es-ES\",\"@id\":\"https:\/\/www.dacgroup.com\/es\/#\/schema\/logo\/image\/\",\"url\":\"https:\/\/www.dacgroup.com\/wp-content\/uploads\/2024\/09\/DAC-logo.svg\",\"contentUrl\":\"https:\/\/www.dacgroup.com\/wp-content\/uploads\/2024\/09\/DAC-logo.svg\",\"caption\":\"DAC group\"},\"image\":{\"@id\":\"https:\/\/www.dacgroup.com\/es\/#\/schema\/logo\/image\/\"},\"sameAs\":[\"https:\/\/www.facebook.com\/DACGroup\",\"https:\/\/x.com\/DAC_group\",\"https:\/\/www.linkedin.com\/company\/dac-group\/\",\"https:\/\/www.instagram.com\/dac_group\/\",\"https:\/\/www.youtube.com\/user\/DACgroup1976\"]}]}<\/script>\n<!-- \/ Yoast SEO plugin. -->","yoast_head_json":{"title":"Accesibilidad y compromiso (DEI)","robots":{"index":"index","follow":"follow","max-snippet":"max-snippet:-1","max-image-preview":"max-image-preview:large","max-video-preview":"max-video-preview:-1"},"canonical":"https:\/\/www.dacgroup.com\/es\/accesibilidad\/","og_locale":"es_ES","og_type":"article","og_title":"Accesibilidad y compromiso (DEI)","og_url":"https:\/\/www.dacgroup.com\/es\/accesibilidad\/","og_site_name":"DAC","article_publisher":"https:\/\/www.facebook.com\/DACGroup","article_modified_time":"2024-12-10T19:30:22+00:00","twitter_card":"summary_large_image","twitter_image":"https:\/\/www.dacgroup.com\/wp-content\/uploads\/2024\/09\/DAC-logo.svg","twitter_site":"@DAC_group","schema":{"@context":"https:\/\/schema.org","@graph":[{"@type":"WebPage","@id":"https:\/\/www.dacgroup.com\/es\/accesibilidad\/","url":"https:\/\/www.dacgroup.com\/es\/accesibilidad\/","name":"Accesibilidad y compromiso (DEI)","isPartOf":{"@id":"https:\/\/www.dacgroup.com\/es\/#website"},"datePublished":"2024-08-30T23:10:11+00:00","dateModified":"2024-12-10T19:30:22+00:00","breadcrumb":{"@id":"https:\/\/www.dacgroup.com\/es\/accesibilidad\/#breadcrumb"},"inLanguage":"es-ES","potentialAction":[{"@type":"ReadAction","target":["https:\/\/www.dacgroup.com\/es\/accesibilidad\/"]}]},{"@type":"BreadcrumbList","@id":"https:\/\/www.dacgroup.com\/es\/accesibilidad\/#breadcrumb","itemListElement":[{"@type":"ListItem","position":1,"name":"Home","item":"https:\/\/www.dacgroup.com\/es\/"},{"@type":"ListItem","position":2,"name":"Accesibilidad"}]},{"@type":"WebSite","@id":"https:\/\/www.dacgroup.com\/es\/#website","url":"https:\/\/www.dacgroup.com\/es\/","name":"DAC group","description":"DAC","publisher":{"@id":"https:\/\/www.dacgroup.com\/es\/#organization"},"potentialAction":[{"@type":"SearchAction","target":{"@type":"EntryPoint","urlTemplate":"https:\/\/www.dacgroup.com\/es\/?s={search_term_string}"},"query-input":{"@type":"PropertyValueSpecification","valueRequired":true,"valueName":"search_term_string"}}],"inLanguage":"es-ES"},{"@type":"Organization","@id":"https:\/\/www.dacgroup.com\/es\/#organization","name":"DAC group","alternateName":"DAC","url":"https:\/\/www.dacgroup.com\/es\/","logo":{"@type":"ImageObject","inLanguage":"es-ES","@id":"https:\/\/www.dacgroup.com\/es\/#\/schema\/logo\/image\/","url":"https:\/\/www.dacgroup.com\/wp-content\/uploads\/2024\/09\/DAC-logo.svg","contentUrl":"https:\/\/www.dacgroup.com\/wp-content\/uploads\/2024\/09\/DAC-logo.svg","caption":"DAC group"},"image":{"@id":"https:\/\/www.dacgroup.com\/es\/#\/schema\/logo\/image\/"},"sameAs":["https:\/\/www.facebook.com\/DACGroup","https:\/\/x.com\/DAC_group","https:\/\/www.linkedin.com\/company\/dac-group\/","https:\/\/www.instagram.com\/dac_group\/","https:\/\/www.youtube.com\/user\/DACgroup1976"]}]}},"_links":{"self":[{"href":"https:\/\/www.dacgroup.com\/es\/wp-json\/wp\/v2\/pages\/6267","targetHints":{"allow":["GET"]}}],"collection":[{"href":"https:\/\/www.dacgroup.com\/es\/wp-json\/wp\/v2\/pages"}],"about":[{"href":"https:\/\/www.dacgroup.com\/es\/wp-json\/wp\/v2\/types\/page"}],"author":[{"embeddable":true,"href":"https:\/\/www.dacgroup.com\/es\/wp-json\/wp\/v2\/users\/13"}],"replies":[{"embeddable":true,"href":"https:\/\/www.dacgroup.com\/es\/wp-json\/wp\/v2\/comments?post=6267"}],"version-history":[{"count":1,"href":"https:\/\/www.dacgroup.com\/es\/wp-json\/wp\/v2\/pages\/6267\/revisions"}],"predecessor-version":[{"id":94388,"href":"https:\/\/www.dacgroup.com\/es\/wp-json\/wp\/v2\/pages\/6267\/revisions\/94388"}],"wp:attachment":[{"href":"https:\/\/www.dacgroup.com\/es\/wp-json\/wp\/v2\/media?parent=6267"}],"curies":[{"name":"wp","href":"https:\/\/api.w.org\/{rel}","templated":true}]}}