{"id":10101,"date":"2024-08-30T13:42:24","date_gmt":"2024-08-30T18:42:24","guid":{"rendered":"https:\/\/www.dacgroup.com\/ponte-en-contacto-con\/nueva-york\/"},"modified":"2025-08-25T14:50:20","modified_gmt":"2025-08-25T19:50:20","slug":"nueva-york","status":"publish","type":"page","link":"https:\/\/www.dacgroup.com\/es\/ponte-en-contacto-con\/nueva-york\/","title":{"rendered":"Nueva York"},"content":{"rendered":"\n\n    <style>\n        #hero-internal {\n            background-image: url('https:\/\/www.dacgroup.com\/wp-content\/uploads\/2024\/09\/hero-d-insights.jpg');\n            height: 580px !important;\n        }\n\n                @media (min-width: 2000px) {\n            #hero-internal {\n                background-image: url('https:\/\/www.dacgroup.com\/wp-content\/uploads\/2024\/11\/hero-d-newyork-2.png');\n                height: 580px !important;\n            }\n        }\n        \n\n                @media screen and (max-width: 991px) {\n            #hero-internal {\n                background-image: url('https:\/\/www.dacgroup.com\/wp-content\/uploads\/2024\/09\/hero-m-insightsX2.jpg');\n                height: 500px !important;\n            }\n        }\n\n            <\/style>\n\n\n<section id=\"hero-internal\" class=\"noWords background-image\"\n         data-desktoph=\"580px\" data-mobileh=\"500px\">\n\n            <nav class=\"breadcrumb container max-1448 padding60 desktop-only \">\n            <a href=\"https:\/\/www.dacgroup.com\/es\/\">DAC<\/a><img decoding=\"async\" src=\"https:\/\/www.dacgroup.com\/wp-content\/themes\/dac\/img\/chevron-right-white.svg\" alt=\"\" aria-hidden=\"true\"><a class=\"text-capitalize\" href=\"https:\/\/www.dacgroup.com\/es\/ponte-en-contacto-con\/\">Ponte En Contacto Con<\/a>        <\/nav>\n    \n    \n    <div class=\"container max-1448 padding60 hero-internal-content-block\"\n         style=\"text-align:left;align-items:start\">\n\n                            <h1 style=\"color:#ffffff;\">\n                Agencia de medios de comunicaci\u00f3n galardonada, aqu\u00ed mismo, en Nueva York            <\/h1>\n        \n                    \n        <div class=\"cta-container-row\">\n           \n                                <\/div>\n \n    <\/div>\n<\/section>\n\n\n    <div class=\"responsive-hero-footer mobile-only\">\n                    <nav class=\"breadcrumb container max-1448 padding60 mobile-only\">\n                <a href=\"https:\/\/www.dacgroup.com\/es\/\">DAC<\/a><img decoding=\"async\" src=\"https:\/\/www.dacgroup.com\/wp-content\/themes\/dac\/img\/chevron-right-white.svg\" alt=\"\" aria-hidden=\"true\"><a class=\"text-capitalize\" href=\"https:\/\/www.dacgroup.com\/es\/ponte-en-contacto-con\/\">Ponte En Contacto Con<\/a>            <\/nav>\n        \n        \n                    <h1 style=\"color:#ffffff; \" class=\"mt-0\">\n                Agencia de medios de comunicaci\u00f3n galardonada, aqu\u00ed mismo, en Nueva York            <\/h1>\n        \n        \n\n        <div class=\"cta-container-row mobile\">\n           \n            \n                        <\/div>\n    <\/div>\n\n\n\n\n<section class=\"location-contact-block\">\n    <div class=\"container max-1448 padding60\">\n        <div class=\"location-info\">\n            <h2 class=\"location-address\">\n                                    4 Manhattanville Road, Suite 203<br> Purchase, Nueva York 10577<br>\n                \n                \n                \n                            <\/h2>\n\n                            <a href=\"https:\/\/maps.app.goo.gl\/wfF7tHAPParceUpv5\" class=\"location-directions-link\" target=\"_blank\">\n                    Obt\u00e9n indicaciones \u2192                <\/a>\n            \n                            <div class=\"phones\">\n                \n                <a href=\"tel:15025823565\" class=\"location-phone\">+1(502) 582-3565<\/a>\n\n                \n                <a href=\"tel:18005323565\" class=\"location-phone\">+1 (800)532-3565<\/a>\n\n                \n                <\/div>\n            \n                            <div class=\"managers\">\n                \n                <div class=\"contact-person\">\n                                            <img decoding=\"async\" loading=\"lazy\" src=\"https:\/\/www.dacgroup.com\/wp-content\/uploads\/2024\/08\/kprashad.jpg\" alt=\"Kiran Prashad\" class=\"contact-image\">\n                                        <div class=\"contact-person__name_title\">\n                        <p class=\"contact-name\">Kiran Prashad<\/p>\n                        <p class=\"contact-title\">Socia, Directora de Operaciones<\/p>\n                    <\/div>\n                <\/div>\n                \n                <div class=\"contact-person\">\n                                            <img decoding=\"async\" loading=\"lazy\" src=\"https:\/\/www.dacgroup.com\/wp-content\/uploads\/2024\/08\/jhendrickson.jpg\" alt=\"Jared Hendrickson\" class=\"contact-image\">\n                                        <div class=\"contact-person__name_title\">\n                        <p class=\"contact-name\">Jared Hendrickson<\/p>\n                        <p class=\"contact-title\">VP, Director General, Nueva York<\/p>\n                    <\/div>\n                <\/div>\n                \n                <\/div>\n                    <\/div>\n\n        <div class=\"location-description\">\n            <p>La oficina de Nueva York refleja a la perfecci\u00f3n los valores fundamentales de DAC. Inspirados por la energ\u00eda \u00fanica de esta gran ciudad, integramos esa vitalidad en nuestra agencia, y en cada uno de los proyectos que desarrollamos para nuestros clientes. Nuestro objetivo es impulsar un crecimiento transformador que supere las expectativas de nuestros clientes.<\/p>\n            <div class=\"mt-4\">\n                \n                    \n<div class=\"  \">\n\n        <a href=\"https:\/\/www.dacgroup.com\/es\/ponte-en-contacto-con\/\" class=\"btn_primary-filled_black_arrow\" >\n    \n        <div>Contacta con nosotros<\/div>\n\n        \n            \n            <svg width=\"24\" height=\"16\" viewBox=\"0 0 24 16\" fill=\"none\" xmlns=\"http:\/\/www.w3.org\/2000\/svg\">\n                <path d=\"M19.7303 8.96285L14.8759 14.2138C14.5429 14.5741 14.5429 15.1299 14.876 15.4901C15.2481 15.8925 15.8842 15.8925 16.2563 15.49L23.1809 8L16.2563 0.509971C15.8842 0.107507 15.2481 0.10747 14.876 0.509891C14.5429 0.870102 14.5429 1.42591 14.8759 1.78616L19.7303 7.03692H0.962963C0.431133 7.03692 0 7.46806 0 7.99988C0 8.53171 0.431133 8.96285 0.962963 8.96285H19.7303Z\" fill=\"#171616\"\/>\n                <path d=\"M19.7303 8.96285L14.8759 14.2138C14.5429 14.5741 14.5429 15.1299 14.876 15.4901C15.2481 15.8925 15.8842 15.8925 16.2563 15.49L23.1809 8L16.2563 0.509971C15.8842 0.107507 15.2481 0.10747 14.876 0.509891C14.5429 0.870102 14.5429 1.42591 14.8759 1.78616L19.7303 7.03692H0.962963C0.431133 7.03692 0 7.46806 0 7.99988C0 8.53171 0.431133 8.96285 0.962963 8.96285H19.7303Z\" fill=\"black\" fill-opacity=\"0.2\"\/>\n                <path d=\"M19.7303 8.96285L14.8759 14.2138C14.5429 14.5741 14.5429 15.1299 14.876 15.4901C15.2481 15.8925 15.8842 15.8925 16.2563 15.49L23.1809 8L16.2563 0.509971C15.8842 0.107507 15.2481 0.10747 14.876 0.509891C14.5429 0.870102 14.5429 1.42591 14.8759 1.78616L19.7303 7.03692H0.962963C0.431133 7.03692 0 7.46806 0 7.99988C0 8.53171 0.431133 8.96285 0.962963 8.96285H19.7303Z\" fill=\"black\" fill-opacity=\"0.2\"\/>\n            <\/svg>\n\n            \n\n        \n        <\/a>\n    \n<\/div>\n\n            <\/div>\n        <\/div>\n    <\/div>\n<\/section>\n\n\n\n<section class=\"text-image-block  white image-full- layout-one\">\n    <div class=\"container max-1448 padding60\">\n                \n        <div class=\"row reverse image-right\">\n            <div class=\"col image-col\">\n                                            <picture>\n                                <source\n                        media=\"(min-width: 1440px)\"\n                        srcset=\"https:\/\/www.dacgroup.com\/wp-content\/uploads\/2024\/08\/Logos-2.png\">\n            \n                                <source\n                        media=\"(min-width: 1024px)\"\n                        srcset=\"https:\/\/www.dacgroup.com\/wp-content\/uploads\/2024\/08\/Logos-2.png\">\n            \n                                <source\n                        media=\"(min-width: 768px)\"\n                        srcset=\"https:\/\/www.dacgroup.com\/wp-content\/uploads\/2024\/08\/Logos-2.png\">\n            \n            <img decoding=\"async\"\n                src=\"https:\/\/www.dacgroup.com\/wp-content\/uploads\/2024\/08\/Logos-2.png\"\n                alt=\"\"\n                 loading=\"lazy\" \/>\n        <\/picture>\n                                    <\/div>\n            <div class=\"col text-col\">\n                <h3 class=\"w-100 text-wrap\">Alcanza mayores resultados<\/h3>                <p><p>Nuestro valor \u00fanico reside en nuestra capacidad para integrar a la perfecci\u00f3n estrategias de nivel empresarial con la ejecuci\u00f3n en el mercado local, garantizando que tu marca resuene a todos los niveles.<br \/> Desde las estrategias de medios en todo el embudo hasta la integraci\u00f3n completa de nuestros equipos y soluciones, ofrecemos un enfoque global que impulsa resultados cuantificables.<br \/> Nuestra metodolog\u00eda hol\u00edstica nos permite adaptar nuestros servicios para satisfacer tus necesidades empresariales espec\u00edficas. <\/p><\/p>\n\n                                    <a href=\"https:\/\/www.dacgroup.com\/es\/sobre-nosotros\/\" class=\"btn_primary-filled_black_arrow\" target=\"_self\">\n                        <div>M\u00e1s informaci\u00f3n<\/div>\n                        <svg width=\"24\" height=\"16\" viewBox=\"0 0 24 16\" fill=\"none\" xmlns=\"http:\/\/www.w3.org\/2000\/svg\">\n                            <path d=\"M19.7303 8.96285L14.8759 14.2138C14.5429 14.5741 14.5429 15.1299 14.876 15.4901C15.2481 15.8925 15.8842 15.8925 16.2563 15.49L23.1809 8L16.2563 0.509971C15.8842 0.107507 15.2481 0.10747 14.876 0.509891C14.5429 0.870102 14.5429 1.42591 14.8759 1.78616L19.7303 7.03692H0.962963C0.431133 7.03692 0 7.46806 0 7.99988C0 8.53171 0.431133 8.96285 0.962963 8.96285H19.7303Z\" fill=\"#171616\"><\/path>\n                            <path d=\"M19.7303 8.96285L14.8759 14.2138C14.5429 14.5741 14.5429 15.1299 14.876 15.4901C15.2481 15.8925 15.8842 15.8925 16.2563 15.49L23.1809 8L16.2563 0.509971C15.8842 0.107507 15.2481 0.10747 14.876 0.509891C14.5429 0.870102 14.5429 1.42591 14.8759 1.78616L19.7303 7.03692H0.962963C0.431133 7.03692 0 7.46806 0 7.99988C0 8.53171 0.431133 8.96285 0.962963 8.96285H19.7303Z\" fill=\"black\" fill-opacity=\"0.2\"><\/path>\n                            <path d=\"M19.7303 8.96285L14.8759 14.2138C14.5429 14.5741 14.5429 15.1299 14.876 15.4901C15.2481 15.8925 15.8842 15.8925 16.2563 15.49L23.1809 8L16.2563 0.509971C15.8842 0.107507 15.2481 0.10747 14.876 0.509891C14.5429 0.870102 14.5429 1.42591 14.8759 1.78616L19.7303 7.03692H0.962963C0.431133 7.03692 0 7.46806 0 7.99988C0 8.53171 0.431133 8.96285 0.962963 8.96285H19.7303Z\" fill=\"black\" fill-opacity=\"0.2\"><\/path>\n                        <\/svg>\n                    <\/a>\n                \n                            <\/div>\n        <\/div>\n    <\/div>\n<\/section>\n\n\n<section class=\"text-image-block  white image-full- layout-one\">\n    <div class=\"container max-1448 padding60\">\n                \n        <div class=\"row image-left\">\n            <div class=\"col image-col\">\n                                            <picture>\n                                <source\n                        media=\"(min-width: 1440px)\"\n                        srcset=\"https:\/\/www.dacgroup.com\/wp-content\/uploads\/2025\/01\/NYC-1600x2133.png\">\n            \n                                <source\n                        media=\"(min-width: 1024px)\"\n                        srcset=\"https:\/\/www.dacgroup.com\/wp-content\/uploads\/2025\/01\/NYC-1024x1365.png\">\n            \n                                <source\n                        media=\"(min-width: 768px)\"\n                        srcset=\"https:\/\/www.dacgroup.com\/wp-content\/uploads\/2025\/01\/NYC-768x1024.png\">\n            \n            <img decoding=\"async\"\n                src=\"https:\/\/www.dacgroup.com\/wp-content\/uploads\/2025\/01\/NYC-480x640.png\"\n                alt=\"\"\n                 loading=\"lazy\" \/>\n        <\/picture>\n                                    <\/div>\n            <div class=\"col text-col\">\n                <h3 class=\"w-100 text-wrap\">Las mejores y m\u00e1s brillantes mentes de Nueva York<\/h3>                <p><p>En DAC, nuestro equipo de expertos es nuestro mayor activo.<br \/> Damos prioridad a su crecimiento, apoyo y realizaci\u00f3n, asegur\u00e1ndonos de que tienen las herramientas y la inspiraci\u00f3n para ofrecer lo mejor a nuestros clientes y socios.<br \/> Al invertir en nuestra gente, cultivamos una cultura de excelencia que capacita a nuestro equipo para superar los l\u00edmites y lograr resultados notables. <\/p><\/p>\n\n                                    <a href=\"https:\/\/www.dacgroup.com\/es\/sobre-nosotros\/nuestro-equipo\/\" class=\"btn_primary-filled_black_arrow\" target=\"_self\">\n                        <div>Conoce al equipo DAC<\/div>\n                        <svg width=\"24\" height=\"16\" viewBox=\"0 0 24 16\" fill=\"none\" xmlns=\"http:\/\/www.w3.org\/2000\/svg\">\n                            <path d=\"M19.7303 8.96285L14.8759 14.2138C14.5429 14.5741 14.5429 15.1299 14.876 15.4901C15.2481 15.8925 15.8842 15.8925 16.2563 15.49L23.1809 8L16.2563 0.509971C15.8842 0.107507 15.2481 0.10747 14.876 0.509891C14.5429 0.870102 14.5429 1.42591 14.8759 1.78616L19.7303 7.03692H0.962963C0.431133 7.03692 0 7.46806 0 7.99988C0 8.53171 0.431133 8.96285 0.962963 8.96285H19.7303Z\" fill=\"#171616\"><\/path>\n                            <path d=\"M19.7303 8.96285L14.8759 14.2138C14.5429 14.5741 14.5429 15.1299 14.876 15.4901C15.2481 15.8925 15.8842 15.8925 16.2563 15.49L23.1809 8L16.2563 0.509971C15.8842 0.107507 15.2481 0.10747 14.876 0.509891C14.5429 0.870102 14.5429 1.42591 14.8759 1.78616L19.7303 7.03692H0.962963C0.431133 7.03692 0 7.46806 0 7.99988C0 8.53171 0.431133 8.96285 0.962963 8.96285H19.7303Z\" fill=\"black\" fill-opacity=\"0.2\"><\/path>\n                            <path d=\"M19.7303 8.96285L14.8759 14.2138C14.5429 14.5741 14.5429 15.1299 14.876 15.4901C15.2481 15.8925 15.8842 15.8925 16.2563 15.49L23.1809 8L16.2563 0.509971C15.8842 0.107507 15.2481 0.10747 14.876 0.509891C14.5429 0.870102 14.5429 1.42591 14.8759 1.78616L19.7303 7.03692H0.962963C0.431133 7.03692 0 7.46806 0 7.99988C0 8.53171 0.431133 8.96285 0.962963 8.96285H19.7303Z\" fill=\"black\" fill-opacity=\"0.2\"><\/path>\n                        <\/svg>\n                    <\/a>\n                \n                \n                    <a href=\"https:\/\/www.dacgroup.com\/es\/carreras-profesionales\/\" class=\"cta-simple-link\" target=\"_self\">\n                        \u00danete a nuestro equipo ganador                        <svg width=\"17\" height=\"12\" viewBox=\"0 0 17 12\" fill=\"none\" xmlns=\"http:\/\/www.w3.org\/2000\/svg\">\n                            <path fill-rule=\"evenodd\" clip-rule=\"evenodd\" d=\"M0.975471 4.77453H12.9154L10.0672 1.69374C9.75659 1.35776 9.75662 0.83939 10.0673 0.503445C10.4143 0.128135 11.0076 0.128169 11.3546 0.50352L16.1279 5.66659L11.3546 10.8296C11.0076 11.205 10.4143 11.205 10.0673 10.8297C9.75662 10.4938 9.75659 9.97542 10.0672 9.63944L12.9155 6.55848H0.975471C0.482847 6.55848 0.0834961 6.15913 0.0834961 5.66651C0.0834961 5.17388 0.482847 4.77453 0.975471 4.77453Z\" fill=\"#171616\"\/>\n                        <\/svg>\n\n                    <\/a>\n                            <\/div>\n        <\/div>\n    <\/div>\n<\/section>\n\n\n<section class=\"phrase-carousel\" data-carousel=\"disabled\" data-ptd=\"140\" data-pbd=\"140\" data-ptm=\"35\" data-pbm=\"35\" data-background='#fdeaeb'>\n    \n    \n    <div class=\"container max-1448 padding60\">\n\n        <h2 style=\"color:#363534\">\n\n            \n                Impulsemos tu negocio forward    \n\n                                    \n        <\/h2>\n                    \n        \n                    \n<div class=\"  \">\n\n        <a href=\"https:\/\/www.dacgroup.com\/es\/ponte-en-contacto-con\/\" class=\"btn_primary-filled_black_arrow\" >\n    \n        <div>Hablemos<\/div>\n\n        \n            \n            <svg width=\"24\" height=\"16\" viewBox=\"0 0 24 16\" fill=\"none\" xmlns=\"http:\/\/www.w3.org\/2000\/svg\">\n                <path d=\"M19.7303 8.96285L14.8759 14.2138C14.5429 14.5741 14.5429 15.1299 14.876 15.4901C15.2481 15.8925 15.8842 15.8925 16.2563 15.49L23.1809 8L16.2563 0.509971C15.8842 0.107507 15.2481 0.10747 14.876 0.509891C14.5429 0.870102 14.5429 1.42591 14.8759 1.78616L19.7303 7.03692H0.962963C0.431133 7.03692 0 7.46806 0 7.99988C0 8.53171 0.431133 8.96285 0.962963 8.96285H19.7303Z\" fill=\"#171616\"\/>\n                <path d=\"M19.7303 8.96285L14.8759 14.2138C14.5429 14.5741 14.5429 15.1299 14.876 15.4901C15.2481 15.8925 15.8842 15.8925 16.2563 15.49L23.1809 8L16.2563 0.509971C15.8842 0.107507 15.2481 0.10747 14.876 0.509891C14.5429 0.870102 14.5429 1.42591 14.8759 1.78616L19.7303 7.03692H0.962963C0.431133 7.03692 0 7.46806 0 7.99988C0 8.53171 0.431133 8.96285 0.962963 8.96285H19.7303Z\" fill=\"black\" fill-opacity=\"0.2\"\/>\n                <path d=\"M19.7303 8.96285L14.8759 14.2138C14.5429 14.5741 14.5429 15.1299 14.876 15.4901C15.2481 15.8925 15.8842 15.8925 16.2563 15.49L23.1809 8L16.2563 0.509971C15.8842 0.107507 15.2481 0.10747 14.876 0.509891C14.5429 0.870102 14.5429 1.42591 14.8759 1.78616L19.7303 7.03692H0.962963C0.431133 7.03692 0 7.46806 0 7.99988C0 8.53171 0.431133 8.96285 0.962963 8.96285H19.7303Z\" fill=\"black\" fill-opacity=\"0.2\"\/>\n            <\/svg>\n\n            \n\n        \n        <\/a>\n    \n<\/div>\n\n\n    <\/div>\n<\/section>","protected":false},"excerpt":{"rendered":"","protected":false},"author":3,"featured_media":0,"parent":4002,"menu_order":0,"comment_status":"closed","ping_status":"closed","template":"page-templates\/page-dac-gutenberg.php","meta":{"content-type":"","footnotes":""},"class_list":["post-10101","page","type-page","status-publish","hentry"],"acf":[],"yoast_head":"<!-- This site is optimized with the Yoast SEO plugin v23.7 - https:\/\/yoast.com\/wordpress\/plugins\/seo\/ -->\n<title>Contacta con nuestra oficina de Nueva York | DAC<\/title>\n<meta name=\"description\" content=\"Obt\u00e9n m\u00e1s informaci\u00f3n sobre la oficina de DAC en Nueva York, donde las mentes m\u00e1s brillantes prestan el mejor servicio de su clase para impulsar potentes resultados. Ponte en contacto hoy mismo.\" \/>\n<meta name=\"robots\" content=\"index, follow, max-snippet:-1, max-image-preview:large, max-video-preview:-1\" \/>\n<link rel=\"canonical\" href=\"https:\/\/www.dacgroup.com\/es\/ponte-en-contacto-con\/nueva-york\/\" \/>\n<meta property=\"og:locale\" content=\"es_ES\" \/>\n<meta property=\"og:type\" content=\"article\" \/>\n<meta property=\"og:title\" content=\"Contacta con nuestra oficina de Nueva York | DAC\" \/>\n<meta property=\"og:description\" content=\"Obt\u00e9n m\u00e1s informaci\u00f3n sobre la oficina de DAC en Nueva York, donde las mentes m\u00e1s brillantes prestan el mejor servicio de su clase para impulsar potentes resultados. Ponte en contacto hoy mismo.\" \/>\n<meta property=\"og:url\" content=\"https:\/\/www.dacgroup.com\/es\/ponte-en-contacto-con\/nueva-york\/\" \/>\n<meta property=\"og:site_name\" content=\"DAC\" \/>\n<meta property=\"article:publisher\" content=\"https:\/\/www.facebook.com\/DACGroup\" \/>\n<meta property=\"article:modified_time\" content=\"2025-08-25T19:50:20+00:00\" \/>\n<meta name=\"twitter:card\" content=\"summary_large_image\" \/>\n<meta name=\"twitter:image\" content=\"https:\/\/www.dacgroup.com\/wp-content\/uploads\/2024\/09\/DAC-logo.svg\" \/>\n<meta name=\"twitter:site\" content=\"@DAC_group\" \/>\n<script type=\"application\/ld+json\" class=\"yoast-schema-graph\">{\"@context\":\"https:\/\/schema.org\",\"@graph\":[{\"@type\":\"WebPage\",\"@id\":\"https:\/\/www.dacgroup.com\/es\/ponte-en-contacto-con\/nueva-york\/\",\"url\":\"https:\/\/www.dacgroup.com\/es\/ponte-en-contacto-con\/nueva-york\/\",\"name\":\"Contacta con nuestra oficina de Nueva York | DAC\",\"isPartOf\":{\"@id\":\"https:\/\/www.dacgroup.com\/es\/#website\"},\"datePublished\":\"2024-08-30T18:42:24+00:00\",\"dateModified\":\"2025-08-25T19:50:20+00:00\",\"description\":\"Obt\u00e9n m\u00e1s informaci\u00f3n sobre la oficina de DAC en Nueva York, donde las mentes m\u00e1s brillantes prestan el mejor servicio de su clase para impulsar potentes resultados. Ponte en contacto hoy mismo.\",\"breadcrumb\":{\"@id\":\"https:\/\/www.dacgroup.com\/es\/ponte-en-contacto-con\/nueva-york\/#breadcrumb\"},\"inLanguage\":\"es-ES\",\"potentialAction\":[{\"@type\":\"ReadAction\",\"target\":[\"https:\/\/www.dacgroup.com\/es\/ponte-en-contacto-con\/nueva-york\/\"]}]},{\"@type\":\"BreadcrumbList\",\"@id\":\"https:\/\/www.dacgroup.com\/es\/ponte-en-contacto-con\/nueva-york\/#breadcrumb\",\"itemListElement\":[{\"@type\":\"ListItem\",\"position\":1,\"name\":\"Home\",\"item\":\"https:\/\/www.dacgroup.com\/es\/\"},{\"@type\":\"ListItem\",\"position\":2,\"name\":\"Contacta con nosotros\",\"item\":\"https:\/\/www.dacgroup.com\/es\/ponte-en-contacto-con\/\"},{\"@type\":\"ListItem\",\"position\":3,\"name\":\"Nueva York\"}]},{\"@type\":\"WebSite\",\"@id\":\"https:\/\/www.dacgroup.com\/es\/#website\",\"url\":\"https:\/\/www.dacgroup.com\/es\/\",\"name\":\"DAC group\",\"description\":\"DAC\",\"publisher\":{\"@id\":\"https:\/\/www.dacgroup.com\/es\/#organization\"},\"potentialAction\":[{\"@type\":\"SearchAction\",\"target\":{\"@type\":\"EntryPoint\",\"urlTemplate\":\"https:\/\/www.dacgroup.com\/es\/?s={search_term_string}\"},\"query-input\":{\"@type\":\"PropertyValueSpecification\",\"valueRequired\":true,\"valueName\":\"search_term_string\"}}],\"inLanguage\":\"es-ES\"},{\"@type\":\"Organization\",\"@id\":\"https:\/\/www.dacgroup.com\/es\/#organization\",\"name\":\"DAC group\",\"alternateName\":\"DAC\",\"url\":\"https:\/\/www.dacgroup.com\/es\/\",\"logo\":{\"@type\":\"ImageObject\",\"inLanguage\":\"es-ES\",\"@id\":\"https:\/\/www.dacgroup.com\/es\/#\/schema\/logo\/image\/\",\"url\":\"https:\/\/www.dacgroup.com\/wp-content\/uploads\/2024\/09\/DAC-logo.svg\",\"contentUrl\":\"https:\/\/www.dacgroup.com\/wp-content\/uploads\/2024\/09\/DAC-logo.svg\",\"caption\":\"DAC group\"},\"image\":{\"@id\":\"https:\/\/www.dacgroup.com\/es\/#\/schema\/logo\/image\/\"},\"sameAs\":[\"https:\/\/www.facebook.com\/DACGroup\",\"https:\/\/x.com\/DAC_group\",\"https:\/\/www.linkedin.com\/company\/dac-group\/\",\"https:\/\/www.instagram.com\/dac_group\/\",\"https:\/\/www.youtube.com\/user\/DACgroup1976\"]}]}<\/script>\n<!-- \/ Yoast SEO plugin. -->","yoast_head_json":{"title":"Contacta con nuestra oficina de Nueva York | DAC","description":"Obt\u00e9n m\u00e1s informaci\u00f3n sobre la oficina de DAC en Nueva York, donde las mentes m\u00e1s brillantes prestan el mejor servicio de su clase para impulsar potentes resultados. Ponte en contacto hoy mismo.","robots":{"index":"index","follow":"follow","max-snippet":"max-snippet:-1","max-image-preview":"max-image-preview:large","max-video-preview":"max-video-preview:-1"},"canonical":"https:\/\/www.dacgroup.com\/es\/ponte-en-contacto-con\/nueva-york\/","og_locale":"es_ES","og_type":"article","og_title":"Contacta con nuestra oficina de Nueva York | DAC","og_description":"Obt\u00e9n m\u00e1s informaci\u00f3n sobre la oficina de DAC en Nueva York, donde las mentes m\u00e1s brillantes prestan el mejor servicio de su clase para impulsar potentes resultados. Ponte en contacto hoy mismo.","og_url":"https:\/\/www.dacgroup.com\/es\/ponte-en-contacto-con\/nueva-york\/","og_site_name":"DAC","article_publisher":"https:\/\/www.facebook.com\/DACGroup","article_modified_time":"2025-08-25T19:50:20+00:00","twitter_card":"summary_large_image","twitter_image":"https:\/\/www.dacgroup.com\/wp-content\/uploads\/2024\/09\/DAC-logo.svg","twitter_site":"@DAC_group","schema":{"@context":"https:\/\/schema.org","@graph":[{"@type":"WebPage","@id":"https:\/\/www.dacgroup.com\/es\/ponte-en-contacto-con\/nueva-york\/","url":"https:\/\/www.dacgroup.com\/es\/ponte-en-contacto-con\/nueva-york\/","name":"Contacta con nuestra oficina de Nueva York | DAC","isPartOf":{"@id":"https:\/\/www.dacgroup.com\/es\/#website"},"datePublished":"2024-08-30T18:42:24+00:00","dateModified":"2025-08-25T19:50:20+00:00","description":"Obt\u00e9n m\u00e1s informaci\u00f3n sobre la oficina de DAC en Nueva York, donde las mentes m\u00e1s brillantes prestan el mejor servicio de su clase para impulsar potentes resultados. Ponte en contacto hoy mismo.","breadcrumb":{"@id":"https:\/\/www.dacgroup.com\/es\/ponte-en-contacto-con\/nueva-york\/#breadcrumb"},"inLanguage":"es-ES","potentialAction":[{"@type":"ReadAction","target":["https:\/\/www.dacgroup.com\/es\/ponte-en-contacto-con\/nueva-york\/"]}]},{"@type":"BreadcrumbList","@id":"https:\/\/www.dacgroup.com\/es\/ponte-en-contacto-con\/nueva-york\/#breadcrumb","itemListElement":[{"@type":"ListItem","position":1,"name":"Home","item":"https:\/\/www.dacgroup.com\/es\/"},{"@type":"ListItem","position":2,"name":"Contacta con nosotros","item":"https:\/\/www.dacgroup.com\/es\/ponte-en-contacto-con\/"},{"@type":"ListItem","position":3,"name":"Nueva York"}]},{"@type":"WebSite","@id":"https:\/\/www.dacgroup.com\/es\/#website","url":"https:\/\/www.dacgroup.com\/es\/","name":"DAC group","description":"DAC","publisher":{"@id":"https:\/\/www.dacgroup.com\/es\/#organization"},"potentialAction":[{"@type":"SearchAction","target":{"@type":"EntryPoint","urlTemplate":"https:\/\/www.dacgroup.com\/es\/?s={search_term_string}"},"query-input":{"@type":"PropertyValueSpecification","valueRequired":true,"valueName":"search_term_string"}}],"inLanguage":"es-ES"},{"@type":"Organization","@id":"https:\/\/www.dacgroup.com\/es\/#organization","name":"DAC group","alternateName":"DAC","url":"https:\/\/www.dacgroup.com\/es\/","logo":{"@type":"ImageObject","inLanguage":"es-ES","@id":"https:\/\/www.dacgroup.com\/es\/#\/schema\/logo\/image\/","url":"https:\/\/www.dacgroup.com\/wp-content\/uploads\/2024\/09\/DAC-logo.svg","contentUrl":"https:\/\/www.dacgroup.com\/wp-content\/uploads\/2024\/09\/DAC-logo.svg","caption":"DAC group"},"image":{"@id":"https:\/\/www.dacgroup.com\/es\/#\/schema\/logo\/image\/"},"sameAs":["https:\/\/www.facebook.com\/DACGroup","https:\/\/x.com\/DAC_group","https:\/\/www.linkedin.com\/company\/dac-group\/","https:\/\/www.instagram.com\/dac_group\/","https:\/\/www.youtube.com\/user\/DACgroup1976"]}]}},"_links":{"self":[{"href":"https:\/\/www.dacgroup.com\/es\/wp-json\/wp\/v2\/pages\/10101","targetHints":{"allow":["GET"]}}],"collection":[{"href":"https:\/\/www.dacgroup.com\/es\/wp-json\/wp\/v2\/pages"}],"about":[{"href":"https:\/\/www.dacgroup.com\/es\/wp-json\/wp\/v2\/types\/page"}],"author":[{"embeddable":true,"href":"https:\/\/www.dacgroup.com\/es\/wp-json\/wp\/v2\/users\/3"}],"replies":[{"embeddable":true,"href":"https:\/\/www.dacgroup.com\/es\/wp-json\/wp\/v2\/comments?post=10101"}],"version-history":[{"count":3,"href":"https:\/\/www.dacgroup.com\/es\/wp-json\/wp\/v2\/pages\/10101\/revisions"}],"predecessor-version":[{"id":148418,"href":"https:\/\/www.dacgroup.com\/es\/wp-json\/wp\/v2\/pages\/10101\/revisions\/148418"}],"up":[{"embeddable":true,"href":"https:\/\/www.dacgroup.com\/es\/wp-json\/wp\/v2\/pages\/4002"}],"wp:attachment":[{"href":"https:\/\/www.dacgroup.com\/es\/wp-json\/wp\/v2\/media?parent=10101"}],"curies":[{"name":"wp","href":"https:\/\/api.w.org\/{rel}","templated":true}]}}