{"id":89094,"date":"2024-09-26T08:24:45","date_gmt":"2024-09-26T13:24:45","guid":{"rendered":"https:\/\/www.dacgroup.com\/?page_id=89094"},"modified":"2024-09-26T08:24:50","modified_gmt":"2024-09-26T13:24:50","slug":"normen-fur-die-barrierefreiheit","status":"publish","type":"page","link":"https:\/\/www.dacgroup.com\/de\/normen-fur-die-barrierefreiheit\/","title":{"rendered":"Accessibility Standards Regulation"},"content":{"rendered":"\n<section id=\"navigation-breadcrumb\" class=\"container mt-5 mb-3\">\n    \n                            <a href=\"https:\/\/www.dacgroup.com\/\/\">\n                    DAC                <\/a>\n\n                <span class=\"px-2\">\n                    <svg version=\"1.1\" id=\"Layer_1\" xmlns=\"http:\/\/www.w3.org\/2000\/svg\"\n                         xmlns:xlink=\"http:\/\/www.w3.org\/1999\/xlink\" x=\"0px\" y=\"0px\" viewBox=\"0 0 6.8 11.4\"\n                         style=\"enable-background:new 0 0 6.8 11.4;width: 15px;padding: 0px 5px;\" xml:space=\"preserve\"\n                         tabindex=\"-1\">\n                        <g tabindex=\"-1\">\n                            <g tabindex=\"-1\">\n                                <polygon points=\"0.3,1.4 4.6,5.7 0.3,10 1.4,11.1 6.8,5.7 1.4,0.3 \t\t\" tabindex=\"-1\"><\/polygon>\n                            <\/g>\n                            <path d=\"M0.2,10.1l2.4-2.4c0.3-0.3,0.8-0.3,1.1,0l0,0C4,8,4,8.5,3.7,8.8l-2.4,2.4c-0.3,0.3-0.8,0.3-1.1,0l0,0\n                                C0,10.9,0,10.4,0.2,10.1z\" tabindex=\"-1\"><\/path>\n                            <path d=\"M3.7,2.6L1.3,0.2C1-0.1,0.5-0.1,0.2,0.2l0,0c-0.3,0.3-0.3,0.8,0,1.1l2.4,2.4C2.9,4,3.4,4,3.7,3.7l0,0C4,3.4,4,2.9,3.7,2.6z\n                                \" tabindex=\"-1\"><\/path>\n                        <\/g>\n                    <\/svg>\n                <\/span>\n            \n        \n                            <a href=\"https:\/\/www.dacgroup.com\/de\/barrierefreiheit\/\">\n                    Barrierefreiheit                <\/a>\n\n                <span class=\"px-2\">\n                    <svg version=\"1.1\" id=\"Layer_1\" xmlns=\"http:\/\/www.w3.org\/2000\/svg\"\n                         xmlns:xlink=\"http:\/\/www.w3.org\/1999\/xlink\" x=\"0px\" y=\"0px\" viewBox=\"0 0 6.8 11.4\"\n                         style=\"enable-background:new 0 0 6.8 11.4;width: 15px;padding: 0px 5px;\" xml:space=\"preserve\"\n                         tabindex=\"-1\">\n                        <g tabindex=\"-1\">\n                            <g tabindex=\"-1\">\n                                <polygon points=\"0.3,1.4 4.6,5.7 0.3,10 1.4,11.1 6.8,5.7 1.4,0.3 \t\t\" tabindex=\"-1\"><\/polygon>\n                            <\/g>\n                            <path d=\"M0.2,10.1l2.4-2.4c0.3-0.3,0.8-0.3,1.1,0l0,0C4,8,4,8.5,3.7,8.8l-2.4,2.4c-0.3,0.3-0.8,0.3-1.1,0l0,0\n                                C0,10.9,0,10.4,0.2,10.1z\" tabindex=\"-1\"><\/path>\n                            <path d=\"M3.7,2.6L1.3,0.2C1-0.1,0.5-0.1,0.2,0.2l0,0c-0.3,0.3-0.3,0.8,0,1.1l2.4,2.4C2.9,4,3.4,4,3.7,3.7l0,0C4,3.4,4,2.9,3.7,2.6z\n                                \" tabindex=\"-1\"><\/path>\n                        <\/g>\n                    <\/svg>\n                <\/span>\n            \n        \n                            <p>\n                    Normen f\u00fcr die Barrierefreiheit                <\/p>\n            \n        \n<\/section>\n\n\n\n<section id=\"title-accordion\" class=\"container\">\n\n    <h3> AODA-Verordnung \u00fcber integrierte Normen f\u00fcr die Barrierefreiheit &#8211; Informations- und Kommunikationsstandards<\/h3>\n\n    <div>\n        <div class=\"accordion services-loop accordion-container\">\n                                <div class=\"accordion-item\">\n                        <h3 class=\"accordion-header\" id=\"heading-1\" data-role=\"accordion-item-header\">\n                            <button class=\"accordion-button ps-0 collapsed\" type=\"button\" data-bs-toggle=\"collapse\" data-bs-target=\"#collapse-1\" aria-expanded=\"false\" aria-controls=\"collapse-1\">\n                                Datenschutzbestimmungen                            <\/button>\n                        <\/h3>\n                        <div id=\"collapse-1\" class=\"accordion-collapse collapse\" aria-labelledby=\"heading-1\" data-bs-parent=\"#services-home-accordion\">\n                            <div class=\"accordion-body\">\n                                <div class=\"panel-body\">\r\n      <h2>Zweck<\/h2>\r\n<p>Diese Richtlinie soll die Anforderungen der <em>Integrated Accessibility Standards, Ontario Regulation 191\/11<\/em> f\u00fcr den Informations- und Kommunikationsstandard gem\u00e4\u00df dem Accessibility for Ontarians with Disabilities Act, 2005, erf\u00fcllen. Diese Richtlinie gilt f\u00fcr die Art und Weise, wie die DAC Group mit der \u00d6ffentlichkeit in der Provinz Ontario kommuniziert.<\/p>\r\n<h2>Definitionen<\/h2>\r\n<p><strong>Barrierefreie Formate<\/strong> \u2013 k\u00f6nnen u.a. Gro\u00dfdrucke, aufgezeichnete Audio- und elektronische Formate, Blindenschrift und andere Formate, die von Menschen mit Behinderungen verwendet werden k\u00f6nnen, umfassen.<\/p>\r\n<p><strong>Kommunikationshilfen<\/strong> \u2013 k\u00f6nnen unter anderem Untertitel, alternative und erg\u00e4nzende Kommunikationshilfen, Klartext, Geb\u00e4rdensprache und andere Hilfsmittel umfassen, die eine effektive Kommunikation erm\u00f6glichen.<\/p>\r\n<p><strong>Konvertierungsbereit<\/strong> \u2013 ein elektronisches oder digitales Format, das die Konvertierung in ein akzeptables Format erleichtert.<\/p>\r\n<p><strong>Information<\/strong> \u2013 umfasst Daten, Fakten und Wissen, die in jedem Format vorliegen, einschlie\u00dflich Text, Audio, Digital oder Bild, und vermittelt eine Aussage.<\/p>\r\n<p><strong>Internet-Website<\/strong> \u2013 eine Sammlung von verwandten Webseiten, Bildern, Videos oder anderen digitalen Inhalten, die in Bezug auf einen gemeinsamen Uniform Resource Identifier (URI) adressiert sind und f\u00fcr die \u00d6ffentlichkeit zug\u00e4nglich sind.<\/p>\r\n<p><strong>Web Content Accessibility Guidelines<\/strong> \u2013 bezieht sich auf die Empfehlung des World Wide Web Consortium vom Dezember 2008 mit dem Titel \u201eWeb Content Accessibility Guidelines (WCAG) 2.0\u201c.<\/p>\r\n<h2>Allgemeine Grunds\u00e4tze<\/h2>\r\n<p>In \u00dcbereinstimmung mit den Integrated Accessibility Standards, Ontario Regulation 191\/11, behandelt diese Richtlinie Folgendes:<\/p>\r\n<ol type=\"A\">\r\n<li>Barrierefreie Formate und Kommunikationsunterst\u00fctzung<\/li>\r\n<li>Barrierefreie Websites und Webinhalte<\/li>\r\n<li>Notfallma\u00dfnahmen, Pl\u00e4ne oder Informationen zur \u00f6ffentlichen Sicherheit<\/li>\r\n<li>Ausnahmen<\/li>\r\n<li>Feedback<\/li>\r\n<\/ol>\r\n<h2>A. Barrierefreie Formate und Kommunikationsunterst\u00fctzung<\/h2>\r\n<p>Ab dem 1. Januar 2016 wird die DAC Group auf Anfrage die Bereitstellung von barrierefreien Formaten und Kommunikationshilfen f\u00fcr Menschen mit Behinderungen rechtzeitig und ohne zus\u00e4tzliche Kosten f\u00fcr den Einzelnen bereitstellen oder veranlassen. Die DAC Group wird bei der Anpassung der individuellen Anforderungen die Bed\u00fcrfnisse der Person nach Barrierefreiheit ber\u00fccksichtigen.<\/p>\r\n<h2>B. Barrierefreie Websites und Webinhalte<\/h2>\r\n<p>Ab dem 1. Januar 2021 werden alle Abteilungen der DAC Group ihre Webinhalte an die Web Content Accessibility Guidelines (WCAG) 2.0 auf Stufe AA anpassen. Web-Inhalte umfassen alle Informationen, die sich auf einer Internet-Website befinden.<\/p>\r\n<h2>C. Emergency Procedures, Plans or Public Safety Information<\/h2>\r\n<p>Wenn die DAC Group \u00f6ffentliche Notfallverfahren, Pl\u00e4ne oder Informationen zur \u00f6ffentlichen Sicherheit erstellt, werden wir die Informationen auf Anfrage so schnell wie m\u00f6glich in einem barrierefreien Format oder mit geeigneten Kommunikationsmitteln zur Verf\u00fcgung stellen.<\/p>\r\n<h2>D. Ausnahmen<\/h2>\r\n<p>Der <em>Informations- und Kommunikationsstandard<\/em> gilt nicht f\u00fcr Produkte und Produktkennzeichnungen, nicht konvertierbare Informationen oder Mitteilungen oder Informationen, die die DAC Group nicht direkt oder indirekt durch ein Vertragsverh\u00e4ltnis kontrolliert. Wenn die DAC Group feststellt, dass Informationen oder Mitteilungen nicht konvertierbar sind, wird die DAC Group die Person, die Informationen oder Mitteilungen anfordert, mit den folgenden Informationen versorgen:<\/p>\r\n<ol>\r\n<li>Eine Erkl\u00e4rung, warum die Informationen oder Kommunikationen nicht umsetzbar sind;<\/li>\r\n<li>Eine Zusammenfassung der nicht umwandelbaren Informationen oder Mitteilungen;<\/li>\r\n<li>Informationen gelten als nicht konvertierbar, wenn es technisch nicht m\u00f6glich ist, die Informationen oder Mitteilungen zu konvertieren; oder wenn die Technologie zur Konvertierung der Informationen nicht ohne weiteres verf\u00fcgbar ist.<\/li>\r\n<\/ol>\r\n<h2>E. Feedback-Prozess<\/h2>\r\n<p>Ab dem 1. Januar 2015 werden die Prozesse der DAC Group f\u00fcr den Empfang und die Bearbeitung von Feedback f\u00fcr Menschen mit Behinderungen durch die Bereitstellung von zug\u00e4nglichen Formaten und Kommunikationsmitteln auf Anfrage zug\u00e4nglich sein. Die DAC Group wird die \u00d6ffentlichkeit \u00fcber die Verf\u00fcgbarkeit dieser zug\u00e4nglichen Formate informieren.<\/p>\r\n<p><a class=\"btn\" href=\"\/de\/barrierefreiheit\/\">ZUR\u00dcCK<\/a><\/p>\r\n      <\/div>                            <\/div>\n                        <\/div>\n                    <\/div>\n                        <\/div>\n    <\/div>\n\n<\/section>\n\n","protected":false},"excerpt":{"rendered":"","protected":false},"author":11,"featured_media":0,"parent":0,"menu_order":0,"comment_status":"closed","ping_status":"closed","template":"page-templates\/page-dac-gutenberg.php","meta":{"content-type":"","footnotes":""},"class_list":["post-89094","page","type-page","status-publish","hentry"],"acf":[],"yoast_head":"<!-- This site is optimized with the Yoast SEO plugin v23.7 - https:\/\/yoast.com\/wordpress\/plugins\/seo\/ -->\n<title>Accessibility Standards Regulation | DAC<\/title>\n<meta name=\"robots\" content=\"index, follow, max-snippet:-1, max-image-preview:large, max-video-preview:-1\" \/>\n<link rel=\"canonical\" href=\"https:\/\/www.dacgroup.com\/de\/normen-fur-die-barrierefreiheit\/\" \/>\n<meta property=\"og:locale\" content=\"de_DE\" \/>\n<meta property=\"og:type\" content=\"article\" \/>\n<meta property=\"og:title\" content=\"Accessibility Standards Regulation | DAC\" \/>\n<meta property=\"og:url\" content=\"https:\/\/www.dacgroup.com\/de\/normen-fur-die-barrierefreiheit\/\" \/>\n<meta property=\"og:site_name\" content=\"DAC\" \/>\n<meta property=\"article:publisher\" content=\"https:\/\/www.facebook.com\/DACGroup\" \/>\n<meta property=\"article:modified_time\" content=\"2024-09-26T13:24:50+00:00\" \/>\n<meta name=\"twitter:card\" content=\"summary_large_image\" \/>\n<meta name=\"twitter:image\" content=\"https:\/\/www.dacgroup.com\/wp-content\/uploads\/2024\/09\/DAC-logo.svg\" \/>\n<meta name=\"twitter:site\" content=\"@DAC_group\" \/>\n<script type=\"application\/ld+json\" class=\"yoast-schema-graph\">{\"@context\":\"https:\/\/schema.org\",\"@graph\":[{\"@type\":\"WebPage\",\"@id\":\"https:\/\/www.dacgroup.com\/de\/normen-fur-die-barrierefreiheit\/\",\"url\":\"https:\/\/www.dacgroup.com\/de\/normen-fur-die-barrierefreiheit\/\",\"name\":\"Accessibility Standards Regulation | DAC\",\"isPartOf\":{\"@id\":\"https:\/\/www.dacgroup.com\/de\/#website\"},\"datePublished\":\"2024-09-26T13:24:45+00:00\",\"dateModified\":\"2024-09-26T13:24:50+00:00\",\"breadcrumb\":{\"@id\":\"https:\/\/www.dacgroup.com\/de\/normen-fur-die-barrierefreiheit\/#breadcrumb\"},\"inLanguage\":\"de-DE\",\"potentialAction\":[{\"@type\":\"ReadAction\",\"target\":[\"https:\/\/www.dacgroup.com\/de\/normen-fur-die-barrierefreiheit\/\"]}]},{\"@type\":\"BreadcrumbList\",\"@id\":\"https:\/\/www.dacgroup.com\/de\/normen-fur-die-barrierefreiheit\/#breadcrumb\",\"itemListElement\":[{\"@type\":\"ListItem\",\"position\":1,\"name\":\"Home\",\"item\":\"https:\/\/www.dacgroup.com\/de\/\"},{\"@type\":\"ListItem\",\"position\":2,\"name\":\"Accessibility Standards Regulation\"}]},{\"@type\":\"WebSite\",\"@id\":\"https:\/\/www.dacgroup.com\/de\/#website\",\"url\":\"https:\/\/www.dacgroup.com\/de\/\",\"name\":\"DAC group\",\"description\":\"DAC\",\"publisher\":{\"@id\":\"https:\/\/www.dacgroup.com\/de\/#organization\"},\"potentialAction\":[{\"@type\":\"SearchAction\",\"target\":{\"@type\":\"EntryPoint\",\"urlTemplate\":\"https:\/\/www.dacgroup.com\/de\/?s={search_term_string}\"},\"query-input\":{\"@type\":\"PropertyValueSpecification\",\"valueRequired\":true,\"valueName\":\"search_term_string\"}}],\"inLanguage\":\"de-DE\"},{\"@type\":\"Organization\",\"@id\":\"https:\/\/www.dacgroup.com\/de\/#organization\",\"name\":\"DAC group\",\"alternateName\":\"DAC\",\"url\":\"https:\/\/www.dacgroup.com\/de\/\",\"logo\":{\"@type\":\"ImageObject\",\"inLanguage\":\"de-DE\",\"@id\":\"https:\/\/www.dacgroup.com\/de\/#\/schema\/logo\/image\/\",\"url\":\"https:\/\/www.dacgroup.com\/wp-content\/uploads\/2024\/09\/DAC-logo.svg\",\"contentUrl\":\"https:\/\/www.dacgroup.com\/wp-content\/uploads\/2024\/09\/DAC-logo.svg\",\"caption\":\"DAC group\"},\"image\":{\"@id\":\"https:\/\/www.dacgroup.com\/de\/#\/schema\/logo\/image\/\"},\"sameAs\":[\"https:\/\/www.facebook.com\/DACGroup\",\"https:\/\/x.com\/DAC_group\",\"https:\/\/www.linkedin.com\/company\/dac-group\/\",\"https:\/\/www.instagram.com\/dac_group\/\",\"https:\/\/www.youtube.com\/user\/DACgroup1976\"]}]}<\/script>\n<!-- \/ Yoast SEO plugin. -->","yoast_head_json":{"title":"Accessibility Standards Regulation | DAC","robots":{"index":"index","follow":"follow","max-snippet":"max-snippet:-1","max-image-preview":"max-image-preview:large","max-video-preview":"max-video-preview:-1"},"canonical":"https:\/\/www.dacgroup.com\/de\/normen-fur-die-barrierefreiheit\/","og_locale":"de_DE","og_type":"article","og_title":"Accessibility Standards Regulation | DAC","og_url":"https:\/\/www.dacgroup.com\/de\/normen-fur-die-barrierefreiheit\/","og_site_name":"DAC","article_publisher":"https:\/\/www.facebook.com\/DACGroup","article_modified_time":"2024-09-26T13:24:50+00:00","twitter_card":"summary_large_image","twitter_image":"https:\/\/www.dacgroup.com\/wp-content\/uploads\/2024\/09\/DAC-logo.svg","twitter_site":"@DAC_group","schema":{"@context":"https:\/\/schema.org","@graph":[{"@type":"WebPage","@id":"https:\/\/www.dacgroup.com\/de\/normen-fur-die-barrierefreiheit\/","url":"https:\/\/www.dacgroup.com\/de\/normen-fur-die-barrierefreiheit\/","name":"Accessibility Standards Regulation | DAC","isPartOf":{"@id":"https:\/\/www.dacgroup.com\/de\/#website"},"datePublished":"2024-09-26T13:24:45+00:00","dateModified":"2024-09-26T13:24:50+00:00","breadcrumb":{"@id":"https:\/\/www.dacgroup.com\/de\/normen-fur-die-barrierefreiheit\/#breadcrumb"},"inLanguage":"de-DE","potentialAction":[{"@type":"ReadAction","target":["https:\/\/www.dacgroup.com\/de\/normen-fur-die-barrierefreiheit\/"]}]},{"@type":"BreadcrumbList","@id":"https:\/\/www.dacgroup.com\/de\/normen-fur-die-barrierefreiheit\/#breadcrumb","itemListElement":[{"@type":"ListItem","position":1,"name":"Home","item":"https:\/\/www.dacgroup.com\/de\/"},{"@type":"ListItem","position":2,"name":"Accessibility Standards Regulation"}]},{"@type":"WebSite","@id":"https:\/\/www.dacgroup.com\/de\/#website","url":"https:\/\/www.dacgroup.com\/de\/","name":"DAC group","description":"DAC","publisher":{"@id":"https:\/\/www.dacgroup.com\/de\/#organization"},"potentialAction":[{"@type":"SearchAction","target":{"@type":"EntryPoint","urlTemplate":"https:\/\/www.dacgroup.com\/de\/?s={search_term_string}"},"query-input":{"@type":"PropertyValueSpecification","valueRequired":true,"valueName":"search_term_string"}}],"inLanguage":"de-DE"},{"@type":"Organization","@id":"https:\/\/www.dacgroup.com\/de\/#organization","name":"DAC group","alternateName":"DAC","url":"https:\/\/www.dacgroup.com\/de\/","logo":{"@type":"ImageObject","inLanguage":"de-DE","@id":"https:\/\/www.dacgroup.com\/de\/#\/schema\/logo\/image\/","url":"https:\/\/www.dacgroup.com\/wp-content\/uploads\/2024\/09\/DAC-logo.svg","contentUrl":"https:\/\/www.dacgroup.com\/wp-content\/uploads\/2024\/09\/DAC-logo.svg","caption":"DAC group"},"image":{"@id":"https:\/\/www.dacgroup.com\/de\/#\/schema\/logo\/image\/"},"sameAs":["https:\/\/www.facebook.com\/DACGroup","https:\/\/x.com\/DAC_group","https:\/\/www.linkedin.com\/company\/dac-group\/","https:\/\/www.instagram.com\/dac_group\/","https:\/\/www.youtube.com\/user\/DACgroup1976"]}]}},"_links":{"self":[{"href":"https:\/\/www.dacgroup.com\/de\/wp-json\/wp\/v2\/pages\/89094","targetHints":{"allow":["GET"]}}],"collection":[{"href":"https:\/\/www.dacgroup.com\/de\/wp-json\/wp\/v2\/pages"}],"about":[{"href":"https:\/\/www.dacgroup.com\/de\/wp-json\/wp\/v2\/types\/page"}],"author":[{"embeddable":true,"href":"https:\/\/www.dacgroup.com\/de\/wp-json\/wp\/v2\/users\/11"}],"replies":[{"embeddable":true,"href":"https:\/\/www.dacgroup.com\/de\/wp-json\/wp\/v2\/comments?post=89094"}],"version-history":[{"count":0,"href":"https:\/\/www.dacgroup.com\/de\/wp-json\/wp\/v2\/pages\/89094\/revisions"}],"wp:attachment":[{"href":"https:\/\/www.dacgroup.com\/de\/wp-json\/wp\/v2\/media?parent=89094"}],"curies":[{"name":"wp","href":"https:\/\/api.w.org\/{rel}","templated":true}]}}