{"id":7551,"date":"2024-09-02T15:28:40","date_gmt":"2024-09-02T20:28:40","guid":{"rendered":"https:\/\/www.dacgroup.com\/?page_id=7551"},"modified":"2024-09-26T07:35:41","modified_gmt":"2024-09-26T12:35:41","slug":"erklarung-zum-organisationsengagement-dac-group","status":"publish","type":"page","link":"https:\/\/www.dacgroup.com\/de\/erklarung-zum-organisationsengagement-dac-group\/","title":{"rendered":"AODA-Verordnung \u00fcber integrierte Normen f\u00fcr die Barrierefreiheit \u2013 Informations- und Kommunikationsstandards"},"content":{"rendered":"\n<section id=\"navigation-breadcrumb\" class=\"container mt-5 mb-3\">\n    \n                            <a href=\"https:\/\/www.dacgroup.com\/\/\">\n                    DAC                <\/a>\n\n                <span class=\"px-2\">\n                    <svg version=\"1.1\" id=\"Layer_1\" xmlns=\"http:\/\/www.w3.org\/2000\/svg\"\n                         xmlns:xlink=\"http:\/\/www.w3.org\/1999\/xlink\" x=\"0px\" y=\"0px\" viewBox=\"0 0 6.8 11.4\"\n                         style=\"enable-background:new 0 0 6.8 11.4;width: 15px;padding: 0px 5px;\" xml:space=\"preserve\"\n                         tabindex=\"-1\">\n                        <g tabindex=\"-1\">\n                            <g tabindex=\"-1\">\n                                <polygon points=\"0.3,1.4 4.6,5.7 0.3,10 1.4,11.1 6.8,5.7 1.4,0.3 \t\t\" tabindex=\"-1\"><\/polygon>\n                            <\/g>\n                            <path d=\"M0.2,10.1l2.4-2.4c0.3-0.3,0.8-0.3,1.1,0l0,0C4,8,4,8.5,3.7,8.8l-2.4,2.4c-0.3,0.3-0.8,0.3-1.1,0l0,0\n                                C0,10.9,0,10.4,0.2,10.1z\" tabindex=\"-1\"><\/path>\n                            <path d=\"M3.7,2.6L1.3,0.2C1-0.1,0.5-0.1,0.2,0.2l0,0c-0.3,0.3-0.3,0.8,0,1.1l2.4,2.4C2.9,4,3.4,4,3.7,3.7l0,0C4,3.4,4,2.9,3.7,2.6z\n                                \" tabindex=\"-1\"><\/path>\n                        <\/g>\n                    <\/svg>\n                <\/span>\n            \n        \n                            <a href=\"https:\/\/www.dacgroup.com\/de\/barrierefreiheit\/\">\n                    Barrierefreiheit                <\/a>\n\n                <span class=\"px-2\">\n                    <svg version=\"1.1\" id=\"Layer_1\" xmlns=\"http:\/\/www.w3.org\/2000\/svg\"\n                         xmlns:xlink=\"http:\/\/www.w3.org\/1999\/xlink\" x=\"0px\" y=\"0px\" viewBox=\"0 0 6.8 11.4\"\n                         style=\"enable-background:new 0 0 6.8 11.4;width: 15px;padding: 0px 5px;\" xml:space=\"preserve\"\n                         tabindex=\"-1\">\n                        <g tabindex=\"-1\">\n                            <g tabindex=\"-1\">\n                                <polygon points=\"0.3,1.4 4.6,5.7 0.3,10 1.4,11.1 6.8,5.7 1.4,0.3 \t\t\" tabindex=\"-1\"><\/polygon>\n                            <\/g>\n                            <path d=\"M0.2,10.1l2.4-2.4c0.3-0.3,0.8-0.3,1.1,0l0,0C4,8,4,8.5,3.7,8.8l-2.4,2.4c-0.3,0.3-0.8,0.3-1.1,0l0,0\n                                C0,10.9,0,10.4,0.2,10.1z\" tabindex=\"-1\"><\/path>\n                            <path d=\"M3.7,2.6L1.3,0.2C1-0.1,0.5-0.1,0.2,0.2l0,0c-0.3,0.3-0.3,0.8,0,1.1l2.4,2.4C2.9,4,3.4,4,3.7,3.7l0,0C4,3.4,4,2.9,3.7,2.6z\n                                \" tabindex=\"-1\"><\/path>\n                        <\/g>\n                    <\/svg>\n                <\/span>\n            \n        \n                            <p>\n                    Erkl\u00e4rung zum Organisationsengagement                <\/p>\n            \n        \n<\/section>\n\n\n\n<section id=\"title-accordion\" class=\"container\">\n\n    <h3> AODA-Verordnung \u00fcber integrierte Barrierefreiheitsstandards \u2013 Richtlinie zu Informations- und Kommunikationsstandards<\/h3>\n\n    <div>\n        <div class=\"accordion services-loop accordion-container\">\n                                <div class=\"accordion-item\">\n                        <h3 class=\"accordion-header\" id=\"heading-1\" data-role=\"accordion-item-header\">\n                            <button class=\"accordion-button ps-0 collapsed\" type=\"button\" data-bs-toggle=\"collapse\" data-bs-target=\"#collapse-1\" aria-expanded=\"false\" aria-controls=\"collapse-1\">\n                                Datenschutzbestimmungen                            <\/button>\n                        <\/h3>\n                        <div id=\"collapse-1\" class=\"accordion-collapse collapse\" aria-labelledby=\"heading-1\" data-bs-parent=\"#services-home-accordion\">\n                            <div class=\"accordion-body\">\n                                <div class=\"panel-body\">\r\n      <h2>Erkl\u00e4rung zum Organisationsengagement<\/h2>\r\n<h2>Zusammenfassung<\/h2>\r\n<p>Die DAC GROUP ist sich bewusst, dass die Regierung von Ontario die vollst\u00e4ndige Einbeziehung von Menschen mit Behinderungen gem\u00e4\u00df dem Ontario Human Rights Code (der \u201eCode\u201c) und dem Accessibility for Ontarians with Disabilities Act, 2005 (der \u201eAODA\u201c) unterst\u00fctzt. Ziel der Regierung von Ontario ist es, Ontario bis 2025 barrierefrei zu machen.<\/p>\r\n<p>Im Rahmen der AODA und ihres Reglements stellen die folgenden Normen f\u00fcr die Barrierefreiheit Anforderungen, die f\u00fcr die DAC GROUP gelten:<\/p>\r\n<ul>\r\n<li>Kundenservice;<\/li>\r\n<li>Information und Kommunikation;<\/li>\r\n<li>Besch\u00e4ftigung; und<\/li>\r\n<li>Vorgeschlagene Normen f\u00fcr die Barrierefreiheit f\u00fcr die gebaute Umwelt<\/li>\r\n<\/ul>\r\n<h2>Verpflichtung<\/h2>\r\n<p>Die DAC GROUP verpflichtet sich, ihre Dienstleistungen in einer Weise zu erbringen, die die W\u00fcrde und Unabh\u00e4ngigkeit von Menschen mit Behinderungen respektiert. Diese Verpflichtung wird, wo immer m\u00f6glich, \u00fcbernommen und gew\u00e4hrleistet, dass Menschen mit Behinderungen den gleichen Zugang zu Dienstleistungen am gleichen Ort und in \u00e4hnlicher Weise wie andere Kunden erhalten.<\/p>\r\n<p>Die DAC GROUP verpflichtet sich, ihre Dienstleistungen in einer Weise zu erbringen, die die W\u00fcrde und Unabh\u00e4ngigkeit von Menschen mit Behinderungen respektiert. Diese Verpflichtung wird, wo immer m\u00f6glich, \u00fcbernommen und gew\u00e4hrleistet, dass Menschen mit Behinderungen den gleichen Zugang zu Dienstleistungen am gleichen Ort und in \u00e4hnlicher Weise wie andere Kunden erhalten.<\/p>\r\n<p>Bei Bedarf wird die DAC GROUP eine Person mit Schwierigkeiten bei der Zug\u00e4nglichkeit konsultieren, um ihre spezifischen Anforderungen an die Barrierefreiheit zu verstehen, und anschlie\u00dfend alle angemessenen Anstrengungen unternehmen, um diese individuellen Bed\u00fcrfnisse zeitnah zu erf\u00fcllen.<\/p>\r\n<h2>Mittel zur Erreichung der Barrierefreiheitsziele der DAC GROUP<\/h2>\r\n<p>Diese Erkl\u00e4rung, die entsprechenden Richtlinien und der DAC Group-Mehrjahresplan zur Barrierefreiheit beschreiben die Strategien und Ma\u00dfnahmen der DAC GROUP zur Verhinderung und Beseitigung von Barrieren und zur Erf\u00fcllung der Anforderungen der AODA und ihrer Vorschriften.<\/p>\r\n<h2>Barrierefreie Formate<\/h2>\r\n<p>Alle genannten Dokumente sind auf Anfrage in barrierefreien Formaten erh\u00e4ltlich.<\/p>\r\n<p><a class=\"btn\" href=\"\/de\/barrierefreiheit\/\">ZUR\u00dcCK<\/a><\/p>\r\n      <\/div>                            <\/div>\n                        <\/div>\n                    <\/div>\n                        <\/div>\n    <\/div>\n\n<\/section>\n\n","protected":false},"excerpt":{"rendered":"","protected":false},"author":13,"featured_media":0,"parent":0,"menu_order":0,"comment_status":"closed","ping_status":"closed","template":"page-templates\/page-dac-gutenberg.php","meta":{"content-type":"","footnotes":""},"class_list":["post-7551","page","type-page","status-publish","hentry"],"acf":[],"yoast_head":"<!-- This site is optimized with the Yoast SEO plugin v23.7 - https:\/\/yoast.com\/wordpress\/plugins\/seo\/ -->\n<title>AODA-Verordnung \u00fcber integrierte Normen f\u00fcr die Barrierefreiheit - Informations- und Kommunikationsstandards | DAC<\/title>\n<meta name=\"robots\" content=\"index, follow, max-snippet:-1, max-image-preview:large, max-video-preview:-1\" \/>\n<link rel=\"canonical\" href=\"https:\/\/www.dacgroup.com\/de\/erklarung-zum-organisationsengagement-dac-group\/\" \/>\n<meta property=\"og:locale\" content=\"de_DE\" \/>\n<meta property=\"og:type\" content=\"article\" \/>\n<meta property=\"og:title\" content=\"AODA-Verordnung \u00fcber integrierte Normen f\u00fcr die Barrierefreiheit - Informations- und Kommunikationsstandards | DAC\" \/>\n<meta property=\"og:url\" content=\"https:\/\/www.dacgroup.com\/de\/erklarung-zum-organisationsengagement-dac-group\/\" \/>\n<meta property=\"og:site_name\" content=\"DAC\" \/>\n<meta property=\"article:publisher\" content=\"https:\/\/www.facebook.com\/DACGroup\" \/>\n<meta property=\"article:modified_time\" content=\"2024-09-26T12:35:41+00:00\" \/>\n<meta name=\"twitter:card\" content=\"summary_large_image\" \/>\n<meta name=\"twitter:image\" content=\"https:\/\/www.dacgroup.com\/wp-content\/uploads\/2024\/09\/DAC-logo.svg\" \/>\n<meta name=\"twitter:site\" content=\"@DAC_group\" \/>\n<script type=\"application\/ld+json\" class=\"yoast-schema-graph\">{\"@context\":\"https:\/\/schema.org\",\"@graph\":[{\"@type\":\"WebPage\",\"@id\":\"https:\/\/www.dacgroup.com\/de\/erklarung-zum-organisationsengagement-dac-group\/\",\"url\":\"https:\/\/www.dacgroup.com\/de\/erklarung-zum-organisationsengagement-dac-group\/\",\"name\":\"AODA-Verordnung \u00fcber integrierte Normen f\u00fcr die Barrierefreiheit - Informations- und Kommunikationsstandards | DAC\",\"isPartOf\":{\"@id\":\"https:\/\/www.dacgroup.com\/de\/#website\"},\"datePublished\":\"2024-09-02T20:28:40+00:00\",\"dateModified\":\"2024-09-26T12:35:41+00:00\",\"breadcrumb\":{\"@id\":\"https:\/\/www.dacgroup.com\/de\/erklarung-zum-organisationsengagement-dac-group\/#breadcrumb\"},\"inLanguage\":\"de-DE\",\"potentialAction\":[{\"@type\":\"ReadAction\",\"target\":[\"https:\/\/www.dacgroup.com\/de\/erklarung-zum-organisationsengagement-dac-group\/\"]}]},{\"@type\":\"BreadcrumbList\",\"@id\":\"https:\/\/www.dacgroup.com\/de\/erklarung-zum-organisationsengagement-dac-group\/#breadcrumb\",\"itemListElement\":[{\"@type\":\"ListItem\",\"position\":1,\"name\":\"Home\",\"item\":\"https:\/\/www.dacgroup.com\/de\/\"},{\"@type\":\"ListItem\",\"position\":2,\"name\":\"AODA-Verordnung \u00fcber integrierte Normen f\u00fcr die Barrierefreiheit \u2013 Informations- und Kommunikationsstandards\"}]},{\"@type\":\"WebSite\",\"@id\":\"https:\/\/www.dacgroup.com\/de\/#website\",\"url\":\"https:\/\/www.dacgroup.com\/de\/\",\"name\":\"DAC group\",\"description\":\"DAC\",\"publisher\":{\"@id\":\"https:\/\/www.dacgroup.com\/de\/#organization\"},\"potentialAction\":[{\"@type\":\"SearchAction\",\"target\":{\"@type\":\"EntryPoint\",\"urlTemplate\":\"https:\/\/www.dacgroup.com\/de\/?s={search_term_string}\"},\"query-input\":{\"@type\":\"PropertyValueSpecification\",\"valueRequired\":true,\"valueName\":\"search_term_string\"}}],\"inLanguage\":\"de-DE\"},{\"@type\":\"Organization\",\"@id\":\"https:\/\/www.dacgroup.com\/de\/#organization\",\"name\":\"DAC group\",\"alternateName\":\"DAC\",\"url\":\"https:\/\/www.dacgroup.com\/de\/\",\"logo\":{\"@type\":\"ImageObject\",\"inLanguage\":\"de-DE\",\"@id\":\"https:\/\/www.dacgroup.com\/de\/#\/schema\/logo\/image\/\",\"url\":\"https:\/\/www.dacgroup.com\/wp-content\/uploads\/2024\/09\/DAC-logo.svg\",\"contentUrl\":\"https:\/\/www.dacgroup.com\/wp-content\/uploads\/2024\/09\/DAC-logo.svg\",\"caption\":\"DAC group\"},\"image\":{\"@id\":\"https:\/\/www.dacgroup.com\/de\/#\/schema\/logo\/image\/\"},\"sameAs\":[\"https:\/\/www.facebook.com\/DACGroup\",\"https:\/\/x.com\/DAC_group\",\"https:\/\/www.linkedin.com\/company\/dac-group\/\",\"https:\/\/www.instagram.com\/dac_group\/\",\"https:\/\/www.youtube.com\/user\/DACgroup1976\"]}]}<\/script>\n<!-- \/ Yoast SEO plugin. -->","yoast_head_json":{"title":"AODA-Verordnung \u00fcber integrierte Normen f\u00fcr die Barrierefreiheit - Informations- und Kommunikationsstandards | DAC","robots":{"index":"index","follow":"follow","max-snippet":"max-snippet:-1","max-image-preview":"max-image-preview:large","max-video-preview":"max-video-preview:-1"},"canonical":"https:\/\/www.dacgroup.com\/de\/erklarung-zum-organisationsengagement-dac-group\/","og_locale":"de_DE","og_type":"article","og_title":"AODA-Verordnung \u00fcber integrierte Normen f\u00fcr die Barrierefreiheit - Informations- und Kommunikationsstandards | DAC","og_url":"https:\/\/www.dacgroup.com\/de\/erklarung-zum-organisationsengagement-dac-group\/","og_site_name":"DAC","article_publisher":"https:\/\/www.facebook.com\/DACGroup","article_modified_time":"2024-09-26T12:35:41+00:00","twitter_card":"summary_large_image","twitter_image":"https:\/\/www.dacgroup.com\/wp-content\/uploads\/2024\/09\/DAC-logo.svg","twitter_site":"@DAC_group","schema":{"@context":"https:\/\/schema.org","@graph":[{"@type":"WebPage","@id":"https:\/\/www.dacgroup.com\/de\/erklarung-zum-organisationsengagement-dac-group\/","url":"https:\/\/www.dacgroup.com\/de\/erklarung-zum-organisationsengagement-dac-group\/","name":"AODA-Verordnung \u00fcber integrierte Normen f\u00fcr die Barrierefreiheit - Informations- und Kommunikationsstandards | DAC","isPartOf":{"@id":"https:\/\/www.dacgroup.com\/de\/#website"},"datePublished":"2024-09-02T20:28:40+00:00","dateModified":"2024-09-26T12:35:41+00:00","breadcrumb":{"@id":"https:\/\/www.dacgroup.com\/de\/erklarung-zum-organisationsengagement-dac-group\/#breadcrumb"},"inLanguage":"de-DE","potentialAction":[{"@type":"ReadAction","target":["https:\/\/www.dacgroup.com\/de\/erklarung-zum-organisationsengagement-dac-group\/"]}]},{"@type":"BreadcrumbList","@id":"https:\/\/www.dacgroup.com\/de\/erklarung-zum-organisationsengagement-dac-group\/#breadcrumb","itemListElement":[{"@type":"ListItem","position":1,"name":"Home","item":"https:\/\/www.dacgroup.com\/de\/"},{"@type":"ListItem","position":2,"name":"AODA-Verordnung \u00fcber integrierte Normen f\u00fcr die Barrierefreiheit \u2013 Informations- und Kommunikationsstandards"}]},{"@type":"WebSite","@id":"https:\/\/www.dacgroup.com\/de\/#website","url":"https:\/\/www.dacgroup.com\/de\/","name":"DAC group","description":"DAC","publisher":{"@id":"https:\/\/www.dacgroup.com\/de\/#organization"},"potentialAction":[{"@type":"SearchAction","target":{"@type":"EntryPoint","urlTemplate":"https:\/\/www.dacgroup.com\/de\/?s={search_term_string}"},"query-input":{"@type":"PropertyValueSpecification","valueRequired":true,"valueName":"search_term_string"}}],"inLanguage":"de-DE"},{"@type":"Organization","@id":"https:\/\/www.dacgroup.com\/de\/#organization","name":"DAC group","alternateName":"DAC","url":"https:\/\/www.dacgroup.com\/de\/","logo":{"@type":"ImageObject","inLanguage":"de-DE","@id":"https:\/\/www.dacgroup.com\/de\/#\/schema\/logo\/image\/","url":"https:\/\/www.dacgroup.com\/wp-content\/uploads\/2024\/09\/DAC-logo.svg","contentUrl":"https:\/\/www.dacgroup.com\/wp-content\/uploads\/2024\/09\/DAC-logo.svg","caption":"DAC group"},"image":{"@id":"https:\/\/www.dacgroup.com\/de\/#\/schema\/logo\/image\/"},"sameAs":["https:\/\/www.facebook.com\/DACGroup","https:\/\/x.com\/DAC_group","https:\/\/www.linkedin.com\/company\/dac-group\/","https:\/\/www.instagram.com\/dac_group\/","https:\/\/www.youtube.com\/user\/DACgroup1976"]}]}},"_links":{"self":[{"href":"https:\/\/www.dacgroup.com\/de\/wp-json\/wp\/v2\/pages\/7551","targetHints":{"allow":["GET"]}}],"collection":[{"href":"https:\/\/www.dacgroup.com\/de\/wp-json\/wp\/v2\/pages"}],"about":[{"href":"https:\/\/www.dacgroup.com\/de\/wp-json\/wp\/v2\/types\/page"}],"author":[{"embeddable":true,"href":"https:\/\/www.dacgroup.com\/de\/wp-json\/wp\/v2\/users\/13"}],"replies":[{"embeddable":true,"href":"https:\/\/www.dacgroup.com\/de\/wp-json\/wp\/v2\/comments?post=7551"}],"version-history":[{"count":0,"href":"https:\/\/www.dacgroup.com\/de\/wp-json\/wp\/v2\/pages\/7551\/revisions"}],"wp:attachment":[{"href":"https:\/\/www.dacgroup.com\/de\/wp-json\/wp\/v2\/media?parent=7551"}],"curies":[{"name":"wp","href":"https:\/\/api.w.org\/{rel}","templated":true}]}}