{"id":6264,"date":"2024-08-30T18:10:11","date_gmt":"2024-08-30T23:10:11","guid":{"rendered":"https:\/\/www.dacgroup.com\/?page_id=6264"},"modified":"2024-09-26T05:32:17","modified_gmt":"2024-09-26T10:32:17","slug":"barrierefreiheit","status":"publish","type":"page","link":"https:\/\/www.dacgroup.com\/de\/barrierefreiheit\/","title":{"rendered":"Barrierefreiheit"},"content":{"rendered":"\n<section id=\"navigation-breadcrumb\" class=\"container mt-5 mb-3\">\n    \n                            <a href=\"https:\/\/www.dacgroup.com\/\/\">\n                    DAC                <\/a>\n\n                <span class=\"px-2\">\n                    <svg version=\"1.1\" id=\"Layer_1\" xmlns=\"http:\/\/www.w3.org\/2000\/svg\"\n                         xmlns:xlink=\"http:\/\/www.w3.org\/1999\/xlink\" x=\"0px\" y=\"0px\" viewBox=\"0 0 6.8 11.4\"\n                         style=\"enable-background:new 0 0 6.8 11.4;width: 15px;padding: 0px 5px;\" xml:space=\"preserve\"\n                         tabindex=\"-1\">\n                        <g tabindex=\"-1\">\n                            <g tabindex=\"-1\">\n                                <polygon points=\"0.3,1.4 4.6,5.7 0.3,10 1.4,11.1 6.8,5.7 1.4,0.3 \t\t\" tabindex=\"-1\"><\/polygon>\n                            <\/g>\n                            <path d=\"M0.2,10.1l2.4-2.4c0.3-0.3,0.8-0.3,1.1,0l0,0C4,8,4,8.5,3.7,8.8l-2.4,2.4c-0.3,0.3-0.8,0.3-1.1,0l0,0\n                                C0,10.9,0,10.4,0.2,10.1z\" tabindex=\"-1\"><\/path>\n                            <path d=\"M3.7,2.6L1.3,0.2C1-0.1,0.5-0.1,0.2,0.2l0,0c-0.3,0.3-0.3,0.8,0,1.1l2.4,2.4C2.9,4,3.4,4,3.7,3.7l0,0C4,3.4,4,2.9,3.7,2.6z\n                                \" tabindex=\"-1\"><\/path>\n                        <\/g>\n                    <\/svg>\n                <\/span>\n            \n        \n                            <p>\n                    Barrierefreiheit                <\/p>\n            \n        \n<\/section>\n\n\n\n<section id=\"title-accordion\" class=\"container\">\n\n    <h3> Barrierefreiheit bei der DAC Group<\/h3>\n\n    <div>\n        <div class=\"accordion services-loop accordion-container\">\n                                <div class=\"accordion-item\">\n                        <h3 class=\"accordion-header\" id=\"heading-1\" data-role=\"accordion-item-header\">\n                            <button class=\"accordion-button ps-0 collapsed\" type=\"button\" data-bs-toggle=\"collapse\" data-bs-target=\"#collapse-1\" aria-expanded=\"false\" aria-controls=\"collapse-1\">\n                                Datenschutzbestimmungen                            <\/button>\n                        <\/h3>\n                        <div id=\"collapse-1\" class=\"accordion-collapse collapse\" aria-labelledby=\"heading-1\" data-bs-parent=\"#services-home-accordion\">\n                            <div class=\"accordion-body\">\n                                <div class=\"panel-body\">\r\n      <div id=\"stcpDiv\">\r\n<p>Die DAC Group verpflichtet sich zur Einhaltung der in der AODA (Accessibility for Ontarians with Disabilities Act) dargestellten Richtlinien. Wann immer m\u00f6glich, wird die DAC Group Waren und Dienstleistungen f\u00fcr Menschen mit Behinderungen in einer Weise anbieten, die mit den Grunds\u00e4tzen der <strong>W\u00fcrde<\/strong>, <strong>Unabh\u00e4ngigkeit<\/strong>, <strong>Integrit\u00e4t und Chancengleichheit des Gesetzes vereinbar ist<\/strong>. Die DAC Group ist bestrebt, ein sicheres, inklusives Umfeld f\u00fcr ihre Mitarbeiter, Kunden und die Gesellschaft zu schaffen.<\/p>\r\n<h2>Material Richtlinien<\/h2>\r\n<ul style=\"padding-left: 16px\">\r\n<li><a href=\"\/de\/barrierefreiheit\/barrierefreier-kundenservice\/\">Barrierefreier Kundenservice<\/a><\/li>\r\n<li><a href=\"\/de\/barrierefreiheit\/erklarung-zum-organisationsengagement-dac-group\/\">DAC Barrierefreiheit: Erkl\u00e4rung zum Organisationsengagement<\/a><\/li>\r\n<li><a href=\"\/de\/barrierefreiheit\/normen-fur-die-barrierefreiheit\/\">AODA-Verordnung \u00fcber integrierte Normen f\u00fcr die Barrierefreiheit \u2013 Informations- und Kommunikationsstandards<\/a><\/li>\r\n<li><a href=\"\/de\/barrierefreiheit\/mehrjahresplan-zur-barrierefreiheit\/\">DAC Group \u2013 Mehrjahresplan zur Barrierefreiheit<\/a><\/li>\r\n<\/ul>\r\n<h2>Tipps zum Surfen auf der DAC Group-Website<\/h2>\r\n<p>Einige barrierefreie Funktionen sind in Betriebssystemen und Webbrowser integriert. Probieren Sie die folgenden M\u00f6glichkeiten aus, um das Surfen im Internet zu vereinfachen:<\/p>\r\n<h2>Vergr\u00f6\u00dfern Sie den Bildschirm<\/h2>\r\n<p>Viele Webbrowser erm\u00f6glichen es Ihnen, Webseiten mit einfachen Tastatursteuerungen zu vergr\u00f6\u00dfern. Mit der Lupe k\u00f6nnen Sie sich auf bestimmte Bereiche des Bildschirms konzentrieren und den Text und andere Seitenelemente vergr\u00f6\u00dfern.<\/p>\r\n<h2>Windows-Betriebssysteme<\/h2>\r\n<p>Dr\u00fccken Sie Strg und +, um eine Webseite zu vergr\u00f6\u00dfern.<br>\r\nDr\u00fccken Sie Strg und \u2013 zum Verkleinern.<\/p>\r\n<h2>Mac-Betriebssysteme<\/h2>\r\n<p>Dr\u00fccken Sie Cmd und +, um eine Webseite zu vergr\u00f6\u00dfern.<br>\r\nDr\u00fccken Sie Cmd und \u2013 zum Verkleinern.<\/p>\r\n<\/div>\r\n      <\/div>                            <\/div>\n                        <\/div>\n                    <\/div>\n                        <\/div>\n    <\/div>\n\n<\/section>\n\n","protected":false},"excerpt":{"rendered":"","protected":false},"author":13,"featured_media":0,"parent":0,"menu_order":0,"comment_status":"closed","ping_status":"closed","template":"page-templates\/page-dac-gutenberg.php","meta":{"content-type":"","footnotes":""},"class_list":["post-6264","page","type-page","status-publish","hentry"],"acf":[],"yoast_head":"<!-- This site is optimized with the Yoast SEO plugin v23.7 - https:\/\/yoast.com\/wordpress\/plugins\/seo\/ -->\n<title>Barrierefreiheit | DAC<\/title>\n<meta name=\"robots\" content=\"index, follow, max-snippet:-1, max-image-preview:large, max-video-preview:-1\" \/>\n<link rel=\"canonical\" href=\"https:\/\/www.dacgroup.com\/de\/barrierefreiheit\/\" \/>\n<meta property=\"og:locale\" content=\"de_DE\" \/>\n<meta property=\"og:type\" content=\"article\" \/>\n<meta property=\"og:title\" content=\"Barrierefreiheit | DAC\" \/>\n<meta property=\"og:url\" content=\"https:\/\/www.dacgroup.com\/de\/barrierefreiheit\/\" \/>\n<meta property=\"og:site_name\" content=\"DAC\" \/>\n<meta property=\"article:publisher\" content=\"https:\/\/www.facebook.com\/DACGroup\" \/>\n<meta property=\"article:modified_time\" content=\"2024-09-26T10:32:17+00:00\" \/>\n<meta name=\"twitter:card\" content=\"summary_large_image\" \/>\n<meta name=\"twitter:image\" content=\"https:\/\/www.dacgroup.com\/wp-content\/uploads\/2024\/09\/DAC-logo.svg\" \/>\n<meta name=\"twitter:site\" content=\"@DAC_group\" \/>\n<script type=\"application\/ld+json\" class=\"yoast-schema-graph\">{\"@context\":\"https:\/\/schema.org\",\"@graph\":[{\"@type\":\"WebPage\",\"@id\":\"https:\/\/www.dacgroup.com\/de\/barrierefreiheit\/\",\"url\":\"https:\/\/www.dacgroup.com\/de\/barrierefreiheit\/\",\"name\":\"Barrierefreiheit | DAC\",\"isPartOf\":{\"@id\":\"https:\/\/www.dacgroup.com\/de\/#website\"},\"datePublished\":\"2024-08-30T23:10:11+00:00\",\"dateModified\":\"2024-09-26T10:32:17+00:00\",\"breadcrumb\":{\"@id\":\"https:\/\/www.dacgroup.com\/de\/barrierefreiheit\/#breadcrumb\"},\"inLanguage\":\"de-DE\",\"potentialAction\":[{\"@type\":\"ReadAction\",\"target\":[\"https:\/\/www.dacgroup.com\/de\/barrierefreiheit\/\"]}]},{\"@type\":\"BreadcrumbList\",\"@id\":\"https:\/\/www.dacgroup.com\/de\/barrierefreiheit\/#breadcrumb\",\"itemListElement\":[{\"@type\":\"ListItem\",\"position\":1,\"name\":\"Home\",\"item\":\"https:\/\/www.dacgroup.com\/de\/\"},{\"@type\":\"ListItem\",\"position\":2,\"name\":\"Barrierefreiheit\"}]},{\"@type\":\"WebSite\",\"@id\":\"https:\/\/www.dacgroup.com\/de\/#website\",\"url\":\"https:\/\/www.dacgroup.com\/de\/\",\"name\":\"DAC group\",\"description\":\"DAC\",\"publisher\":{\"@id\":\"https:\/\/www.dacgroup.com\/de\/#organization\"},\"potentialAction\":[{\"@type\":\"SearchAction\",\"target\":{\"@type\":\"EntryPoint\",\"urlTemplate\":\"https:\/\/www.dacgroup.com\/de\/?s={search_term_string}\"},\"query-input\":{\"@type\":\"PropertyValueSpecification\",\"valueRequired\":true,\"valueName\":\"search_term_string\"}}],\"inLanguage\":\"de-DE\"},{\"@type\":\"Organization\",\"@id\":\"https:\/\/www.dacgroup.com\/de\/#organization\",\"name\":\"DAC group\",\"alternateName\":\"DAC\",\"url\":\"https:\/\/www.dacgroup.com\/de\/\",\"logo\":{\"@type\":\"ImageObject\",\"inLanguage\":\"de-DE\",\"@id\":\"https:\/\/www.dacgroup.com\/de\/#\/schema\/logo\/image\/\",\"url\":\"https:\/\/www.dacgroup.com\/wp-content\/uploads\/2024\/09\/DAC-logo.svg\",\"contentUrl\":\"https:\/\/www.dacgroup.com\/wp-content\/uploads\/2024\/09\/DAC-logo.svg\",\"caption\":\"DAC group\"},\"image\":{\"@id\":\"https:\/\/www.dacgroup.com\/de\/#\/schema\/logo\/image\/\"},\"sameAs\":[\"https:\/\/www.facebook.com\/DACGroup\",\"https:\/\/x.com\/DAC_group\",\"https:\/\/www.linkedin.com\/company\/dac-group\/\",\"https:\/\/www.instagram.com\/dac_group\/\",\"https:\/\/www.youtube.com\/user\/DACgroup1976\"]}]}<\/script>\n<!-- \/ Yoast SEO plugin. -->","yoast_head_json":{"title":"Barrierefreiheit | DAC","robots":{"index":"index","follow":"follow","max-snippet":"max-snippet:-1","max-image-preview":"max-image-preview:large","max-video-preview":"max-video-preview:-1"},"canonical":"https:\/\/www.dacgroup.com\/de\/barrierefreiheit\/","og_locale":"de_DE","og_type":"article","og_title":"Barrierefreiheit | DAC","og_url":"https:\/\/www.dacgroup.com\/de\/barrierefreiheit\/","og_site_name":"DAC","article_publisher":"https:\/\/www.facebook.com\/DACGroup","article_modified_time":"2024-09-26T10:32:17+00:00","twitter_card":"summary_large_image","twitter_image":"https:\/\/www.dacgroup.com\/wp-content\/uploads\/2024\/09\/DAC-logo.svg","twitter_site":"@DAC_group","schema":{"@context":"https:\/\/schema.org","@graph":[{"@type":"WebPage","@id":"https:\/\/www.dacgroup.com\/de\/barrierefreiheit\/","url":"https:\/\/www.dacgroup.com\/de\/barrierefreiheit\/","name":"Barrierefreiheit | DAC","isPartOf":{"@id":"https:\/\/www.dacgroup.com\/de\/#website"},"datePublished":"2024-08-30T23:10:11+00:00","dateModified":"2024-09-26T10:32:17+00:00","breadcrumb":{"@id":"https:\/\/www.dacgroup.com\/de\/barrierefreiheit\/#breadcrumb"},"inLanguage":"de-DE","potentialAction":[{"@type":"ReadAction","target":["https:\/\/www.dacgroup.com\/de\/barrierefreiheit\/"]}]},{"@type":"BreadcrumbList","@id":"https:\/\/www.dacgroup.com\/de\/barrierefreiheit\/#breadcrumb","itemListElement":[{"@type":"ListItem","position":1,"name":"Home","item":"https:\/\/www.dacgroup.com\/de\/"},{"@type":"ListItem","position":2,"name":"Barrierefreiheit"}]},{"@type":"WebSite","@id":"https:\/\/www.dacgroup.com\/de\/#website","url":"https:\/\/www.dacgroup.com\/de\/","name":"DAC group","description":"DAC","publisher":{"@id":"https:\/\/www.dacgroup.com\/de\/#organization"},"potentialAction":[{"@type":"SearchAction","target":{"@type":"EntryPoint","urlTemplate":"https:\/\/www.dacgroup.com\/de\/?s={search_term_string}"},"query-input":{"@type":"PropertyValueSpecification","valueRequired":true,"valueName":"search_term_string"}}],"inLanguage":"de-DE"},{"@type":"Organization","@id":"https:\/\/www.dacgroup.com\/de\/#organization","name":"DAC group","alternateName":"DAC","url":"https:\/\/www.dacgroup.com\/de\/","logo":{"@type":"ImageObject","inLanguage":"de-DE","@id":"https:\/\/www.dacgroup.com\/de\/#\/schema\/logo\/image\/","url":"https:\/\/www.dacgroup.com\/wp-content\/uploads\/2024\/09\/DAC-logo.svg","contentUrl":"https:\/\/www.dacgroup.com\/wp-content\/uploads\/2024\/09\/DAC-logo.svg","caption":"DAC group"},"image":{"@id":"https:\/\/www.dacgroup.com\/de\/#\/schema\/logo\/image\/"},"sameAs":["https:\/\/www.facebook.com\/DACGroup","https:\/\/x.com\/DAC_group","https:\/\/www.linkedin.com\/company\/dac-group\/","https:\/\/www.instagram.com\/dac_group\/","https:\/\/www.youtube.com\/user\/DACgroup1976"]}]}},"_links":{"self":[{"href":"https:\/\/www.dacgroup.com\/de\/wp-json\/wp\/v2\/pages\/6264","targetHints":{"allow":["GET"]}}],"collection":[{"href":"https:\/\/www.dacgroup.com\/de\/wp-json\/wp\/v2\/pages"}],"about":[{"href":"https:\/\/www.dacgroup.com\/de\/wp-json\/wp\/v2\/types\/page"}],"author":[{"embeddable":true,"href":"https:\/\/www.dacgroup.com\/de\/wp-json\/wp\/v2\/users\/13"}],"replies":[{"embeddable":true,"href":"https:\/\/www.dacgroup.com\/de\/wp-json\/wp\/v2\/comments?post=6264"}],"version-history":[{"count":0,"href":"https:\/\/www.dacgroup.com\/de\/wp-json\/wp\/v2\/pages\/6264\/revisions"}],"wp:attachment":[{"href":"https:\/\/www.dacgroup.com\/de\/wp-json\/wp\/v2\/media?parent=6264"}],"curies":[{"name":"wp","href":"https:\/\/api.w.org\/{rel}","templated":true}]}}